{"id":52605,"date":"2023-05-16T19:49:03","date_gmt":"2023-05-16T19:49:03","guid":{"rendered":"https:\/\/filtertech.ca\/product\/element-de-filtre-a-air-o-ext-10-1-2-o-int-7-7-8-hauteur-totale-12-3-16-nortech-guardair-n635\/"},"modified":"2026-03-30T13:44:50","modified_gmt":"2026-03-30T13:44:50","slug":"element-de-filtre-a-air-o-ext-10-1-2-o-int-7-7-8-hauteur-totale-12-3-16-nortech-guardair-n635","status":"publish","type":"product","link":"https:\/\/filtertech.ca\/fr\/produit\/element-de-filtre-a-air-o-ext-10-1-2-o-int-7-7-8-hauteur-totale-12-3-16-nortech-guardair-n635\/","title":{"rendered":"\u00c9l\u00e9ment de filtre \u00e0 air, \u00d8 ext. 10-1\/2, \u00d8 int. 7-7\/8, hauteur totale 12-3\/16, Nortech Guardair N635"},"content":{"rendered":"<p>\u00c9l\u00e9ment de filtre \u00e0 air, \u00d8 ext. 10-1\/2, \u00d8 int. 7-7\/8, hauteur totale 12-3\/16, remplace lOEM, Nortech, Guardair N635, Hafcovac HV-7037-6<\/p>\n","protected":false},"excerpt":{"rendered":"<p><strong>Num\u00e9ro de pi\u00e8ce&nbsp;:<\/strong> A1032<\/p>\n<p><strong>Diam\u00e8tre ext\u00e9rieur&nbsp;:<\/strong> 10.56<\/p>\n<p><strong>Diam\u00e8tre int\u00e9rieur :<\/strong> 7,875<\/p>\n<p><strong>Hauteur totale&nbsp;:<\/strong> 12.1875<\/p>\n<p><strong>Style d\u2019embout :<\/strong> Moul\u00e9<\/p>\n<p><strong>Type de m\u00e9dia&nbsp;:<\/strong> papier<\/p>\n<p><strong>Efficacit\u00e9 nominale&nbsp;:<\/strong> 2 microns<\/p>\n<p><strong>Quantit\u00e9 par bo\u00eete&nbsp;:<\/strong> 1<\/p>\n<p><strong>D\u00e9lai de livraison :<\/strong> Exp\u00e9dition le jour m\u00eame<\/p>\n<p><strong>Lieu d\u2019origine :<\/strong> Montr\u00e9al, QC, Canada<\/p>\n<p>&nbsp;<\/p>\n","protected":false},"featured_media":26242,"template":"","meta":{"_acf_changed":false},"product_brand":[],"product_cat":[6637],"product_tag":[12142],"yarn_type":[],"micron":[],"media":[9427],"size":[],"outside_diameter":[8049],"inside_diameter":[11523],"overall_diameter":[12143],"end_cap":[11606],"efficiency":[9430],"support_core":[11612],"pleat_count":[],"class_list":{"0":"post-52605","1":"product","2":"type-product","3":"status-publish","4":"has-post-thumbnail","6":"product_cat-air-filtration","7":"product_tag-a1035","8":"media-papier","9":"outside_diameter-10-5","10":"inside_diameter-7-875","11":"overall_diameter-12-1875","12":"end_cap-moule-ouvert-metal-ferme","13":"efficiency-2-microns","14":"support_core-treillis-en-acier-galvanise-calibre-24-interieur-exterieur","15":"entry","16":"has-media","18":"first","19":"instock","20":"product-type-simple"},"acf":[],"_links":{"self":[{"href":"https:\/\/filtertech.ca\/fr\/wp-json\/wp\/v2\/product\/52605","targetHints":{"allow":["GET"]}}],"collection":[{"href":"https:\/\/filtertech.ca\/fr\/wp-json\/wp\/v2\/product"}],"about":[{"href":"https:\/\/filtertech.ca\/fr\/wp-json\/wp\/v2\/types\/product"}],"wp:featuredmedia":[{"embeddable":true,"href":"https:\/\/filtertech.ca\/fr\/wp-json\/wp\/v2\/media\/26242"}],"wp:attachment":[{"href":"https:\/\/filtertech.ca\/fr\/wp-json\/wp\/v2\/media?parent=52605"}],"wp:term":[{"taxonomy":"product_brand","embeddable":true,"href":"https:\/\/filtertech.ca\/fr\/wp-json\/wp\/v2\/product_brand?post=52605"},{"taxonomy":"product_cat","embeddable":true,"href":"https:\/\/filtertech.ca\/fr\/wp-json\/wp\/v2\/product_cat?post=52605"},{"taxonomy":"product_tag","embeddable":true,"href":"https:\/\/filtertech.ca\/fr\/wp-json\/wp\/v2\/product_tag?post=52605"},{"taxonomy":"yarn_type","embeddable":true,"href":"https:\/\/filtertech.ca\/fr\/wp-json\/wp\/v2\/yarn_type?post=52605"},{"taxonomy":"micron","embeddable":true,"href":"https:\/\/filtertech.ca\/fr\/wp-json\/wp\/v2\/micron?post=52605"},{"taxonomy":"media","embeddable":true,"href":"https:\/\/filtertech.ca\/fr\/wp-json\/wp\/v2\/media?post=52605"},{"taxonomy":"size","embeddable":true,"href":"https:\/\/filtertech.ca\/fr\/wp-json\/wp\/v2\/size?post=52605"},{"taxonomy":"outside_diameter","embeddable":true,"href":"https:\/\/filtertech.ca\/fr\/wp-json\/wp\/v2\/outside_diameter?post=52605"},{"taxonomy":"inside_diameter","embeddable":true,"href":"https:\/\/filtertech.ca\/fr\/wp-json\/wp\/v2\/inside_diameter?post=52605"},{"taxonomy":"overall_diameter","embeddable":true,"href":"https:\/\/filtertech.ca\/fr\/wp-json\/wp\/v2\/overall_diameter?post=52605"},{"taxonomy":"end_cap","embeddable":true,"href":"https:\/\/filtertech.ca\/fr\/wp-json\/wp\/v2\/end_cap?post=52605"},{"taxonomy":"efficiency","embeddable":true,"href":"https:\/\/filtertech.ca\/fr\/wp-json\/wp\/v2\/efficiency?post=52605"},{"taxonomy":"support_core","embeddable":true,"href":"https:\/\/filtertech.ca\/fr\/wp-json\/wp\/v2\/support_core?post=52605"},{"taxonomy":"pleat_count","embeddable":true,"href":"https:\/\/filtertech.ca\/fr\/wp-json\/wp\/v2\/pleat_count?post=52605"}],"curies":[{"name":"wp","href":"https:\/\/api.w.org\/{rel}","templated":true}]}}