{"id":52539,"date":"2021-02-13T04:08:09","date_gmt":"2021-02-13T04:08:09","guid":{"rendered":"https:\/\/filtertech.ca\/product\/element-filtrant-moule-de-3875-di-2375-hauteur-totale-275-4\/"},"modified":"2026-03-30T07:31:17","modified_gmt":"2026-03-30T07:31:17","slug":"element-filtrant-moule-de-3875-di-2375-hauteur-totale-275-4","status":"publish","type":"product","link":"https:\/\/filtertech.ca\/fr\/produit\/element-filtrant-moule-de-3875-di-2375-hauteur-totale-275-4\/","title":{"rendered":"\u00c9l\u00e9ment filtrant moul\u00e9, DE 3,875, DI 2,375, hauteur totale 2,75"},"content":{"rendered":"<p>\u00c9l\u00e9ment filtrant moul\u00e9, DE 3,875, DI 2,375, hauteur totale 2,75<\/p>\n","protected":false},"excerpt":{"rendered":"<p><strong>Num\u00e9ro de pi\u00e8ce :<\/strong> A2061<\/p>\n<p><strong>Diam\u00e8tre ext\u00e9rieur&nbsp;:<\/strong> 3,875<\/p>\n<p><strong>Diam\u00e8tre int\u00e9rieur&nbsp;:<\/strong> 2,375<\/p>\n<p><strong>Hauteur totale&nbsp;:<\/strong> 2,75<\/p>\n<p><strong>Style d&#8217;embout :<\/strong> M\u00e9tal &#8211; Ouvert\/Ouvert (sans joint)<\/p>\n<p><strong>Type de m\u00e9dia :<\/strong> Feutre polyester\/pr\u00e9filtre<\/p>\n<p><strong>Efficacit\u00e9 de filtration :<\/strong> 5 microns<\/p>\n<p><strong>Support de noyau :<\/strong> Treillis int\u00e9rieur-ext\u00e9rieur, calibre 22<\/p>\n<p> <strong> Quantit\u00e9 par bo\u00eete :<\/strong> 36<\/p>\n<p><strong>D\u00e9lai de livraison :<\/strong> 2 semaines<\/p>\n<p><strong>Lieu d\u2019origine :<\/strong> Montr\u00e9al, QC, Canada<\/p>\n<p><strong><\/p>\n","protected":false},"featured_media":0,"template":"","meta":{"_acf_changed":false},"product_brand":[],"product_cat":[6637],"product_tag":[12099],"yarn_type":[],"micron":[],"media":[12086],"size":[],"outside_diameter":[9757],"inside_diameter":[9758],"overall_diameter":[9745],"end_cap":[11681],"efficiency":[8030],"support_core":[9493],"pleat_count":[],"class_list":{"0":"post-52539","1":"product","2":"type-product","3":"status-publish","5":"product_cat-air-filtration","6":"product_tag-a2061","7":"media-feutre-en-polyester-prefiltre","8":"outside_diameter-3-875","9":"inside_diameter-2-375","10":"overall_diameter-2-75","11":"end_cap-metal-ouvert-ouvert-sans-joint","12":"efficiency-5-microns","13":"support_core-grillage-interieur-exterieur-calibre-22","14":"entry","16":"first","17":"instock","18":"product-type-simple"},"acf":[],"_links":{"self":[{"href":"https:\/\/filtertech.ca\/fr\/wp-json\/wp\/v2\/product\/52539","targetHints":{"allow":["GET"]}}],"collection":[{"href":"https:\/\/filtertech.ca\/fr\/wp-json\/wp\/v2\/product"}],"about":[{"href":"https:\/\/filtertech.ca\/fr\/wp-json\/wp\/v2\/types\/product"}],"wp:attachment":[{"href":"https:\/\/filtertech.ca\/fr\/wp-json\/wp\/v2\/media?parent=52539"}],"wp:term":[{"taxonomy":"product_brand","embeddable":true,"href":"https:\/\/filtertech.ca\/fr\/wp-json\/wp\/v2\/product_brand?post=52539"},{"taxonomy":"product_cat","embeddable":true,"href":"https:\/\/filtertech.ca\/fr\/wp-json\/wp\/v2\/product_cat?post=52539"},{"taxonomy":"product_tag","embeddable":true,"href":"https:\/\/filtertech.ca\/fr\/wp-json\/wp\/v2\/product_tag?post=52539"},{"taxonomy":"yarn_type","embeddable":true,"href":"https:\/\/filtertech.ca\/fr\/wp-json\/wp\/v2\/yarn_type?post=52539"},{"taxonomy":"micron","embeddable":true,"href":"https:\/\/filtertech.ca\/fr\/wp-json\/wp\/v2\/micron?post=52539"},{"taxonomy":"media","embeddable":true,"href":"https:\/\/filtertech.ca\/fr\/wp-json\/wp\/v2\/media?post=52539"},{"taxonomy":"size","embeddable":true,"href":"https:\/\/filtertech.ca\/fr\/wp-json\/wp\/v2\/size?post=52539"},{"taxonomy":"outside_diameter","embeddable":true,"href":"https:\/\/filtertech.ca\/fr\/wp-json\/wp\/v2\/outside_diameter?post=52539"},{"taxonomy":"inside_diameter","embeddable":true,"href":"https:\/\/filtertech.ca\/fr\/wp-json\/wp\/v2\/inside_diameter?post=52539"},{"taxonomy":"overall_diameter","embeddable":true,"href":"https:\/\/filtertech.ca\/fr\/wp-json\/wp\/v2\/overall_diameter?post=52539"},{"taxonomy":"end_cap","embeddable":true,"href":"https:\/\/filtertech.ca\/fr\/wp-json\/wp\/v2\/end_cap?post=52539"},{"taxonomy":"efficiency","embeddable":true,"href":"https:\/\/filtertech.ca\/fr\/wp-json\/wp\/v2\/efficiency?post=52539"},{"taxonomy":"support_core","embeddable":true,"href":"https:\/\/filtertech.ca\/fr\/wp-json\/wp\/v2\/support_core?post=52539"},{"taxonomy":"pleat_count","embeddable":true,"href":"https:\/\/filtertech.ca\/fr\/wp-json\/wp\/v2\/pleat_count?post=52539"}],"curies":[{"name":"wp","href":"https:\/\/api.w.org\/{rel}","templated":true}]}}