{"id":52503,"date":"2021-02-13T04:07:43","date_gmt":"2021-02-13T04:07:43","guid":{"rendered":"https:\/\/filtertech.ca\/product\/element-filtrant-moule-1175-de-8-di-145-hauteur-totale-solberg-374p\/"},"modified":"2026-03-30T12:36:03","modified_gmt":"2026-03-30T12:36:03","slug":"element-filtrant-moule-1175-de-8-di-145-hauteur-totale-solberg-374p","status":"publish","type":"product","link":"https:\/\/filtertech.ca\/fr\/produit\/element-filtrant-moule-1175-de-8-di-145-hauteur-totale-solberg-374p\/","title":{"rendered":"\u00c9l\u00e9ment filtrant moul\u00e9, 11,75 DE, 8 DI, 14,5 hauteur totale, Solberg 374P"},"content":{"rendered":"<p>\u00c9l\u00e9ment filtrant moul\u00e9, DE 11,75, DI 8, hauteur totale 14,5<\/p>\n","protected":false},"excerpt":{"rendered":"<p><strong>Num\u00e9ro de pi\u00e8ce :<\/strong> A2021<\/p>\n<p><strong>Diam\u00e8tre ext\u00e9rieur :<\/strong> 11,75<\/p>\n<p><strong>Diam\u00e8tre int\u00e9rieur :<\/strong> 8<\/p>\n<p><strong>Hauteur totale :<\/strong> 14,5<\/p>\n<p><strong>Style d\u2019embout :<\/strong> M\u00e9tal &#8211; Ouvert\/Ouvert<\/p>\n<p><strong>Type de m\u00e9dia&nbsp;:<\/strong> Papier\/pr\u00e9filtre<\/p>\n<p><strong>Efficacit\u00e9 nominale&nbsp;:<\/strong> 2 microns<\/p>\n<p><strong>Support de noyau :<\/strong> Treillis int\u00e9rieur-ext\u00e9rieur, calibre 22<\/p>\n<p> <strong> Quantit\u00e9 par bo\u00eete :<\/strong> 2<\/p>\n<p><strong>D\u00e9lai de livraison :<\/strong> Exp\u00e9dition le jour m\u00eame<\/p>\n<p><strong>Lieu d\u2019origine :<\/strong> Montr\u00e9al, QC, Canada<\/p>\n<p>&nbsp;<\/p>\n","protected":false},"featured_media":26185,"template":"","meta":{"_acf_changed":false},"product_brand":[],"product_cat":[6637],"product_tag":[11701],"yarn_type":[],"micron":[],"media":[12071],"size":[],"outside_diameter":[9640],"inside_diameter":[9642],"overall_diameter":[8069],"end_cap":[11569],"efficiency":[9430],"support_core":[9493],"pleat_count":[],"class_list":{"0":"post-52503","1":"product","2":"type-product","3":"status-publish","4":"has-post-thumbnail","6":"product_cat-air-filtration","7":"product_tag-solberg","8":"media-papier-prefiltre","9":"outside_diameter-11-75","10":"inside_diameter-9642","11":"overall_diameter-14-5","12":"end_cap-metal-ouvert-ouvert","13":"efficiency-2-microns","14":"support_core-grillage-interieur-exterieur-calibre-22","15":"entry","16":"has-media","18":"first","19":"instock","20":"product-type-simple"},"acf":[],"_links":{"self":[{"href":"https:\/\/filtertech.ca\/fr\/wp-json\/wp\/v2\/product\/52503","targetHints":{"allow":["GET"]}}],"collection":[{"href":"https:\/\/filtertech.ca\/fr\/wp-json\/wp\/v2\/product"}],"about":[{"href":"https:\/\/filtertech.ca\/fr\/wp-json\/wp\/v2\/types\/product"}],"wp:featuredmedia":[{"embeddable":true,"href":"https:\/\/filtertech.ca\/fr\/wp-json\/wp\/v2\/media\/26185"}],"wp:attachment":[{"href":"https:\/\/filtertech.ca\/fr\/wp-json\/wp\/v2\/media?parent=52503"}],"wp:term":[{"taxonomy":"product_brand","embeddable":true,"href":"https:\/\/filtertech.ca\/fr\/wp-json\/wp\/v2\/product_brand?post=52503"},{"taxonomy":"product_cat","embeddable":true,"href":"https:\/\/filtertech.ca\/fr\/wp-json\/wp\/v2\/product_cat?post=52503"},{"taxonomy":"product_tag","embeddable":true,"href":"https:\/\/filtertech.ca\/fr\/wp-json\/wp\/v2\/product_tag?post=52503"},{"taxonomy":"yarn_type","embeddable":true,"href":"https:\/\/filtertech.ca\/fr\/wp-json\/wp\/v2\/yarn_type?post=52503"},{"taxonomy":"micron","embeddable":true,"href":"https:\/\/filtertech.ca\/fr\/wp-json\/wp\/v2\/micron?post=52503"},{"taxonomy":"media","embeddable":true,"href":"https:\/\/filtertech.ca\/fr\/wp-json\/wp\/v2\/media?post=52503"},{"taxonomy":"size","embeddable":true,"href":"https:\/\/filtertech.ca\/fr\/wp-json\/wp\/v2\/size?post=52503"},{"taxonomy":"outside_diameter","embeddable":true,"href":"https:\/\/filtertech.ca\/fr\/wp-json\/wp\/v2\/outside_diameter?post=52503"},{"taxonomy":"inside_diameter","embeddable":true,"href":"https:\/\/filtertech.ca\/fr\/wp-json\/wp\/v2\/inside_diameter?post=52503"},{"taxonomy":"overall_diameter","embeddable":true,"href":"https:\/\/filtertech.ca\/fr\/wp-json\/wp\/v2\/overall_diameter?post=52503"},{"taxonomy":"end_cap","embeddable":true,"href":"https:\/\/filtertech.ca\/fr\/wp-json\/wp\/v2\/end_cap?post=52503"},{"taxonomy":"efficiency","embeddable":true,"href":"https:\/\/filtertech.ca\/fr\/wp-json\/wp\/v2\/efficiency?post=52503"},{"taxonomy":"support_core","embeddable":true,"href":"https:\/\/filtertech.ca\/fr\/wp-json\/wp\/v2\/support_core?post=52503"},{"taxonomy":"pleat_count","embeddable":true,"href":"https:\/\/filtertech.ca\/fr\/wp-json\/wp\/v2\/pleat_count?post=52503"}],"curies":[{"name":"wp","href":"https:\/\/api.w.org\/{rel}","templated":true}]}}