{"id":52502,"date":"2021-02-13T04:07:43","date_gmt":"2021-02-13T04:07:43","guid":{"rendered":"https:\/\/filtertech.ca\/product\/element-filtrant-moule-o-ext-925-o-int-4875-hauteur-totale-105\/"},"modified":"2026-03-30T12:37:19","modified_gmt":"2026-03-30T12:37:19","slug":"element-filtrant-moule-o-ext-925-o-int-4875-hauteur-totale-105","status":"publish","type":"product","link":"https:\/\/filtertech.ca\/fr\/produit\/element-filtrant-moule-o-ext-925-o-int-4875-hauteur-totale-105\/","title":{"rendered":"\u00c9l\u00e9ment filtrant moul\u00e9, \u00d8 ext. 9,25, \u00d8 int. 4,875, hauteur totale 10,5"},"content":{"rendered":"<p>\u00c9l\u00e9ment filtrant moul\u00e9, \u00d8 ext. 9,25, \u00d8 int. 4,875, hauteur totale 10,5<\/p>\n","protected":false},"excerpt":{"rendered":"<p><strong>R\u00e9f\u00e9rence :<\/strong> A2016<\/p>\n<p><strong>Diam\u00e8tre ext\u00e9rieur&nbsp;:<\/strong> 9,25<\/p>\n<p><strong>Diam\u00e8tre int\u00e9rieur :<\/strong> 4,875<\/p>\n<p><strong>Hauteur totale&nbsp;:<\/strong> 10,5<\/p>\n<p><strong>Style d\u2019embout :<\/strong> M\u00e9tal &#8211; Ouvert\/Ferm\u00e9<\/p>\n<p><strong>Type de m\u00e9dia&nbsp;:<\/strong> Papier\/pr\u00e9filtre<\/p>\n<p><strong>Efficacit\u00e9 nominale&nbsp;:<\/strong> 2 microns<\/p>\n<p><strong>Support de noyau :<\/strong> Treillis int\u00e9rieur-ext\u00e9rieur, calibre 22<\/p>\n<p> <strong> Quantit\u00e9 par bo\u00eete :<\/strong> 1<\/p>\n<p><strong>D\u00e9lai de livraison :<\/strong> 2 semaines<\/p>\n<p><strong>Lieu d\u2019origine :<\/strong> Montr\u00e9al, QC, Canada<\/p>\n<p>&nbsp;<\/p>\n","protected":false},"featured_media":0,"template":"","meta":{"_acf_changed":false},"product_brand":[],"product_cat":[6637],"product_tag":[12081],"yarn_type":[],"micron":[],"media":[12071],"size":[],"outside_diameter":[8040],"inside_diameter":[11625],"overall_diameter":[8060],"end_cap":[11688],"efficiency":[9430],"support_core":[9493],"pleat_count":[],"class_list":{"0":"post-52502","1":"product","2":"type-product","3":"status-publish","5":"product_cat-air-filtration","6":"product_tag-a2016","7":"media-papier-prefiltre","8":"outside_diameter-9-25","9":"inside_diameter-4-875","10":"overall_diameter-10-5","11":"end_cap-metal-ouvert-ferme","12":"efficiency-2-microns","13":"support_core-grillage-interieur-exterieur-calibre-22","14":"entry","16":"first","17":"instock","18":"product-type-simple"},"acf":[],"_links":{"self":[{"href":"https:\/\/filtertech.ca\/fr\/wp-json\/wp\/v2\/product\/52502","targetHints":{"allow":["GET"]}}],"collection":[{"href":"https:\/\/filtertech.ca\/fr\/wp-json\/wp\/v2\/product"}],"about":[{"href":"https:\/\/filtertech.ca\/fr\/wp-json\/wp\/v2\/types\/product"}],"wp:attachment":[{"href":"https:\/\/filtertech.ca\/fr\/wp-json\/wp\/v2\/media?parent=52502"}],"wp:term":[{"taxonomy":"product_brand","embeddable":true,"href":"https:\/\/filtertech.ca\/fr\/wp-json\/wp\/v2\/product_brand?post=52502"},{"taxonomy":"product_cat","embeddable":true,"href":"https:\/\/filtertech.ca\/fr\/wp-json\/wp\/v2\/product_cat?post=52502"},{"taxonomy":"product_tag","embeddable":true,"href":"https:\/\/filtertech.ca\/fr\/wp-json\/wp\/v2\/product_tag?post=52502"},{"taxonomy":"yarn_type","embeddable":true,"href":"https:\/\/filtertech.ca\/fr\/wp-json\/wp\/v2\/yarn_type?post=52502"},{"taxonomy":"micron","embeddable":true,"href":"https:\/\/filtertech.ca\/fr\/wp-json\/wp\/v2\/micron?post=52502"},{"taxonomy":"media","embeddable":true,"href":"https:\/\/filtertech.ca\/fr\/wp-json\/wp\/v2\/media?post=52502"},{"taxonomy":"size","embeddable":true,"href":"https:\/\/filtertech.ca\/fr\/wp-json\/wp\/v2\/size?post=52502"},{"taxonomy":"outside_diameter","embeddable":true,"href":"https:\/\/filtertech.ca\/fr\/wp-json\/wp\/v2\/outside_diameter?post=52502"},{"taxonomy":"inside_diameter","embeddable":true,"href":"https:\/\/filtertech.ca\/fr\/wp-json\/wp\/v2\/inside_diameter?post=52502"},{"taxonomy":"overall_diameter","embeddable":true,"href":"https:\/\/filtertech.ca\/fr\/wp-json\/wp\/v2\/overall_diameter?post=52502"},{"taxonomy":"end_cap","embeddable":true,"href":"https:\/\/filtertech.ca\/fr\/wp-json\/wp\/v2\/end_cap?post=52502"},{"taxonomy":"efficiency","embeddable":true,"href":"https:\/\/filtertech.ca\/fr\/wp-json\/wp\/v2\/efficiency?post=52502"},{"taxonomy":"support_core","embeddable":true,"href":"https:\/\/filtertech.ca\/fr\/wp-json\/wp\/v2\/support_core?post=52502"},{"taxonomy":"pleat_count","embeddable":true,"href":"https:\/\/filtertech.ca\/fr\/wp-json\/wp\/v2\/pleat_count?post=52502"}],"curies":[{"name":"wp","href":"https:\/\/api.w.org\/{rel}","templated":true}]}}