{"id":52321,"date":"2021-02-12T15:38:37","date_gmt":"2021-02-12T15:38:37","guid":{"rendered":"https:\/\/filtertech.ca\/product\/polypropylene-qualite-fda-3-microns-noyau-en-polypropylene-76-cm-de-long-67-cm-de\/"},"modified":"2026-03-30T12:39:15","modified_gmt":"2026-03-30T12:39:15","slug":"polypropylene-qualite-fda-3-microns-noyau-en-polypropylene-76-cm-de-long-67-cm-de","status":"publish","type":"product","link":"https:\/\/filtertech.ca\/fr\/produit\/polypropylene-qualite-fda-3-microns-noyau-en-polypropylene-76-cm-de-long-67-cm-de\/","title":{"rendered":"Polypropyl\u00e8ne qualit\u00e9 FDA, 3 microns, noyau en polypropyl\u00e8ne, 76 cm de long, 6,7 cm DE"},"content":{"rendered":"<p>Polypropyl\u00e8ne qualit\u00e9 industrielle FDA, 3 microns, noyau en polypropyl\u00e8ne, 76 cm de long, 6,7 cm DE<\/p>\n","protected":false},"excerpt":{"rendered":"<p><strong>Num\u00e9ro de pi\u00e8ce :<\/strong> G003P30D3<\/p>\n<p><strong>Type de fil :<\/strong> Polypropyl\u00e8ne de qualit\u00e9 industrielle<\/p>\n<p><strong>Micron :<\/strong> 3<\/p>\n<p><strong>Mat\u00e9riau du noyau :<\/strong> Polypropyl\u00e8ne<\/p>\n<p><strong>Longueur de la cartouche :<\/strong> 30<\/p>\n<p><strong>Diam\u00e8tre de cartouche :<\/strong> 2,625<\/p>\n<p><strong>Quantit\u00e9 par bo\u00eete :<\/strong> 12<\/p>\n<p><strong>D\u00e9lai de livraison :<\/strong> 2 semaines<\/p>\n<p><strong>Lieu d\u2019origine :<\/strong> Montr\u00e9al, QC, Canada <\/p>\n<p><strong><\/p>\n","protected":false},"featured_media":1155,"template":"","meta":{"_acf_changed":false},"product_brand":[],"product_cat":[6675],"product_tag":[12027],"yarn_type":[9392],"micron":[9408],"media":[],"size":[],"outside_diameter":[],"inside_diameter":[],"overall_diameter":[],"end_cap":[],"efficiency":[],"support_core":[],"pleat_count":[],"class_list":{"0":"post-52321","1":"product","2":"type-product","3":"status-publish","4":"has-post-thumbnail","6":"product_cat-process-filtration","7":"product_tag-g003p30d3","8":"yarn_type-polypropylene-de-qualite-industrielle","9":"micron-9408","10":"core_type-polypropylene","11":"length-9409","12":"diameter-2-625","13":"entry","14":"has-media","16":"first","17":"instock","18":"product-type-simple"},"acf":[],"_links":{"self":[{"href":"https:\/\/filtertech.ca\/fr\/wp-json\/wp\/v2\/product\/52321","targetHints":{"allow":["GET"]}}],"collection":[{"href":"https:\/\/filtertech.ca\/fr\/wp-json\/wp\/v2\/product"}],"about":[{"href":"https:\/\/filtertech.ca\/fr\/wp-json\/wp\/v2\/types\/product"}],"wp:featuredmedia":[{"embeddable":true,"href":"https:\/\/filtertech.ca\/fr\/wp-json\/wp\/v2\/media\/1155"}],"wp:attachment":[{"href":"https:\/\/filtertech.ca\/fr\/wp-json\/wp\/v2\/media?parent=52321"}],"wp:term":[{"taxonomy":"product_brand","embeddable":true,"href":"https:\/\/filtertech.ca\/fr\/wp-json\/wp\/v2\/product_brand?post=52321"},{"taxonomy":"product_cat","embeddable":true,"href":"https:\/\/filtertech.ca\/fr\/wp-json\/wp\/v2\/product_cat?post=52321"},{"taxonomy":"product_tag","embeddable":true,"href":"https:\/\/filtertech.ca\/fr\/wp-json\/wp\/v2\/product_tag?post=52321"},{"taxonomy":"yarn_type","embeddable":true,"href":"https:\/\/filtertech.ca\/fr\/wp-json\/wp\/v2\/yarn_type?post=52321"},{"taxonomy":"micron","embeddable":true,"href":"https:\/\/filtertech.ca\/fr\/wp-json\/wp\/v2\/micron?post=52321"},{"taxonomy":"media","embeddable":true,"href":"https:\/\/filtertech.ca\/fr\/wp-json\/wp\/v2\/media?post=52321"},{"taxonomy":"size","embeddable":true,"href":"https:\/\/filtertech.ca\/fr\/wp-json\/wp\/v2\/size?post=52321"},{"taxonomy":"outside_diameter","embeddable":true,"href":"https:\/\/filtertech.ca\/fr\/wp-json\/wp\/v2\/outside_diameter?post=52321"},{"taxonomy":"inside_diameter","embeddable":true,"href":"https:\/\/filtertech.ca\/fr\/wp-json\/wp\/v2\/inside_diameter?post=52321"},{"taxonomy":"overall_diameter","embeddable":true,"href":"https:\/\/filtertech.ca\/fr\/wp-json\/wp\/v2\/overall_diameter?post=52321"},{"taxonomy":"end_cap","embeddable":true,"href":"https:\/\/filtertech.ca\/fr\/wp-json\/wp\/v2\/end_cap?post=52321"},{"taxonomy":"efficiency","embeddable":true,"href":"https:\/\/filtertech.ca\/fr\/wp-json\/wp\/v2\/efficiency?post=52321"},{"taxonomy":"support_core","embeddable":true,"href":"https:\/\/filtertech.ca\/fr\/wp-json\/wp\/v2\/support_core?post=52321"},{"taxonomy":"pleat_count","embeddable":true,"href":"https:\/\/filtertech.ca\/fr\/wp-json\/wp\/v2\/pleat_count?post=52321"}],"curies":[{"name":"wp","href":"https:\/\/api.w.org\/{rel}","templated":true}]}}