{"id":52103,"date":"2025-02-16T06:47:17","date_gmt":"2025-02-16T06:47:17","guid":{"rendered":"https:\/\/filtertech.ca\/product\/element-filtrant-a-treillis-metallique-grossier-9-7-8-de-x-7-1-4-di-x-4-hauteur-totale\/"},"modified":"2026-03-31T05:55:45","modified_gmt":"2026-03-31T05:55:45","slug":"element-filtrant-a-treillis-metallique-grossier-9-7-8-de-x-7-1-4-di-x-4-hauteur-totale","status":"publish","type":"product","link":"https:\/\/filtertech.ca\/fr\/produit\/element-filtrant-a-treillis-metallique-grossier-9-7-8-de-x-7-1-4-di-x-4-hauteur-totale\/","title":{"rendered":"\u00c9l\u00e9ment filtrant \u00e0 treillis m\u00e9tallique (grossier), 9-7\/8 DE x 7-1\/4 DI x 4 hauteur totale"},"content":{"rendered":"<p>\u00c9l\u00e9ment filtrant, remplace OEM Universal Silencer 81-1037, DE 9-7\/8, DI 7-1\/4, haut. 4, treillis m\u00e9tallique pliss\u00e9, embouts moul\u00e9s, poids  2 lb<\/p>\n","protected":false},"excerpt":{"rendered":"<p><strong>Num\u00e9ro de pi\u00e8ce :<\/strong> F81-0472W<\/p>\n<p><strong>Diam\u00e8tre ext\u00e9rieur :<\/strong> 9,625<\/p>\n<p><strong>Diam\u00e8tre int\u00e9rieur :<\/strong> 7,125<\/p>\n<p><strong>Hauteur totale :<\/strong> 4<\/p>\n<p><strong>Style d\u2019embout :<\/strong> Moul\u00e9<\/p>\n<p><strong>Type de m\u00e9dia :<\/strong> Treillis m\u00e9tallique<\/p>\n<p><strong>Efficacit\u00e9 nominale&nbsp;:<\/strong> 2 microns<\/p>\n<p><strong>Support d\u2019\u00e2me :<\/strong> Treillis galvanis\u00e9 int\u00e9rieur\/ext\u00e9rieur, calibre 22<\/p>\n<p> <strong>Quantit\u00e9 par bo\u00eete :<\/strong> 4<\/p>\n<p><strong>Disponibilit\u00e9 :<\/strong> 2 semaines<\/p>\n<p><strong>Lieu d\u2019origine :<\/strong> Montr\u00e9al, QC, Canada<\/p>\n<p><strong><\/p>\n","protected":false},"featured_media":0,"template":"","meta":{"_acf_changed":false},"product_brand":[],"product_cat":[6637],"product_tag":[11748],"yarn_type":[],"micron":[],"media":[9497],"size":[],"outside_diameter":[8032],"inside_diameter":[8033],"overall_diameter":[8034],"end_cap":[8029],"efficiency":[9430],"support_core":[11750],"pleat_count":[],"class_list":{"0":"post-52103","1":"product","2":"type-product","3":"status-publish","5":"product_cat-air-filtration","6":"product_tag-universel","7":"media-treillis-metallique","8":"outside_diameter-9-625","9":"inside_diameter-7-125","10":"overall_diameter-8034","11":"end_cap-moule","12":"efficiency-2-microns","13":"support_core-grillage-galvanise-interieur-exterieur-calibre-22","14":"entry","16":"first","17":"instock","18":"product-type-simple"},"acf":[],"_links":{"self":[{"href":"https:\/\/filtertech.ca\/fr\/wp-json\/wp\/v2\/product\/52103","targetHints":{"allow":["GET"]}}],"collection":[{"href":"https:\/\/filtertech.ca\/fr\/wp-json\/wp\/v2\/product"}],"about":[{"href":"https:\/\/filtertech.ca\/fr\/wp-json\/wp\/v2\/types\/product"}],"wp:attachment":[{"href":"https:\/\/filtertech.ca\/fr\/wp-json\/wp\/v2\/media?parent=52103"}],"wp:term":[{"taxonomy":"product_brand","embeddable":true,"href":"https:\/\/filtertech.ca\/fr\/wp-json\/wp\/v2\/product_brand?post=52103"},{"taxonomy":"product_cat","embeddable":true,"href":"https:\/\/filtertech.ca\/fr\/wp-json\/wp\/v2\/product_cat?post=52103"},{"taxonomy":"product_tag","embeddable":true,"href":"https:\/\/filtertech.ca\/fr\/wp-json\/wp\/v2\/product_tag?post=52103"},{"taxonomy":"yarn_type","embeddable":true,"href":"https:\/\/filtertech.ca\/fr\/wp-json\/wp\/v2\/yarn_type?post=52103"},{"taxonomy":"micron","embeddable":true,"href":"https:\/\/filtertech.ca\/fr\/wp-json\/wp\/v2\/micron?post=52103"},{"taxonomy":"media","embeddable":true,"href":"https:\/\/filtertech.ca\/fr\/wp-json\/wp\/v2\/media?post=52103"},{"taxonomy":"size","embeddable":true,"href":"https:\/\/filtertech.ca\/fr\/wp-json\/wp\/v2\/size?post=52103"},{"taxonomy":"outside_diameter","embeddable":true,"href":"https:\/\/filtertech.ca\/fr\/wp-json\/wp\/v2\/outside_diameter?post=52103"},{"taxonomy":"inside_diameter","embeddable":true,"href":"https:\/\/filtertech.ca\/fr\/wp-json\/wp\/v2\/inside_diameter?post=52103"},{"taxonomy":"overall_diameter","embeddable":true,"href":"https:\/\/filtertech.ca\/fr\/wp-json\/wp\/v2\/overall_diameter?post=52103"},{"taxonomy":"end_cap","embeddable":true,"href":"https:\/\/filtertech.ca\/fr\/wp-json\/wp\/v2\/end_cap?post=52103"},{"taxonomy":"efficiency","embeddable":true,"href":"https:\/\/filtertech.ca\/fr\/wp-json\/wp\/v2\/efficiency?post=52103"},{"taxonomy":"support_core","embeddable":true,"href":"https:\/\/filtertech.ca\/fr\/wp-json\/wp\/v2\/support_core?post=52103"},{"taxonomy":"pleat_count","embeddable":true,"href":"https:\/\/filtertech.ca\/fr\/wp-json\/wp\/v2\/pleat_count?post=52103"}],"curies":[{"name":"wp","href":"https:\/\/api.w.org\/{rel}","templated":true}]}}