{"id":52102,"date":"2025-02-16T06:47:17","date_gmt":"2025-02-16T06:47:17","guid":{"rendered":"https:\/\/filtertech.ca\/product\/element-filtrant-a-air-en-feutre-polyester-9-3-4-de-x-7-1-4-di-x-6-hauteur-totale-universal-silencer-81-1205\/"},"modified":"2026-03-31T05:23:09","modified_gmt":"2026-03-31T05:23:09","slug":"element-filtrant-a-air-en-feutre-polyester-9-3-4-de-x-7-1-4-di-x-6-hauteur-totale-universal-silencer-81-1205","status":"publish","type":"product","link":"https:\/\/filtertech.ca\/fr\/produit\/element-filtrant-a-air-en-feutre-polyester-9-3-4-de-x-7-1-4-di-x-6-hauteur-totale-universal-silencer-81-1205\/","title":{"rendered":"\u00c9l\u00e9ment filtrant \u00e0 air en feutre polyester, 9-3\/4 DE x 7-1\/4 DI x 6 hauteur totale, Universal Silencer 81-1205"},"content":{"rendered":"<p>\u00c9l\u00e9ment filtrant \u00e0 air, remplace OEM Universal Silencer 81-1205, DE 9-3\/4, DI 7-1\/4, haut. 6, feutre polyester pliss\u00e9, 10 microns, embouts moul\u00e9s, poids  3 lb Convient aux mod\u00e8les Universal Silencer : CCS-2-1\/2, CCS-3, CCS-3, CCS-3-1\/2, CCS-4, CCS-5, CCF-2-1\/2, CCF-3, CCF-3, CCF-3-1\/2, CCF-4, CCF-5, CS-2-1\/2, CS-3, CS-3, CS-3-1\/2, CS-4, CS-5, CF-2-1\/2, CF-3, CF-3, CF-3-1\/2, CF-4 et CF-5<\/p>\n","protected":false},"excerpt":{"rendered":"<p><strong>Num\u00e9ro de pi\u00e8ce :<\/strong> F81-1063F<\/p>\n<p><strong>Diam\u00e8tre ext\u00e9rieur :<\/strong> 9,625<\/p>\n<p><strong>Diam\u00e8tre int\u00e9rieur :<\/strong> 7,125<\/p>\n<p><strong>Hauteur totale :<\/strong> 6<\/p>\n<p><strong>Style d\u2019embout :<\/strong> Moul\u00e9<\/p>\n<p><strong>Type de m\u00e9dia :<\/strong> Feutre de polyester<\/p>\n<p><strong>Efficacit\u00e9 nominale&nbsp;:<\/strong> 2 microns<\/p>\n<p><strong>Support d\u2019\u00e2me :<\/strong> Treillis galvanis\u00e9 int\u00e9rieur\/ext\u00e9rieur, calibre 22<\/p>\n<p> <strong> Quantit\u00e9 par bo\u00eete :<\/strong> 1<\/p>\n<p><strong>Disponibilit\u00e9 :<\/strong> 2 semaines<\/p>\n<p><strong>Lieu d\u2019origine :<\/strong> Montr\u00e9al, QC, Canada<\/p>\n<p>&nbsp;<\/p>\n","protected":false},"featured_media":0,"template":"","meta":{"_acf_changed":false},"product_brand":[],"product_cat":[6637],"product_tag":[11748],"yarn_type":[],"micron":[],"media":[8025],"size":[],"outside_diameter":[8032],"inside_diameter":[8033],"overall_diameter":[8085],"end_cap":[8029],"efficiency":[9430],"support_core":[11750],"pleat_count":[],"class_list":{"0":"post-52102","1":"product","2":"type-product","3":"status-publish","5":"product_cat-air-filtration","6":"product_tag-universel","7":"media-feutre-de-polyester","8":"outside_diameter-9-625","9":"inside_diameter-7-125","10":"overall_diameter-8085","11":"end_cap-moule","12":"efficiency-2-microns","13":"support_core-grillage-galvanise-interieur-exterieur-calibre-22","14":"entry","16":"first","17":"instock","18":"product-type-simple"},"acf":[],"_links":{"self":[{"href":"https:\/\/filtertech.ca\/fr\/wp-json\/wp\/v2\/product\/52102","targetHints":{"allow":["GET"]}}],"collection":[{"href":"https:\/\/filtertech.ca\/fr\/wp-json\/wp\/v2\/product"}],"about":[{"href":"https:\/\/filtertech.ca\/fr\/wp-json\/wp\/v2\/types\/product"}],"wp:attachment":[{"href":"https:\/\/filtertech.ca\/fr\/wp-json\/wp\/v2\/media?parent=52102"}],"wp:term":[{"taxonomy":"product_brand","embeddable":true,"href":"https:\/\/filtertech.ca\/fr\/wp-json\/wp\/v2\/product_brand?post=52102"},{"taxonomy":"product_cat","embeddable":true,"href":"https:\/\/filtertech.ca\/fr\/wp-json\/wp\/v2\/product_cat?post=52102"},{"taxonomy":"product_tag","embeddable":true,"href":"https:\/\/filtertech.ca\/fr\/wp-json\/wp\/v2\/product_tag?post=52102"},{"taxonomy":"yarn_type","embeddable":true,"href":"https:\/\/filtertech.ca\/fr\/wp-json\/wp\/v2\/yarn_type?post=52102"},{"taxonomy":"micron","embeddable":true,"href":"https:\/\/filtertech.ca\/fr\/wp-json\/wp\/v2\/micron?post=52102"},{"taxonomy":"media","embeddable":true,"href":"https:\/\/filtertech.ca\/fr\/wp-json\/wp\/v2\/media?post=52102"},{"taxonomy":"size","embeddable":true,"href":"https:\/\/filtertech.ca\/fr\/wp-json\/wp\/v2\/size?post=52102"},{"taxonomy":"outside_diameter","embeddable":true,"href":"https:\/\/filtertech.ca\/fr\/wp-json\/wp\/v2\/outside_diameter?post=52102"},{"taxonomy":"inside_diameter","embeddable":true,"href":"https:\/\/filtertech.ca\/fr\/wp-json\/wp\/v2\/inside_diameter?post=52102"},{"taxonomy":"overall_diameter","embeddable":true,"href":"https:\/\/filtertech.ca\/fr\/wp-json\/wp\/v2\/overall_diameter?post=52102"},{"taxonomy":"end_cap","embeddable":true,"href":"https:\/\/filtertech.ca\/fr\/wp-json\/wp\/v2\/end_cap?post=52102"},{"taxonomy":"efficiency","embeddable":true,"href":"https:\/\/filtertech.ca\/fr\/wp-json\/wp\/v2\/efficiency?post=52102"},{"taxonomy":"support_core","embeddable":true,"href":"https:\/\/filtertech.ca\/fr\/wp-json\/wp\/v2\/support_core?post=52102"},{"taxonomy":"pleat_count","embeddable":true,"href":"https:\/\/filtertech.ca\/fr\/wp-json\/wp\/v2\/pleat_count?post=52102"}],"curies":[{"name":"wp","href":"https:\/\/api.w.org\/{rel}","templated":true}]}}