{"id":52101,"date":"2025-02-16T06:47:17","date_gmt":"2025-02-16T06:47:17","guid":{"rendered":"https:\/\/filtertech.ca\/product\/element-filtrant-a-air-en-treillis-metallique-gros-11-3-4-po-de-diametre-exterieur-x-9-7-8-po-de-diametre-interieur-x-7-po-de-hauteur-totale\/"},"modified":"2026-03-31T05:55:44","modified_gmt":"2026-03-31T05:55:44","slug":"element-filtrant-a-air-en-treillis-metallique-gros-11-3-4-po-de-diametre-exterieur-x-9-7-8-po-de-diametre-interieur-x-7-po-de-hauteur-totale","status":"publish","type":"product","link":"https:\/\/filtertech.ca\/fr\/produit\/element-filtrant-a-air-en-treillis-metallique-gros-11-3-4-po-de-diametre-exterieur-x-9-7-8-po-de-diametre-interieur-x-7-po-de-hauteur-totale\/","title":{"rendered":"\u00c9l\u00e9ment filtrant \u00e0 air en treillis m\u00e9tallique (gros), 11-3\/4 po de diam\u00e8tre ext\u00e9rieur x 9-7\/8 po de diam\u00e8tre int\u00e9rieur x 7 po de hauteur totale"},"content":{"rendered":"<p>\u00c9l\u00e9ment filtrant \u00e0 air, remplace le silencieux universel OEM 81-1039, diam\u00e8tre ext\u00e9rieur 11-3\/4 po, diam\u00e8tre int\u00e9rieur 9-7\/8 po, hauteur 7 po, treillis m\u00e9tallique pliss\u00e9, embouts moul\u00e9s, poids.  3 lb<\/p>\n","protected":false},"excerpt":{"rendered":"<p><strong>Num\u00e9ro de pi\u00e8ce :<\/strong> F81-0474W<\/p>\n<p><strong>Diam\u00e8tre ext\u00e9rieur :<\/strong> 11,75<\/p>\n<p><strong>Diam\u00e8tre int\u00e9rieur :<\/strong> 9,75<\/p>\n<p><strong>Hauteur totale :<\/strong> 7<\/p>\n<p><strong>Style d\u2019embout :<\/strong> Moul\u00e9<\/p>\n<p><strong>Type de m\u00e9dia :<\/strong> Treillis m\u00e9tallique<\/p>\n<p><strong>Efficacit\u00e9 nominale&nbsp;:<\/strong> 2 microns<\/p>\n<p><strong>Support d\u2019\u00e2me :<\/strong> Treillis galvanis\u00e9 int\u00e9rieur\/ext\u00e9rieur, calibre 22<\/p>\n<p> <strong> Quantit\u00e9 par bo\u00eete :<\/strong> 1<\/p>\n<p><strong>Disponibilit\u00e9 :<\/strong> 2 semaines<\/p>\n<p><strong>Lieu d\u2019origine :<\/strong> Montr\u00e9al, QC, Canada<\/p>\n<p>&nbsp;<\/p>\n","protected":false},"featured_media":26161,"template":"","meta":{"_acf_changed":false},"product_brand":[],"product_cat":[6637],"product_tag":[11748],"yarn_type":[],"micron":[],"media":[9497],"size":[],"outside_diameter":[9640],"inside_diameter":[9641],"overall_diameter":[9631],"end_cap":[8029],"efficiency":[9430],"support_core":[11750],"pleat_count":[],"class_list":{"0":"post-52101","1":"product","2":"type-product","3":"status-publish","4":"has-post-thumbnail","6":"product_cat-air-filtration","7":"product_tag-universel","8":"media-treillis-metallique","9":"outside_diameter-11-75","10":"inside_diameter-9-75","11":"overall_diameter-9631","12":"end_cap-moule","13":"efficiency-2-microns","14":"support_core-grillage-galvanise-interieur-exterieur-calibre-22","15":"entry","16":"has-media","18":"first","19":"instock","20":"product-type-simple"},"acf":[],"_links":{"self":[{"href":"https:\/\/filtertech.ca\/fr\/wp-json\/wp\/v2\/product\/52101","targetHints":{"allow":["GET"]}}],"collection":[{"href":"https:\/\/filtertech.ca\/fr\/wp-json\/wp\/v2\/product"}],"about":[{"href":"https:\/\/filtertech.ca\/fr\/wp-json\/wp\/v2\/types\/product"}],"wp:featuredmedia":[{"embeddable":true,"href":"https:\/\/filtertech.ca\/fr\/wp-json\/wp\/v2\/media\/26161"}],"wp:attachment":[{"href":"https:\/\/filtertech.ca\/fr\/wp-json\/wp\/v2\/media?parent=52101"}],"wp:term":[{"taxonomy":"product_brand","embeddable":true,"href":"https:\/\/filtertech.ca\/fr\/wp-json\/wp\/v2\/product_brand?post=52101"},{"taxonomy":"product_cat","embeddable":true,"href":"https:\/\/filtertech.ca\/fr\/wp-json\/wp\/v2\/product_cat?post=52101"},{"taxonomy":"product_tag","embeddable":true,"href":"https:\/\/filtertech.ca\/fr\/wp-json\/wp\/v2\/product_tag?post=52101"},{"taxonomy":"yarn_type","embeddable":true,"href":"https:\/\/filtertech.ca\/fr\/wp-json\/wp\/v2\/yarn_type?post=52101"},{"taxonomy":"micron","embeddable":true,"href":"https:\/\/filtertech.ca\/fr\/wp-json\/wp\/v2\/micron?post=52101"},{"taxonomy":"media","embeddable":true,"href":"https:\/\/filtertech.ca\/fr\/wp-json\/wp\/v2\/media?post=52101"},{"taxonomy":"size","embeddable":true,"href":"https:\/\/filtertech.ca\/fr\/wp-json\/wp\/v2\/size?post=52101"},{"taxonomy":"outside_diameter","embeddable":true,"href":"https:\/\/filtertech.ca\/fr\/wp-json\/wp\/v2\/outside_diameter?post=52101"},{"taxonomy":"inside_diameter","embeddable":true,"href":"https:\/\/filtertech.ca\/fr\/wp-json\/wp\/v2\/inside_diameter?post=52101"},{"taxonomy":"overall_diameter","embeddable":true,"href":"https:\/\/filtertech.ca\/fr\/wp-json\/wp\/v2\/overall_diameter?post=52101"},{"taxonomy":"end_cap","embeddable":true,"href":"https:\/\/filtertech.ca\/fr\/wp-json\/wp\/v2\/end_cap?post=52101"},{"taxonomy":"efficiency","embeddable":true,"href":"https:\/\/filtertech.ca\/fr\/wp-json\/wp\/v2\/efficiency?post=52101"},{"taxonomy":"support_core","embeddable":true,"href":"https:\/\/filtertech.ca\/fr\/wp-json\/wp\/v2\/support_core?post=52101"},{"taxonomy":"pleat_count","embeddable":true,"href":"https:\/\/filtertech.ca\/fr\/wp-json\/wp\/v2\/pleat_count?post=52101"}],"curies":[{"name":"wp","href":"https:\/\/api.w.org\/{rel}","templated":true}]}}