{"id":52100,"date":"2025-02-16T06:47:17","date_gmt":"2025-02-16T06:47:17","guid":{"rendered":"https:\/\/filtertech.ca\/product\/element-de-filtre-a-air-en-feutre-de-polyester-o-ext-17-x-o-int-13-x-hauteur-totale-10-universal-81-1209\/"},"modified":"2026-03-31T05:32:52","modified_gmt":"2026-03-31T05:32:52","slug":"element-de-filtre-a-air-en-feutre-de-polyester-o-ext-17-x-o-int-13-x-hauteur-totale-10-universal-81-1209","status":"publish","type":"product","link":"https:\/\/filtertech.ca\/fr\/produit\/element-de-filtre-a-air-en-feutre-de-polyester-o-ext-17-x-o-int-13-x-hauteur-totale-10-universal-81-1209\/","title":{"rendered":"\u00c9l\u00e9ment de filtre \u00e0 air en feutre de polyester, \u00d8 ext. 17 x \u00d8 int. 13 x hauteur totale 10, Universal 81-1209"},"content":{"rendered":"<p>\u00c9l\u00e9ment de filtre \u00e0 air, remplace le silencieux OEM Universal 81-1209, \u00d8 ext. 17, \u00d8 int. 13, haut. 10, feutre de polyester pliss\u00e9, 10 microns, embouts moul\u00e9s, poids 11 lb. Convient aux mod\u00e8les de silencieux Universal : CCF-10, CCF-12, CS-10, CS-12 et CF-10, CF-12   <\/p>\n","protected":false},"excerpt":{"rendered":"<p><strong>Num\u00e9ro de pi\u00e8ce&nbsp;:<\/strong> F81-1163F<\/p>\n<p><strong>Diam\u00e8tre ext\u00e9rieur :<\/strong> 17<\/p>\n<p><strong>Diam\u00e8tre int\u00e9rieur :<\/strong> 13<\/p>\n<p><strong>Hauteur totale&nbsp;:<\/strong> 10<\/p>\n<p><strong>Style d\u2019embout :<\/strong> Moul\u00e9<\/p>\n<p><strong>Type de m\u00e9dia :<\/strong> Feutre de polyester<\/p>\n<p><strong>Efficacit\u00e9 nominale&nbsp;:<\/strong> 2 microns<\/p>\n<p><strong>Support d\u2019\u00e2me :<\/strong> Treillis galvanis\u00e9 int\u00e9rieur\/ext\u00e9rieur, calibre 22<\/p>\n<p> <strong> Quantit\u00e9 par bo\u00eete :<\/strong> 1<\/p>\n<p><strong>Disponibilit\u00e9 :<\/strong> 2 semaines<\/p>\n<p><strong>Lieu d\u2019origine :<\/strong> Montr\u00e9al, QC, Canada<\/p>\n<p>&nbsp;<\/p>\n","protected":false},"featured_media":26219,"template":"","meta":{"_acf_changed":false},"product_brand":[],"product_cat":[6637],"product_tag":[11748],"yarn_type":[],"micron":[],"media":[8025],"size":[],"outside_diameter":[11749],"inside_diameter":[9352],"overall_diameter":[8035],"end_cap":[8029],"efficiency":[9430],"support_core":[11750],"pleat_count":[],"class_list":{"0":"post-52100","1":"product","2":"type-product","3":"status-publish","4":"has-post-thumbnail","6":"product_cat-air-filtration","7":"product_tag-universel","8":"media-feutre-de-polyester","9":"outside_diameter-11749","10":"inside_diameter-9352","11":"overall_diameter-8035","12":"end_cap-moule","13":"efficiency-2-microns","14":"support_core-grillage-galvanise-interieur-exterieur-calibre-22","15":"entry","16":"has-media","18":"first","19":"instock","20":"product-type-simple"},"acf":[],"_links":{"self":[{"href":"https:\/\/filtertech.ca\/fr\/wp-json\/wp\/v2\/product\/52100","targetHints":{"allow":["GET"]}}],"collection":[{"href":"https:\/\/filtertech.ca\/fr\/wp-json\/wp\/v2\/product"}],"about":[{"href":"https:\/\/filtertech.ca\/fr\/wp-json\/wp\/v2\/types\/product"}],"wp:featuredmedia":[{"embeddable":true,"href":"https:\/\/filtertech.ca\/fr\/wp-json\/wp\/v2\/media\/26219"}],"wp:attachment":[{"href":"https:\/\/filtertech.ca\/fr\/wp-json\/wp\/v2\/media?parent=52100"}],"wp:term":[{"taxonomy":"product_brand","embeddable":true,"href":"https:\/\/filtertech.ca\/fr\/wp-json\/wp\/v2\/product_brand?post=52100"},{"taxonomy":"product_cat","embeddable":true,"href":"https:\/\/filtertech.ca\/fr\/wp-json\/wp\/v2\/product_cat?post=52100"},{"taxonomy":"product_tag","embeddable":true,"href":"https:\/\/filtertech.ca\/fr\/wp-json\/wp\/v2\/product_tag?post=52100"},{"taxonomy":"yarn_type","embeddable":true,"href":"https:\/\/filtertech.ca\/fr\/wp-json\/wp\/v2\/yarn_type?post=52100"},{"taxonomy":"micron","embeddable":true,"href":"https:\/\/filtertech.ca\/fr\/wp-json\/wp\/v2\/micron?post=52100"},{"taxonomy":"media","embeddable":true,"href":"https:\/\/filtertech.ca\/fr\/wp-json\/wp\/v2\/media?post=52100"},{"taxonomy":"size","embeddable":true,"href":"https:\/\/filtertech.ca\/fr\/wp-json\/wp\/v2\/size?post=52100"},{"taxonomy":"outside_diameter","embeddable":true,"href":"https:\/\/filtertech.ca\/fr\/wp-json\/wp\/v2\/outside_diameter?post=52100"},{"taxonomy":"inside_diameter","embeddable":true,"href":"https:\/\/filtertech.ca\/fr\/wp-json\/wp\/v2\/inside_diameter?post=52100"},{"taxonomy":"overall_diameter","embeddable":true,"href":"https:\/\/filtertech.ca\/fr\/wp-json\/wp\/v2\/overall_diameter?post=52100"},{"taxonomy":"end_cap","embeddable":true,"href":"https:\/\/filtertech.ca\/fr\/wp-json\/wp\/v2\/end_cap?post=52100"},{"taxonomy":"efficiency","embeddable":true,"href":"https:\/\/filtertech.ca\/fr\/wp-json\/wp\/v2\/efficiency?post=52100"},{"taxonomy":"support_core","embeddable":true,"href":"https:\/\/filtertech.ca\/fr\/wp-json\/wp\/v2\/support_core?post=52100"},{"taxonomy":"pleat_count","embeddable":true,"href":"https:\/\/filtertech.ca\/fr\/wp-json\/wp\/v2\/pleat_count?post=52100"}],"curies":[{"name":"wp","href":"https:\/\/api.w.org\/{rel}","templated":true}]}}