{"id":52098,"date":"2025-02-16T06:47:28","date_gmt":"2025-02-16T06:47:28","guid":{"rendered":"https:\/\/filtertech.ca\/product\/element-de-filtre-a-air-en-treillis-metallique-grossier-o-ext-13-3-4-x-o-int-11-3-4-x-hauteur-totale-8-5-8-universal-silencer-81-1040\/"},"modified":"2026-03-31T05:55:41","modified_gmt":"2026-03-31T05:55:41","slug":"element-de-filtre-a-air-en-treillis-metallique-grossier-o-ext-13-3-4-x-o-int-11-3-4-x-hauteur-totale-8-5-8-universal-silencer-81-1040","status":"publish","type":"product","link":"https:\/\/filtertech.ca\/fr\/produit\/element-de-filtre-a-air-en-treillis-metallique-grossier-o-ext-13-3-4-x-o-int-11-3-4-x-hauteur-totale-8-5-8-universal-silencer-81-1040\/","title":{"rendered":"\u00c9l\u00e9ment de filtre \u00e0 air en treillis m\u00e9tallique (grossier), \u00d8 ext. 13-3\/4 x \u00d8 int. 11-3\/4 x hauteur totale 8-5\/8, Universal Silencer 81-1040"},"content":{"rendered":"<p>\u00c9l\u00e9ment de filtre \u00e0 air, remplace le silencieux universel OEM 81-1040, DE 13-3\/4, DI 11-3\/4, H 8-5\/8, treillis m\u00e9tallique pliss\u00e9, embouts moul\u00e9s, poids 5 lb.   Compatible avec les mod\u00e8les Universal Silencer : CCF-6, CCF-8, CS-6, CS-8, CF-6 et CF-8<\/p>\n","protected":false},"excerpt":{"rendered":"<p><strong>Num\u00e9ro de pi\u00e8ce :<\/strong> F81-0475W<\/p>\n<p><strong>Diam\u00e8tre ext\u00e9rieur :<\/strong> 13,75<\/p>\n<p><strong>Diam\u00e8tre int\u00e9rieur :<\/strong> 11,75<\/p>\n<p><strong>Hauteur totale :<\/strong> 8,625<\/p>\n<p><strong>Style d\u2019embout :<\/strong> Moul\u00e9<\/p>\n<p><strong>Type de m\u00e9dia :<\/strong> Treillis m\u00e9tallique<\/p>\n<p><strong>Efficacit\u00e9 nominale&nbsp;:<\/strong> 2 microns<\/p>\n<p><strong>Support d\u2019\u00e2me :<\/strong> Treillis galvanis\u00e9 int\u00e9rieur\/ext\u00e9rieur, calibre 22<\/p>\n<p> <strong> Quantit\u00e9 par bo\u00eete :<\/strong> 1<\/p>\n<p><strong>Disponibilit\u00e9 :<\/strong> 2 semaines<\/p>\n<p><strong>Lieu d\u2019origine :<\/strong> Montr\u00e9al, QC, Canada<\/p>\n<p>&nbsp;<\/p>\n","protected":false},"featured_media":26161,"template":"","meta":{"_acf_changed":false},"product_brand":[],"product_cat":[6637],"product_tag":[11748],"yarn_type":[],"micron":[],"media":[9497],"size":[],"outside_diameter":[9662],"inside_diameter":[9632],"overall_diameter":[9638],"end_cap":[8029],"efficiency":[9430],"support_core":[11750],"pleat_count":[],"class_list":{"0":"post-52098","1":"product","2":"type-product","3":"status-publish","4":"has-post-thumbnail","6":"product_cat-air-filtration","7":"product_tag-universel","8":"media-treillis-metallique","9":"outside_diameter-13-75","10":"inside_diameter-11-75","11":"overall_diameter-8-625","12":"end_cap-moule","13":"efficiency-2-microns","14":"support_core-grillage-galvanise-interieur-exterieur-calibre-22","15":"entry","16":"has-media","18":"first","19":"instock","20":"product-type-simple"},"acf":[],"_links":{"self":[{"href":"https:\/\/filtertech.ca\/fr\/wp-json\/wp\/v2\/product\/52098","targetHints":{"allow":["GET"]}}],"collection":[{"href":"https:\/\/filtertech.ca\/fr\/wp-json\/wp\/v2\/product"}],"about":[{"href":"https:\/\/filtertech.ca\/fr\/wp-json\/wp\/v2\/types\/product"}],"wp:featuredmedia":[{"embeddable":true,"href":"https:\/\/filtertech.ca\/fr\/wp-json\/wp\/v2\/media\/26161"}],"wp:attachment":[{"href":"https:\/\/filtertech.ca\/fr\/wp-json\/wp\/v2\/media?parent=52098"}],"wp:term":[{"taxonomy":"product_brand","embeddable":true,"href":"https:\/\/filtertech.ca\/fr\/wp-json\/wp\/v2\/product_brand?post=52098"},{"taxonomy":"product_cat","embeddable":true,"href":"https:\/\/filtertech.ca\/fr\/wp-json\/wp\/v2\/product_cat?post=52098"},{"taxonomy":"product_tag","embeddable":true,"href":"https:\/\/filtertech.ca\/fr\/wp-json\/wp\/v2\/product_tag?post=52098"},{"taxonomy":"yarn_type","embeddable":true,"href":"https:\/\/filtertech.ca\/fr\/wp-json\/wp\/v2\/yarn_type?post=52098"},{"taxonomy":"micron","embeddable":true,"href":"https:\/\/filtertech.ca\/fr\/wp-json\/wp\/v2\/micron?post=52098"},{"taxonomy":"media","embeddable":true,"href":"https:\/\/filtertech.ca\/fr\/wp-json\/wp\/v2\/media?post=52098"},{"taxonomy":"size","embeddable":true,"href":"https:\/\/filtertech.ca\/fr\/wp-json\/wp\/v2\/size?post=52098"},{"taxonomy":"outside_diameter","embeddable":true,"href":"https:\/\/filtertech.ca\/fr\/wp-json\/wp\/v2\/outside_diameter?post=52098"},{"taxonomy":"inside_diameter","embeddable":true,"href":"https:\/\/filtertech.ca\/fr\/wp-json\/wp\/v2\/inside_diameter?post=52098"},{"taxonomy":"overall_diameter","embeddable":true,"href":"https:\/\/filtertech.ca\/fr\/wp-json\/wp\/v2\/overall_diameter?post=52098"},{"taxonomy":"end_cap","embeddable":true,"href":"https:\/\/filtertech.ca\/fr\/wp-json\/wp\/v2\/end_cap?post=52098"},{"taxonomy":"efficiency","embeddable":true,"href":"https:\/\/filtertech.ca\/fr\/wp-json\/wp\/v2\/efficiency?post=52098"},{"taxonomy":"support_core","embeddable":true,"href":"https:\/\/filtertech.ca\/fr\/wp-json\/wp\/v2\/support_core?post=52098"},{"taxonomy":"pleat_count","embeddable":true,"href":"https:\/\/filtertech.ca\/fr\/wp-json\/wp\/v2\/pleat_count?post=52098"}],"curies":[{"name":"wp","href":"https:\/\/api.w.org\/{rel}","templated":true}]}}