{"id":52049,"date":"2025-09-03T23:19:40","date_gmt":"2025-09-03T23:19:40","guid":{"rendered":"https:\/\/filtertech.ca\/product\/element-de-filtre-a-air-17-de-13-di-9-hauteur-totale-polyester-plisse-90-ailettes-sparks-321-4237k5\/"},"modified":"2026-03-31T05:10:59","modified_gmt":"2026-03-31T05:10:59","slug":"element-de-filtre-a-air-17-de-13-di-9-hauteur-totale-polyester-plisse-90-ailettes-sparks-321-4237k5","status":"publish","type":"product","link":"https:\/\/filtertech.ca\/fr\/produit\/element-de-filtre-a-air-17-de-13-di-9-hauteur-totale-polyester-plisse-90-ailettes-sparks-321-4237k5\/","title":{"rendered":"\u00c9l\u00e9ment de filtre \u00e0 air, 17 DE, 13 DI, 9 hauteur totale, polyester pliss\u00e9, 90 ailettes, Sparks 321-4237K5"},"content":{"rendered":"<p>\u00c9l\u00e9ment de filtre \u00e0 air, 17 DE, 13 DI, 9 hauteur totale, polyester pliss\u00e9, 90 ailettes<\/p>\n","protected":false},"excerpt":{"rendered":"<p><strong>Num\u00e9ro de pi\u00e8ce :<\/strong> F81-17646<\/p>\n<p><strong>Diam\u00e8tre ext\u00e9rieur :<\/strong> 17<\/p>\n<p><strong>Diam\u00e8tre int\u00e9rieur :<\/strong> 13<\/p>\n<p><strong>Hauteur totale&nbsp;:<\/strong> 9<\/p>\n<p><strong>Style d\u2019embout :<\/strong> Moul\u00e9<\/p>\n<p><strong>Type de m\u00e9dia :<\/strong> Feutre de polyester<\/p>\n<p><strong>Efficacit\u00e9 nominale :<\/strong> 10 microns<\/p>\n<p><strong>Support du noyau&nbsp;:<\/strong> Treillis int\u00e9rieur galvanis\u00e9, calibre 22<\/p>\n<p><strong>D\u00e9lai de livraison :<\/strong> 2 semaines<\/p>\n<p><strong>Lieu d\u2019origine :<\/strong> Montr\u00e9al, QC, Canada<\/p>\n<p>&nbsp;<\/p>\n","protected":false},"featured_media":0,"template":"","meta":{"_acf_changed":false},"product_brand":[],"product_cat":[6637],"product_tag":[7642],"yarn_type":[],"micron":[],"media":[8025],"size":[],"outside_diameter":[11749],"inside_diameter":[9352],"overall_diameter":[8055],"end_cap":[8029],"efficiency":[9414],"support_core":[9348],"pleat_count":[12013],"class_list":{"0":"post-52049","1":"product","2":"type-product","3":"status-publish","5":"product_cat-air-filtration","6":"product_tag-serie-17","7":"media-feutre-de-polyester","8":"outside_diameter-11749","9":"inside_diameter-9352","10":"overall_diameter-8055","11":"end_cap-moule","12":"efficiency-10-microns","13":"support_core-interieur-en-acier-doux-de-calibre-16","14":"pleat_count-12013","15":"entry","17":"first","18":"instock","19":"product-type-simple"},"acf":[],"_links":{"self":[{"href":"https:\/\/filtertech.ca\/fr\/wp-json\/wp\/v2\/product\/52049","targetHints":{"allow":["GET"]}}],"collection":[{"href":"https:\/\/filtertech.ca\/fr\/wp-json\/wp\/v2\/product"}],"about":[{"href":"https:\/\/filtertech.ca\/fr\/wp-json\/wp\/v2\/types\/product"}],"wp:attachment":[{"href":"https:\/\/filtertech.ca\/fr\/wp-json\/wp\/v2\/media?parent=52049"}],"wp:term":[{"taxonomy":"product_brand","embeddable":true,"href":"https:\/\/filtertech.ca\/fr\/wp-json\/wp\/v2\/product_brand?post=52049"},{"taxonomy":"product_cat","embeddable":true,"href":"https:\/\/filtertech.ca\/fr\/wp-json\/wp\/v2\/product_cat?post=52049"},{"taxonomy":"product_tag","embeddable":true,"href":"https:\/\/filtertech.ca\/fr\/wp-json\/wp\/v2\/product_tag?post=52049"},{"taxonomy":"yarn_type","embeddable":true,"href":"https:\/\/filtertech.ca\/fr\/wp-json\/wp\/v2\/yarn_type?post=52049"},{"taxonomy":"micron","embeddable":true,"href":"https:\/\/filtertech.ca\/fr\/wp-json\/wp\/v2\/micron?post=52049"},{"taxonomy":"media","embeddable":true,"href":"https:\/\/filtertech.ca\/fr\/wp-json\/wp\/v2\/media?post=52049"},{"taxonomy":"size","embeddable":true,"href":"https:\/\/filtertech.ca\/fr\/wp-json\/wp\/v2\/size?post=52049"},{"taxonomy":"outside_diameter","embeddable":true,"href":"https:\/\/filtertech.ca\/fr\/wp-json\/wp\/v2\/outside_diameter?post=52049"},{"taxonomy":"inside_diameter","embeddable":true,"href":"https:\/\/filtertech.ca\/fr\/wp-json\/wp\/v2\/inside_diameter?post=52049"},{"taxonomy":"overall_diameter","embeddable":true,"href":"https:\/\/filtertech.ca\/fr\/wp-json\/wp\/v2\/overall_diameter?post=52049"},{"taxonomy":"end_cap","embeddable":true,"href":"https:\/\/filtertech.ca\/fr\/wp-json\/wp\/v2\/end_cap?post=52049"},{"taxonomy":"efficiency","embeddable":true,"href":"https:\/\/filtertech.ca\/fr\/wp-json\/wp\/v2\/efficiency?post=52049"},{"taxonomy":"support_core","embeddable":true,"href":"https:\/\/filtertech.ca\/fr\/wp-json\/wp\/v2\/support_core?post=52049"},{"taxonomy":"pleat_count","embeddable":true,"href":"https:\/\/filtertech.ca\/fr\/wp-json\/wp\/v2\/pleat_count?post=52049"}],"curies":[{"name":"wp","href":"https:\/\/api.w.org\/{rel}","templated":true}]}}