{"id":52010,"date":"2025-07-04T19:20:09","date_gmt":"2025-07-04T19:20:09","guid":{"rendered":"https:\/\/filtertech.ca\/product\/cartouche-filtrante-pour-poussiere-13-84-x-9-5-x-52-spunbond-merv-16-ptfe-140-plis-ouvert-ferme-robovent-ex-14d52-b16-sf-002\/"},"modified":"2026-03-31T05:28:15","modified_gmt":"2026-03-31T05:28:15","slug":"cartouche-filtrante-pour-poussiere-13-84-x-9-5-x-52-spunbond-merv-16-ptfe-140-plis-ouvert-ferme-robovent-ex-14d52-b16-sf-002","status":"publish","type":"product","link":"https:\/\/filtertech.ca\/fr\/produit\/cartouche-filtrante-pour-poussiere-13-84-x-9-5-x-52-spunbond-merv-16-ptfe-140-plis-ouvert-ferme-robovent-ex-14d52-b16-sf-002\/","title":{"rendered":"Cartouche filtrante pour poussi\u00e8re, 13.84 x 9.5 x 52, Spunbond, MERV 16 PTFE, 140 plis, Ouvert\/Ferm\u00e9, RoboVent EX-14D52-B16-SF-002"},"content":{"rendered":"<p>Cartouche filtrante pour poussi\u00e8re, 13.84 x 9.5 x 52, Spunbond, MERV 16 PTFE, 140 plis, Ouvert\/Ferm\u00e9 (1 joint d\u00e9tanch\u00e9it\u00e9)<\/p>\n","protected":false},"excerpt":{"rendered":"<p><strong>Num\u00e9ro de pi\u00e8ce :<\/strong> A35126-GR31-02<\/p>\n<p><strong>Dimensions :<\/strong> 13.84 DE x 9.5 DI x 52 H<\/p>\n<p><strong>Nombre de plis :<\/strong> 140<\/p>\n<p><strong>Support central :<\/strong> M\u00e9tal d\u00e9ploy\u00e9 int\u00e9rieur\/Bande tiss\u00e9e ext\u00e9rieure<\/p>\n<p><strong>Efficacit\u00e9 et m\u00e9dia :<\/strong> MERV 16 &#8211; Spunbond\/PTFE<\/p>\n<p><strong>Style d\u2019embout :<\/strong> Rectangulaire 16X16\/Ferm\u00e9 (sans trou) 1 joint d\u2019\u00e9tanch\u00e9it\u00e9<\/p>\n<p><strong>Dimensions du joint&nbsp;:<\/strong> 0,5 L x 0,5 po H x 10,25 DI<\/p>\n<p><strong>Disponibilit\u00e9 :<\/strong> 2 semaines<\/p>\n<p><strong>Lieu d\u2019origine :<\/strong> Montr\u00e9al, QC, Canada<\/p>\n<p>&nbsp;<\/p>\n","protected":false},"featured_media":0,"template":"","meta":{"_acf_changed":false},"product_brand":[],"product_cat":[9316],"product_tag":[],"yarn_type":[],"micron":[],"media":[],"size":[12004],"outside_diameter":[],"inside_diameter":[],"overall_diameter":[],"end_cap":[12005],"efficiency":[12006],"support_core":[9424],"pleat_count":[11966],"class_list":{"0":"post-52010","1":"product","2":"type-product","3":"status-publish","5":"product_cat-dust-fume-mist-collection-cartridges","6":"size-13875-de-x-95-di-x-52-h","7":"end_cap-rectangulaire-16x16-ferme-sans-trou-1-joint","8":"efficiency-merv-16-spunbond-ptfe","9":"support_core-bande-interieure-deployee-exterieure-tissee","10":"pleat_count-11966","11":"entry","13":"first","14":"instock","15":"product-type-simple"},"acf":[],"_links":{"self":[{"href":"https:\/\/filtertech.ca\/fr\/wp-json\/wp\/v2\/product\/52010","targetHints":{"allow":["GET"]}}],"collection":[{"href":"https:\/\/filtertech.ca\/fr\/wp-json\/wp\/v2\/product"}],"about":[{"href":"https:\/\/filtertech.ca\/fr\/wp-json\/wp\/v2\/types\/product"}],"wp:attachment":[{"href":"https:\/\/filtertech.ca\/fr\/wp-json\/wp\/v2\/media?parent=52010"}],"wp:term":[{"taxonomy":"product_brand","embeddable":true,"href":"https:\/\/filtertech.ca\/fr\/wp-json\/wp\/v2\/product_brand?post=52010"},{"taxonomy":"product_cat","embeddable":true,"href":"https:\/\/filtertech.ca\/fr\/wp-json\/wp\/v2\/product_cat?post=52010"},{"taxonomy":"product_tag","embeddable":true,"href":"https:\/\/filtertech.ca\/fr\/wp-json\/wp\/v2\/product_tag?post=52010"},{"taxonomy":"yarn_type","embeddable":true,"href":"https:\/\/filtertech.ca\/fr\/wp-json\/wp\/v2\/yarn_type?post=52010"},{"taxonomy":"micron","embeddable":true,"href":"https:\/\/filtertech.ca\/fr\/wp-json\/wp\/v2\/micron?post=52010"},{"taxonomy":"media","embeddable":true,"href":"https:\/\/filtertech.ca\/fr\/wp-json\/wp\/v2\/media?post=52010"},{"taxonomy":"size","embeddable":true,"href":"https:\/\/filtertech.ca\/fr\/wp-json\/wp\/v2\/size?post=52010"},{"taxonomy":"outside_diameter","embeddable":true,"href":"https:\/\/filtertech.ca\/fr\/wp-json\/wp\/v2\/outside_diameter?post=52010"},{"taxonomy":"inside_diameter","embeddable":true,"href":"https:\/\/filtertech.ca\/fr\/wp-json\/wp\/v2\/inside_diameter?post=52010"},{"taxonomy":"overall_diameter","embeddable":true,"href":"https:\/\/filtertech.ca\/fr\/wp-json\/wp\/v2\/overall_diameter?post=52010"},{"taxonomy":"end_cap","embeddable":true,"href":"https:\/\/filtertech.ca\/fr\/wp-json\/wp\/v2\/end_cap?post=52010"},{"taxonomy":"efficiency","embeddable":true,"href":"https:\/\/filtertech.ca\/fr\/wp-json\/wp\/v2\/efficiency?post=52010"},{"taxonomy":"support_core","embeddable":true,"href":"https:\/\/filtertech.ca\/fr\/wp-json\/wp\/v2\/support_core?post=52010"},{"taxonomy":"pleat_count","embeddable":true,"href":"https:\/\/filtertech.ca\/fr\/wp-json\/wp\/v2\/pleat_count?post=52010"}],"curies":[{"name":"wp","href":"https:\/\/api.w.org\/{rel}","templated":true}]}}