{"id":51837,"date":"2025-02-13T05:18:12","date_gmt":"2025-02-13T05:18:12","guid":{"rendered":"https:\/\/filtertech.ca\/product\/cartouche-filtrante-a-poussiere-1275-x-8375-x-26-papier-polyester-merv-10-300-plis-ouvert-ferme-avec-trou\/"},"modified":"2026-03-30T07:10:23","modified_gmt":"2026-03-30T07:10:23","slug":"cartouche-filtrante-a-poussiere-1275-x-8375-x-26-papier-polyester-merv-10-300-plis-ouvert-ferme-avec-trou","status":"publish","type":"product","link":"https:\/\/filtertech.ca\/fr\/produit\/cartouche-filtrante-a-poussiere-1275-x-8375-x-26-papier-polyester-merv-10-300-plis-ouvert-ferme-avec-trou\/","title":{"rendered":"Cartouche filtrante \u00e0 poussi\u00e8re, 12,75 x 8,375 x 26, papier\/polyester, MERV 10, 300 plis, ouvert\/ferm\u00e9 avec trou"},"content":{"rendered":"<p>Cartouche filtrante \u00e0 poussi\u00e8re, 12,75 x 8,375 x 26, 80% papier \/ 20% polyester, MERV 10, 300 plis, O\/F avec trou<\/p>\n","protected":false},"excerpt":{"rendered":"<p><strong>R\u00e9f\u00e9rence&nbsp;:<\/strong> A30019-SC05-02<\/p>\n<p><strong>Dimensions :<\/strong> 12,75 DE x 8,375 DI x 26 H<\/p>\n<p><strong>Nombre de plis&nbsp;:<\/strong> 300<\/p>\n<p><strong>Support central :<\/strong> Int\u00e9rieur\/Ext\u00e9rieur (d\u00e9ploy\u00e9)<\/p>\n<p><strong>Efficacit\u00e9 et m\u00e9dia :<\/strong> MERV 10 &#8211; 80 % cellulose \/ 20 % polyester<\/p>\n<p><strong>Type de flasque&nbsp;:<\/strong> Ouvert\/ferm\u00e9 (trou de 0,56 po) 1 joint<\/p>\n<p><strong>Dimensions du joint&nbsp;:<\/strong> 0,5 l x 0,5 po H x 11,25 DI<\/p>\n<p><strong>Disponibilit\u00e9 :<\/strong> 2 semaines<\/p>\n<p><strong>Lieu d\u2019origine :<\/strong> Montr\u00e9al, QC, Canada<\/p>\n<p>&nbsp;<\/p>\n","protected":false},"featured_media":24836,"template":"","meta":{"_acf_changed":false},"product_brand":[],"product_cat":[9316],"product_tag":[],"yarn_type":[],"micron":[],"media":[],"size":[9416],"outside_diameter":[],"inside_diameter":[],"overall_diameter":[],"end_cap":[9421],"efficiency":[9418],"support_core":[9419],"pleat_count":[9435],"class_list":{"0":"post-51837","1":"product","2":"type-product","3":"status-publish","4":"has-post-thumbnail","6":"product_cat-dust-fume-mist-collection-cartridges","7":"size-1275-de-x-8375-di-x-26-h","8":"end_cap-ouvert-ferme-trou-de-056-po-1-joint","9":"efficiency-merv-10-80-cellulose-20-polyester","10":"support_core-interieur-exterieur-deploye","11":"pleat_count-9435","12":"entry","13":"has-media","15":"first","16":"instock","17":"product-type-simple"},"acf":[],"_links":{"self":[{"href":"https:\/\/filtertech.ca\/fr\/wp-json\/wp\/v2\/product\/51837","targetHints":{"allow":["GET"]}}],"collection":[{"href":"https:\/\/filtertech.ca\/fr\/wp-json\/wp\/v2\/product"}],"about":[{"href":"https:\/\/filtertech.ca\/fr\/wp-json\/wp\/v2\/types\/product"}],"wp:featuredmedia":[{"embeddable":true,"href":"https:\/\/filtertech.ca\/fr\/wp-json\/wp\/v2\/media\/24836"}],"wp:attachment":[{"href":"https:\/\/filtertech.ca\/fr\/wp-json\/wp\/v2\/media?parent=51837"}],"wp:term":[{"taxonomy":"product_brand","embeddable":true,"href":"https:\/\/filtertech.ca\/fr\/wp-json\/wp\/v2\/product_brand?post=51837"},{"taxonomy":"product_cat","embeddable":true,"href":"https:\/\/filtertech.ca\/fr\/wp-json\/wp\/v2\/product_cat?post=51837"},{"taxonomy":"product_tag","embeddable":true,"href":"https:\/\/filtertech.ca\/fr\/wp-json\/wp\/v2\/product_tag?post=51837"},{"taxonomy":"yarn_type","embeddable":true,"href":"https:\/\/filtertech.ca\/fr\/wp-json\/wp\/v2\/yarn_type?post=51837"},{"taxonomy":"micron","embeddable":true,"href":"https:\/\/filtertech.ca\/fr\/wp-json\/wp\/v2\/micron?post=51837"},{"taxonomy":"media","embeddable":true,"href":"https:\/\/filtertech.ca\/fr\/wp-json\/wp\/v2\/media?post=51837"},{"taxonomy":"size","embeddable":true,"href":"https:\/\/filtertech.ca\/fr\/wp-json\/wp\/v2\/size?post=51837"},{"taxonomy":"outside_diameter","embeddable":true,"href":"https:\/\/filtertech.ca\/fr\/wp-json\/wp\/v2\/outside_diameter?post=51837"},{"taxonomy":"inside_diameter","embeddable":true,"href":"https:\/\/filtertech.ca\/fr\/wp-json\/wp\/v2\/inside_diameter?post=51837"},{"taxonomy":"overall_diameter","embeddable":true,"href":"https:\/\/filtertech.ca\/fr\/wp-json\/wp\/v2\/overall_diameter?post=51837"},{"taxonomy":"end_cap","embeddable":true,"href":"https:\/\/filtertech.ca\/fr\/wp-json\/wp\/v2\/end_cap?post=51837"},{"taxonomy":"efficiency","embeddable":true,"href":"https:\/\/filtertech.ca\/fr\/wp-json\/wp\/v2\/efficiency?post=51837"},{"taxonomy":"support_core","embeddable":true,"href":"https:\/\/filtertech.ca\/fr\/wp-json\/wp\/v2\/support_core?post=51837"},{"taxonomy":"pleat_count","embeddable":true,"href":"https:\/\/filtertech.ca\/fr\/wp-json\/wp\/v2\/pleat_count?post=51837"}],"curies":[{"name":"wp","href":"https:\/\/api.w.org\/{rel}","templated":true}]}}