{"id":51821,"date":"2025-02-13T05:18:23","date_gmt":"2025-02-13T05:18:23","guid":{"rendered":"https:\/\/filtertech.ca\/product\/cartouche-filtrante-a-poussiere-1275-x-8375-x-36-spunbond-merv-11-130-plis-bride-rectangulaire-ouverte-fermee-joint-05-x-0625-d\/"},"modified":"2026-03-31T05:19:53","modified_gmt":"2026-03-31T05:19:53","slug":"cartouche-filtrante-a-poussiere-1275-x-8375-x-36-spunbond-merv-11-130-plis-bride-rectangulaire-ouverte-fermee-joint-05-x-0625-d","status":"publish","type":"product","link":"https:\/\/filtertech.ca\/fr\/produit\/cartouche-filtrante-a-poussiere-1275-x-8375-x-36-spunbond-merv-11-130-plis-bride-rectangulaire-ouverte-fermee-joint-05-x-0625-d\/","title":{"rendered":"Cartouche filtrante \u00e0 poussi\u00e8re, 12,75 x 8,375 x 36, Spunbond MERV 11, 130 plis, bride rectangulaire ouverte\/ferm\u00e9e (joint 0,5 x 0,625-D)"},"content":{"rendered":"<p>Cartouche filtrante \u00e0 poussi\u00e8re, 12,75 x 8,375 x 36, Spunbond MERV 11, 130 plis, ouverte\/ferm\u00e9e, bride rectangulaire 14&#215;16 (joint 0,5 x 0,625-D)<\/p>\n","protected":false},"excerpt":{"rendered":"<p><strong>R\u00e9f\u00e9rence :<\/strong> A30114-AH16-06<\/p>\n<p><strong>Dimensions&nbsp;:<\/strong> 12,75 DE x 8,375 DI x 36 H<\/p>\n<p><strong>Nombre de plis :<\/strong> 130<\/p>\n<p><strong>Support central :<\/strong> M\u00e9tal d\u00e9ploy\u00e9 int\u00e9rieur\/Bande tiss\u00e9e ext\u00e9rieure<\/p>\n<p><strong>Efficacit\u00e9 &amp; m\u00e9dia :<\/strong> MERV 11 \u2013 Polyester Spunbond 8 oz<\/p>\n<p><strong>Type de flasque :<\/strong> Rectangulaire 16X14,2\/Ferm\u00e9 (sans trou) 20Gg.<\/p>\n<p><strong>Dimensions du joint :<\/strong> 0,5 l x 0,625 H, forme en D x 11,25 DI<\/p>\n<p><strong>Disponibilit\u00e9 :<\/strong> 2 semaines<\/p>\n<p><strong>Lieu d\u2019origine :<\/strong> Montr\u00e9al, QC, Canada<\/p>\n<p><strong><\/p>\n","protected":false},"featured_media":24836,"template":"","meta":{"_acf_changed":false},"product_brand":[],"product_cat":[9316],"product_tag":[],"yarn_type":[],"micron":[],"media":[],"size":[11757],"outside_diameter":[],"inside_diameter":[],"overall_diameter":[],"end_cap":[9422],"efficiency":[9423],"support_core":[9424],"pleat_count":[9425],"class_list":{"0":"post-51821","1":"product","2":"type-product","3":"status-publish","4":"has-post-thumbnail","6":"product_cat-dust-fume-mist-collection-cartridges","7":"size-1275-de-x-8375-di-x-36-h","8":"end_cap-rectangulaire-16x142-ferme-sans-trou-20gg","9":"efficiency-merv-11-polyester-spunbond-8-oz","10":"support_core-bande-interieure-deployee-exterieure-tissee","11":"pleat_count-9425","12":"entry","13":"has-media","15":"first","16":"instock","17":"product-type-simple"},"acf":[],"_links":{"self":[{"href":"https:\/\/filtertech.ca\/fr\/wp-json\/wp\/v2\/product\/51821","targetHints":{"allow":["GET"]}}],"collection":[{"href":"https:\/\/filtertech.ca\/fr\/wp-json\/wp\/v2\/product"}],"about":[{"href":"https:\/\/filtertech.ca\/fr\/wp-json\/wp\/v2\/types\/product"}],"wp:featuredmedia":[{"embeddable":true,"href":"https:\/\/filtertech.ca\/fr\/wp-json\/wp\/v2\/media\/24836"}],"wp:attachment":[{"href":"https:\/\/filtertech.ca\/fr\/wp-json\/wp\/v2\/media?parent=51821"}],"wp:term":[{"taxonomy":"product_brand","embeddable":true,"href":"https:\/\/filtertech.ca\/fr\/wp-json\/wp\/v2\/product_brand?post=51821"},{"taxonomy":"product_cat","embeddable":true,"href":"https:\/\/filtertech.ca\/fr\/wp-json\/wp\/v2\/product_cat?post=51821"},{"taxonomy":"product_tag","embeddable":true,"href":"https:\/\/filtertech.ca\/fr\/wp-json\/wp\/v2\/product_tag?post=51821"},{"taxonomy":"yarn_type","embeddable":true,"href":"https:\/\/filtertech.ca\/fr\/wp-json\/wp\/v2\/yarn_type?post=51821"},{"taxonomy":"micron","embeddable":true,"href":"https:\/\/filtertech.ca\/fr\/wp-json\/wp\/v2\/micron?post=51821"},{"taxonomy":"media","embeddable":true,"href":"https:\/\/filtertech.ca\/fr\/wp-json\/wp\/v2\/media?post=51821"},{"taxonomy":"size","embeddable":true,"href":"https:\/\/filtertech.ca\/fr\/wp-json\/wp\/v2\/size?post=51821"},{"taxonomy":"outside_diameter","embeddable":true,"href":"https:\/\/filtertech.ca\/fr\/wp-json\/wp\/v2\/outside_diameter?post=51821"},{"taxonomy":"inside_diameter","embeddable":true,"href":"https:\/\/filtertech.ca\/fr\/wp-json\/wp\/v2\/inside_diameter?post=51821"},{"taxonomy":"overall_diameter","embeddable":true,"href":"https:\/\/filtertech.ca\/fr\/wp-json\/wp\/v2\/overall_diameter?post=51821"},{"taxonomy":"end_cap","embeddable":true,"href":"https:\/\/filtertech.ca\/fr\/wp-json\/wp\/v2\/end_cap?post=51821"},{"taxonomy":"efficiency","embeddable":true,"href":"https:\/\/filtertech.ca\/fr\/wp-json\/wp\/v2\/efficiency?post=51821"},{"taxonomy":"support_core","embeddable":true,"href":"https:\/\/filtertech.ca\/fr\/wp-json\/wp\/v2\/support_core?post=51821"},{"taxonomy":"pleat_count","embeddable":true,"href":"https:\/\/filtertech.ca\/fr\/wp-json\/wp\/v2\/pleat_count?post=51821"}],"curies":[{"name":"wp","href":"https:\/\/api.w.org\/{rel}","templated":true}]}}