{"id":51804,"date":"2025-02-13T05:18:33","date_gmt":"2025-02-13T05:18:33","guid":{"rendered":"https:\/\/filtertech.ca\/product\/cartouche-de-filtre-a-poussiere-1384-x-95-x-26-papier-nano-ignifuge-merv-15-325-plis-ouvert-ouvert-1-joint-05x06-d-diversitech-inv-filt-8271\/"},"modified":"2026-03-31T05:25:59","modified_gmt":"2026-03-31T05:25:59","slug":"cartouche-de-filtre-a-poussiere-1384-x-95-x-26-papier-nano-ignifuge-merv-15-325-plis-ouvert-ouvert-1-joint-05x06-d-diversitech-inv-filt-8271","status":"publish","type":"product","link":"https:\/\/filtertech.ca\/fr\/produit\/cartouche-de-filtre-a-poussiere-1384-x-95-x-26-papier-nano-ignifuge-merv-15-325-plis-ouvert-ouvert-1-joint-05x06-d-diversitech-inv-filt-8271\/","title":{"rendered":"Cartouche de filtre \u00e0 poussi\u00e8re, 13,84 x 9,5 x 26, papier NANO ignifuge, MERV 15, 325 plis, ouvert\/ouvert (1 joint 0,5&#215;0,6-D), Diversitech INV-FILT-8271"},"content":{"rendered":"<p>Cartouche de filtre \u00e0 poussi\u00e8re, 13,84 x 9,5 x 26, papier NANO ignifuge, MERV 15, 325 plis, ouvert\/ouvert (1 joint 0,5&#215;0,6-D)<\/p>\n","protected":false},"excerpt":{"rendered":"<p><strong>R\u00e9f\u00e9rence :<\/strong> A30421-AF02-06<\/p>\n<p><strong>Dimensions :<\/strong> 13,84 DE x 9,5 DI x 26 H<\/p>\n<p><strong>Nombre de plis :<\/strong> 325<\/p>\n<p><strong>Support central :<\/strong> M\u00e9tal d\u00e9ploy\u00e9 int\u00e9rieur\/Bande tiss\u00e9e ext\u00e9rieure<\/p>\n<p><strong>Efficacit\u00e9 et m\u00e9dia :<\/strong> MERV 15 &#8211; Papier cellulose NANO (ignifuge)<\/p>\n<p><strong>Type de flasque :<\/strong> Ouvert\/Ouvert, 1 joint<\/p>\n<p><strong>Dimensions du joint :<\/strong> 0,5 l x 0,625 H, forme en D x 11,25 DI<\/p>\n<p><strong>Disponibilit\u00e9 :<\/strong> 2 semaines<\/p>\n<p><strong>Lieu d\u2019origine :<\/strong> Montr\u00e9al, QC, Canada<\/p>\n<p>&nbsp;<\/p>\n","protected":false},"featured_media":24044,"template":"","meta":{"_acf_changed":false},"product_brand":[],"product_cat":[9316],"product_tag":[],"yarn_type":[],"micron":[],"media":[],"size":[11933],"outside_diameter":[],"inside_diameter":[],"overall_diameter":[],"end_cap":[9417],"efficiency":[9432],"support_core":[9424],"pleat_count":[11925],"class_list":{"0":"post-51804","1":"product","2":"type-product","3":"status-publish","4":"has-post-thumbnail","6":"product_cat-dust-fume-mist-collection-cartridges","7":"size-1384-od-x-95-id-x-26-h","8":"end_cap-ouvert-ouvert-1-joint","9":"efficiency-merv-15-nano-ignifuge-papier-cellulosique","10":"support_core-bande-interieure-deployee-exterieure-tissee","11":"pleat_count-11925","12":"entry","13":"has-media","15":"first","16":"instock","17":"product-type-simple"},"acf":[],"_links":{"self":[{"href":"https:\/\/filtertech.ca\/fr\/wp-json\/wp\/v2\/product\/51804","targetHints":{"allow":["GET"]}}],"collection":[{"href":"https:\/\/filtertech.ca\/fr\/wp-json\/wp\/v2\/product"}],"about":[{"href":"https:\/\/filtertech.ca\/fr\/wp-json\/wp\/v2\/types\/product"}],"wp:featuredmedia":[{"embeddable":true,"href":"https:\/\/filtertech.ca\/fr\/wp-json\/wp\/v2\/media\/24044"}],"wp:attachment":[{"href":"https:\/\/filtertech.ca\/fr\/wp-json\/wp\/v2\/media?parent=51804"}],"wp:term":[{"taxonomy":"product_brand","embeddable":true,"href":"https:\/\/filtertech.ca\/fr\/wp-json\/wp\/v2\/product_brand?post=51804"},{"taxonomy":"product_cat","embeddable":true,"href":"https:\/\/filtertech.ca\/fr\/wp-json\/wp\/v2\/product_cat?post=51804"},{"taxonomy":"product_tag","embeddable":true,"href":"https:\/\/filtertech.ca\/fr\/wp-json\/wp\/v2\/product_tag?post=51804"},{"taxonomy":"yarn_type","embeddable":true,"href":"https:\/\/filtertech.ca\/fr\/wp-json\/wp\/v2\/yarn_type?post=51804"},{"taxonomy":"micron","embeddable":true,"href":"https:\/\/filtertech.ca\/fr\/wp-json\/wp\/v2\/micron?post=51804"},{"taxonomy":"media","embeddable":true,"href":"https:\/\/filtertech.ca\/fr\/wp-json\/wp\/v2\/media?post=51804"},{"taxonomy":"size","embeddable":true,"href":"https:\/\/filtertech.ca\/fr\/wp-json\/wp\/v2\/size?post=51804"},{"taxonomy":"outside_diameter","embeddable":true,"href":"https:\/\/filtertech.ca\/fr\/wp-json\/wp\/v2\/outside_diameter?post=51804"},{"taxonomy":"inside_diameter","embeddable":true,"href":"https:\/\/filtertech.ca\/fr\/wp-json\/wp\/v2\/inside_diameter?post=51804"},{"taxonomy":"overall_diameter","embeddable":true,"href":"https:\/\/filtertech.ca\/fr\/wp-json\/wp\/v2\/overall_diameter?post=51804"},{"taxonomy":"end_cap","embeddable":true,"href":"https:\/\/filtertech.ca\/fr\/wp-json\/wp\/v2\/end_cap?post=51804"},{"taxonomy":"efficiency","embeddable":true,"href":"https:\/\/filtertech.ca\/fr\/wp-json\/wp\/v2\/efficiency?post=51804"},{"taxonomy":"support_core","embeddable":true,"href":"https:\/\/filtertech.ca\/fr\/wp-json\/wp\/v2\/support_core?post=51804"},{"taxonomy":"pleat_count","embeddable":true,"href":"https:\/\/filtertech.ca\/fr\/wp-json\/wp\/v2\/pleat_count?post=51804"}],"curies":[{"name":"wp","href":"https:\/\/api.w.org\/{rel}","templated":true}]}}