{"id":51725,"date":"2025-02-13T05:18:47","date_gmt":"2025-02-13T05:18:47","guid":{"rendered":"https:\/\/filtertech.ca\/product\/cartouche-filtrante-diversitech-s-3x6-16nf13-nano-ignifuge-merv-15-280-plis-bride-rectangulaire-ouverte-fermee\/"},"modified":"2026-03-31T05:16:52","modified_gmt":"2026-03-31T05:16:52","slug":"cartouche-filtrante-diversitech-s-3x6-16nf13-nano-ignifuge-merv-15-280-plis-bride-rectangulaire-ouverte-fermee","status":"publish","type":"product","link":"https:\/\/filtertech.ca\/fr\/produit\/cartouche-filtrante-diversitech-s-3x6-16nf13-nano-ignifuge-merv-15-280-plis-bride-rectangulaire-ouverte-fermee\/","title":{"rendered":"Cartouche filtrante, Diversitech S-3X6-16NF13, NANO ignifuge, MERV 15, 280 plis, bride rectangulaire ouverte\/ferm\u00e9e"},"content":{"rendered":"<p>Cartouche de filtre \u00e0 poussi\u00e8re, 12,75 x 8,375 x 16 h, NANO ignifuge, MERV 15, 280 plis, ouverte\/ferm\u00e9e, bride rectangulaire 14&Prime; x 16&Prime; (joint 0,5 x 0,5)<\/p>\n","protected":false},"excerpt":{"rendered":"<p><strong>R\u00e9f\u00e9rence :<\/strong> A31118-AF06-02<\/p>\n<p><strong>Dimensions :<\/strong> 12,75 DE x 8,375 DI x 16 H<\/p>\n<p><strong>Nombre de plis :<\/strong> 280<\/p>\n<p><strong>Support central :<\/strong> M\u00e9tal d\u00e9ploy\u00e9 int\u00e9rieur\/Bande tiss\u00e9e ext\u00e9rieure<\/p>\n<p><strong>Efficacit\u00e9 et m\u00e9dia :<\/strong> MERV 15 &#8211; Papier cellulose NANO (ignifuge)<\/p>\n<p><strong>Style de capuchon d\u2019extr\u00e9mit\u00e9&nbsp;:<\/strong> rectangulaire 16X14,2\/ferm\u00e9 (sans trou) 1 joint<\/p>\n<p><strong>Dimensions du joint&nbsp;:<\/strong> 0,5 l x 0,5 po H x 11,25 DI<\/p>\n<p><strong>Disponibilit\u00e9 :<\/strong><\/p>\n<p><strong>Lieu d\u2019origine :<\/strong> Montr\u00e9al, QC, Canada<\/p>\n<p>&nbsp;<\/p>\n","protected":false},"featured_media":26253,"template":"","meta":{"_acf_changed":false},"product_brand":[],"product_cat":[9316],"product_tag":[],"yarn_type":[],"micron":[],"media":[],"size":[11976],"outside_diameter":[],"inside_diameter":[],"overall_diameter":[],"end_cap":[11758],"efficiency":[9432],"support_core":[9424],"pleat_count":[9431],"class_list":{"0":"post-51725","1":"product","2":"type-product","3":"status-publish","4":"has-post-thumbnail","6":"product_cat-dust-fume-mist-collection-cartridges","7":"size-1275-de-x-8375-di-x-16-h","8":"end_cap-rectangulaire-16-x-142-ferme-sans-trou-1-joint","9":"efficiency-merv-15-nano-ignifuge-papier-cellulosique","10":"support_core-bande-interieure-deployee-exterieure-tissee","11":"pleat_count-9431","12":"entry","13":"has-media","15":"first","16":"instock","17":"product-type-simple"},"acf":[],"_links":{"self":[{"href":"https:\/\/filtertech.ca\/fr\/wp-json\/wp\/v2\/product\/51725","targetHints":{"allow":["GET"]}}],"collection":[{"href":"https:\/\/filtertech.ca\/fr\/wp-json\/wp\/v2\/product"}],"about":[{"href":"https:\/\/filtertech.ca\/fr\/wp-json\/wp\/v2\/types\/product"}],"wp:featuredmedia":[{"embeddable":true,"href":"https:\/\/filtertech.ca\/fr\/wp-json\/wp\/v2\/media\/26253"}],"wp:attachment":[{"href":"https:\/\/filtertech.ca\/fr\/wp-json\/wp\/v2\/media?parent=51725"}],"wp:term":[{"taxonomy":"product_brand","embeddable":true,"href":"https:\/\/filtertech.ca\/fr\/wp-json\/wp\/v2\/product_brand?post=51725"},{"taxonomy":"product_cat","embeddable":true,"href":"https:\/\/filtertech.ca\/fr\/wp-json\/wp\/v2\/product_cat?post=51725"},{"taxonomy":"product_tag","embeddable":true,"href":"https:\/\/filtertech.ca\/fr\/wp-json\/wp\/v2\/product_tag?post=51725"},{"taxonomy":"yarn_type","embeddable":true,"href":"https:\/\/filtertech.ca\/fr\/wp-json\/wp\/v2\/yarn_type?post=51725"},{"taxonomy":"micron","embeddable":true,"href":"https:\/\/filtertech.ca\/fr\/wp-json\/wp\/v2\/micron?post=51725"},{"taxonomy":"media","embeddable":true,"href":"https:\/\/filtertech.ca\/fr\/wp-json\/wp\/v2\/media?post=51725"},{"taxonomy":"size","embeddable":true,"href":"https:\/\/filtertech.ca\/fr\/wp-json\/wp\/v2\/size?post=51725"},{"taxonomy":"outside_diameter","embeddable":true,"href":"https:\/\/filtertech.ca\/fr\/wp-json\/wp\/v2\/outside_diameter?post=51725"},{"taxonomy":"inside_diameter","embeddable":true,"href":"https:\/\/filtertech.ca\/fr\/wp-json\/wp\/v2\/inside_diameter?post=51725"},{"taxonomy":"overall_diameter","embeddable":true,"href":"https:\/\/filtertech.ca\/fr\/wp-json\/wp\/v2\/overall_diameter?post=51725"},{"taxonomy":"end_cap","embeddable":true,"href":"https:\/\/filtertech.ca\/fr\/wp-json\/wp\/v2\/end_cap?post=51725"},{"taxonomy":"efficiency","embeddable":true,"href":"https:\/\/filtertech.ca\/fr\/wp-json\/wp\/v2\/efficiency?post=51725"},{"taxonomy":"support_core","embeddable":true,"href":"https:\/\/filtertech.ca\/fr\/wp-json\/wp\/v2\/support_core?post=51725"},{"taxonomy":"pleat_count","embeddable":true,"href":"https:\/\/filtertech.ca\/fr\/wp-json\/wp\/v2\/pleat_count?post=51725"}],"curies":[{"name":"wp","href":"https:\/\/api.w.org\/{rel}","templated":true}]}}