{"id":51718,"date":"2025-02-13T05:18:47","date_gmt":"2025-02-13T05:18:47","guid":{"rendered":"https:\/\/filtertech.ca\/product\/cartouche-filtrante-a-poussiere-diversitech-s-3x6-16nf13-nano-ignifuge-merv-15-bride-rectangulaire-ouverte-fermee\/"},"modified":"2026-03-30T07:03:19","modified_gmt":"2026-03-30T07:03:19","slug":"cartouche-filtrante-a-poussiere-diversitech-s-3x6-16nf13-nano-ignifuge-merv-15-bride-rectangulaire-ouverte-fermee","status":"publish","type":"product","link":"https:\/\/filtertech.ca\/fr\/produit\/cartouche-filtrante-a-poussiere-diversitech-s-3x6-16nf13-nano-ignifuge-merv-15-bride-rectangulaire-ouverte-fermee\/","title":{"rendered":"Cartouche filtrante \u00e0 poussi\u00e8re, Diversitech-S-3X6-16NF13, NANO ignifuge, MERV 15, bride rectangulaire ouverte\/ferm\u00e9e"},"content":{"rendered":"<p>Cartouche filtrante \u00e0 poussi\u00e8re, 12,75 x 8,375 x 16 haut, NANO ignifuge, MERV 15, 325 plis, ouvert\/ferm\u00e9, bride rectangulaire 14,25 x 16 (joint 0,5 x 0,5)<\/p>\n","protected":false},"excerpt":{"rendered":"<p><strong>Num\u00e9ro de pi\u00e8ce :<\/strong> A31121-AF14-06<\/p>\n<p><strong>Dimensions :<\/strong> 12,75 DE x 8,375 DI x 16 H<\/p>\n<p><strong>Nombre de plis :<\/strong> 325<\/p>\n<p><strong>Support central :<\/strong> M\u00e9tal d\u00e9ploy\u00e9 int\u00e9rieur\/Bande tiss\u00e9e ext\u00e9rieure<\/p>\n<p><strong>Efficacit\u00e9 et m\u00e9dia :<\/strong> MERV 15 &#8211; Papier cellulose NANO (ignifuge)<\/p>\n<p><strong>Style d\u2019embout :<\/strong> rectangulaire 16 x 14,2\/ferm\u00e9 (trou 0,56&Prime;)<\/p>\n<p><strong>Dimensions du joint :<\/strong> 0,5 l x 0,625 H, forme en D x 11,25 DI<\/p>\n<p><strong>Disponibilit\u00e9 :<\/strong> Nous contacter<\/p>\n<p><strong>Lieu d\u2019origine :<\/strong> Montr\u00e9al, QC, Canada<\/p>\n<p>&nbsp;<\/p>\n","protected":false},"featured_media":26253,"template":"","meta":{"_acf_changed":false},"product_brand":[],"product_cat":[9316],"product_tag":[],"yarn_type":[],"micron":[],"media":[],"size":[11976],"outside_diameter":[],"inside_diameter":[],"overall_diameter":[],"end_cap":[11977],"efficiency":[9432],"support_core":[9424],"pleat_count":[11925],"class_list":{"0":"post-51718","1":"product","2":"type-product","3":"status-publish","4":"has-post-thumbnail","6":"product_cat-dust-fume-mist-collection-cartridges","7":"size-1275-de-x-8375-di-x-16-h","8":"end_cap-rectangulaire-16-x-142-ferme-trou-de-056","9":"efficiency-merv-15-nano-ignifuge-papier-cellulosique","10":"support_core-bande-interieure-deployee-exterieure-tissee","11":"pleat_count-11925","12":"entry","13":"has-media","15":"first","16":"instock","17":"product-type-simple"},"acf":[],"_links":{"self":[{"href":"https:\/\/filtertech.ca\/fr\/wp-json\/wp\/v2\/product\/51718","targetHints":{"allow":["GET"]}}],"collection":[{"href":"https:\/\/filtertech.ca\/fr\/wp-json\/wp\/v2\/product"}],"about":[{"href":"https:\/\/filtertech.ca\/fr\/wp-json\/wp\/v2\/types\/product"}],"wp:featuredmedia":[{"embeddable":true,"href":"https:\/\/filtertech.ca\/fr\/wp-json\/wp\/v2\/media\/26253"}],"wp:attachment":[{"href":"https:\/\/filtertech.ca\/fr\/wp-json\/wp\/v2\/media?parent=51718"}],"wp:term":[{"taxonomy":"product_brand","embeddable":true,"href":"https:\/\/filtertech.ca\/fr\/wp-json\/wp\/v2\/product_brand?post=51718"},{"taxonomy":"product_cat","embeddable":true,"href":"https:\/\/filtertech.ca\/fr\/wp-json\/wp\/v2\/product_cat?post=51718"},{"taxonomy":"product_tag","embeddable":true,"href":"https:\/\/filtertech.ca\/fr\/wp-json\/wp\/v2\/product_tag?post=51718"},{"taxonomy":"yarn_type","embeddable":true,"href":"https:\/\/filtertech.ca\/fr\/wp-json\/wp\/v2\/yarn_type?post=51718"},{"taxonomy":"micron","embeddable":true,"href":"https:\/\/filtertech.ca\/fr\/wp-json\/wp\/v2\/micron?post=51718"},{"taxonomy":"media","embeddable":true,"href":"https:\/\/filtertech.ca\/fr\/wp-json\/wp\/v2\/media?post=51718"},{"taxonomy":"size","embeddable":true,"href":"https:\/\/filtertech.ca\/fr\/wp-json\/wp\/v2\/size?post=51718"},{"taxonomy":"outside_diameter","embeddable":true,"href":"https:\/\/filtertech.ca\/fr\/wp-json\/wp\/v2\/outside_diameter?post=51718"},{"taxonomy":"inside_diameter","embeddable":true,"href":"https:\/\/filtertech.ca\/fr\/wp-json\/wp\/v2\/inside_diameter?post=51718"},{"taxonomy":"overall_diameter","embeddable":true,"href":"https:\/\/filtertech.ca\/fr\/wp-json\/wp\/v2\/overall_diameter?post=51718"},{"taxonomy":"end_cap","embeddable":true,"href":"https:\/\/filtertech.ca\/fr\/wp-json\/wp\/v2\/end_cap?post=51718"},{"taxonomy":"efficiency","embeddable":true,"href":"https:\/\/filtertech.ca\/fr\/wp-json\/wp\/v2\/efficiency?post=51718"},{"taxonomy":"support_core","embeddable":true,"href":"https:\/\/filtertech.ca\/fr\/wp-json\/wp\/v2\/support_core?post=51718"},{"taxonomy":"pleat_count","embeddable":true,"href":"https:\/\/filtertech.ca\/fr\/wp-json\/wp\/v2\/pleat_count?post=51718"}],"curies":[{"name":"wp","href":"https:\/\/api.w.org\/{rel}","templated":true}]}}