{"id":51714,"date":"2025-02-13T05:18:47","date_gmt":"2025-02-13T05:18:47","guid":{"rendered":"https:\/\/filtertech.ca\/product\/cartouche-filtrante-anti-poussiere-16-x-9625-x-115-h-nano-ignifuge-merv-15-350-plis-ouvert-ouvert-2-joints-05-x-05-donaldson-p031233\/"},"modified":"2026-03-31T05:02:42","modified_gmt":"2026-03-31T05:02:42","slug":"cartouche-filtrante-anti-poussiere-16-x-9625-x-115-h-nano-ignifuge-merv-15-350-plis-ouvert-ouvert-2-joints-05-x-05-donaldson-p031233","status":"publish","type":"product","link":"https:\/\/filtertech.ca\/fr\/produit\/cartouche-filtrante-anti-poussiere-16-x-9625-x-115-h-nano-ignifuge-merv-15-350-plis-ouvert-ouvert-2-joints-05-x-05-donaldson-p031233\/","title":{"rendered":"Cartouche filtrante anti-poussi\u00e8re, 16 x 9,625 x 11,5 H, NANO ignifuge, MERV 15, 350 plis, Ouvert\/Ouvert (2 joints 0,5 x 0,5), Donaldson P031233"},"content":{"rendered":"<p>Cartouche filtrante anti-poussi\u00e8re, 16 x 9,625 x 11,5 H, NANO ignifuge, MERV 15, 350 plis, Ouvert\/Ouvert (joint 0,5 x 0,5)<\/p>\n","protected":false},"excerpt":{"rendered":"<p><strong>Num\u00e9ro de pi\u00e8ce :<\/strong> A31522-GF01-09<\/p>\n<p><strong>Dimensions :<\/strong> 16 PO x 9,625 PI x 11,5 H<\/p>\n<p><strong>Nombre de plis&nbsp;:<\/strong> 350<\/p>\n<p><strong>Support du noyau&nbsp;:<\/strong> m\u00e9tal d\u00e9ploy\u00e9 int\u00e9rieur \/ bande ext\u00e9rieure<\/p>\n<p><strong>Efficacit\u00e9 et m\u00e9dia :<\/strong> MERV 15 &#8211; Papier cellulose NANO (ignifuge)<\/p>\n<p><strong>Style de capuchon d\u2019extr\u00e9mit\u00e9&nbsp;:<\/strong> ouvert\/ouvert, 2 joints<\/p>\n<p><strong>Dimensions du joint :<\/strong> 0,5 L x 0,5 po H x 14 po DI<\/p>\n<p><strong>Disponibilit\u00e9 :<\/strong> 2 semaines<\/p>\n<p><strong>Lieu d\u2019origine :<\/strong> Montr\u00e9al, QC, Canada<\/p>\n<p>&nbsp;<\/p>\n","protected":false},"featured_media":26163,"template":"","meta":{"_acf_changed":false},"product_brand":[],"product_cat":[9316],"product_tag":[],"yarn_type":[],"micron":[],"media":[],"size":[11973],"outside_diameter":[],"inside_diameter":[],"overall_diameter":[],"end_cap":[11944],"efficiency":[9432],"support_core":[11974],"pleat_count":[11946],"class_list":{"0":"post-51714","1":"product","2":"type-product","3":"status-publish","4":"has-post-thumbnail","6":"product_cat-dust-fume-mist-collection-cartridges","7":"size-16-de-x-9625-di-x-115-h","8":"end_cap-ouvert-ouvert-2-joints","9":"efficiency-merv-15-nano-ignifuge-papier-cellulosique","10":"support_core-interieur-expanse-bande-exterieure","11":"pleat_count-11946","12":"entry","13":"has-media","15":"first","16":"instock","17":"product-type-simple"},"acf":[],"_links":{"self":[{"href":"https:\/\/filtertech.ca\/fr\/wp-json\/wp\/v2\/product\/51714","targetHints":{"allow":["GET"]}}],"collection":[{"href":"https:\/\/filtertech.ca\/fr\/wp-json\/wp\/v2\/product"}],"about":[{"href":"https:\/\/filtertech.ca\/fr\/wp-json\/wp\/v2\/types\/product"}],"wp:featuredmedia":[{"embeddable":true,"href":"https:\/\/filtertech.ca\/fr\/wp-json\/wp\/v2\/media\/26163"}],"wp:attachment":[{"href":"https:\/\/filtertech.ca\/fr\/wp-json\/wp\/v2\/media?parent=51714"}],"wp:term":[{"taxonomy":"product_brand","embeddable":true,"href":"https:\/\/filtertech.ca\/fr\/wp-json\/wp\/v2\/product_brand?post=51714"},{"taxonomy":"product_cat","embeddable":true,"href":"https:\/\/filtertech.ca\/fr\/wp-json\/wp\/v2\/product_cat?post=51714"},{"taxonomy":"product_tag","embeddable":true,"href":"https:\/\/filtertech.ca\/fr\/wp-json\/wp\/v2\/product_tag?post=51714"},{"taxonomy":"yarn_type","embeddable":true,"href":"https:\/\/filtertech.ca\/fr\/wp-json\/wp\/v2\/yarn_type?post=51714"},{"taxonomy":"micron","embeddable":true,"href":"https:\/\/filtertech.ca\/fr\/wp-json\/wp\/v2\/micron?post=51714"},{"taxonomy":"media","embeddable":true,"href":"https:\/\/filtertech.ca\/fr\/wp-json\/wp\/v2\/media?post=51714"},{"taxonomy":"size","embeddable":true,"href":"https:\/\/filtertech.ca\/fr\/wp-json\/wp\/v2\/size?post=51714"},{"taxonomy":"outside_diameter","embeddable":true,"href":"https:\/\/filtertech.ca\/fr\/wp-json\/wp\/v2\/outside_diameter?post=51714"},{"taxonomy":"inside_diameter","embeddable":true,"href":"https:\/\/filtertech.ca\/fr\/wp-json\/wp\/v2\/inside_diameter?post=51714"},{"taxonomy":"overall_diameter","embeddable":true,"href":"https:\/\/filtertech.ca\/fr\/wp-json\/wp\/v2\/overall_diameter?post=51714"},{"taxonomy":"end_cap","embeddable":true,"href":"https:\/\/filtertech.ca\/fr\/wp-json\/wp\/v2\/end_cap?post=51714"},{"taxonomy":"efficiency","embeddable":true,"href":"https:\/\/filtertech.ca\/fr\/wp-json\/wp\/v2\/efficiency?post=51714"},{"taxonomy":"support_core","embeddable":true,"href":"https:\/\/filtertech.ca\/fr\/wp-json\/wp\/v2\/support_core?post=51714"},{"taxonomy":"pleat_count","embeddable":true,"href":"https:\/\/filtertech.ca\/fr\/wp-json\/wp\/v2\/pleat_count?post=51714"}],"curies":[{"name":"wp","href":"https:\/\/api.w.org\/{rel}","templated":true}]}}