{"id":51708,"date":"2025-02-13T05:19:03","date_gmt":"2025-02-13T05:19:03","guid":{"rendered":"https:\/\/filtertech.ca\/product\/cartouche-filtrante-a-poussiere-16-x-115-x-345-haut-nano-merv-15-400-plis-ouvert-ferme-aaf-134-1569656-001\/"},"modified":"2026-03-31T05:16:49","modified_gmt":"2026-03-31T05:16:49","slug":"cartouche-filtrante-a-poussiere-16-x-115-x-345-haut-nano-merv-15-400-plis-ouvert-ferme-aaf-134-1569656-001","status":"publish","type":"product","link":"https:\/\/filtertech.ca\/fr\/produit\/cartouche-filtrante-a-poussiere-16-x-115-x-345-haut-nano-merv-15-400-plis-ouvert-ferme-aaf-134-1569656-001\/","title":{"rendered":"Cartouche filtrante \u00e0 poussi\u00e8re, 16 x 11,5 x 34,5 haut, NANO, MERV 15, 400 plis, ouvert\/ferm\u00e9, AAF 134-1569656-001"},"content":{"rendered":"<p>Cartouche filtrante \u00e0 poussi\u00e8re, 16 x 11,5 x 34,5 haut, NANO, MERV 15, 400 plis, O\/F, trou 0,65 (1 joint)<\/p>\n","protected":false},"excerpt":{"rendered":"<p><strong>Num\u00e9ro de pi\u00e8ce :<\/strong> A32329-SL05-09<\/p>\n<p><strong>Dimensions :<\/strong> 16 DE x 11,5 DI x 34,5 H<\/p>\n<p><strong>Nombre de plis :<\/strong> 400<\/p>\n<p><strong>Support central :<\/strong> Int\u00e9rieur\/Ext\u00e9rieur (d\u00e9ploy\u00e9)<\/p>\n<p><strong>Efficacit\u00e9 et m\u00e9dia :<\/strong> MERV 15 &#8211; papier cellulose NANO<\/p>\n<p><strong>Type de flasque&nbsp;:<\/strong> Ouvert\/ferm\u00e9 (trou de 0,56 po) 1 joint<\/p>\n<p><strong>Dimensions du joint :<\/strong> 0,5 L x 0,5 po H x 14 po DI<\/p>\n<p><strong>Disponibilit\u00e9 :<\/strong> 2 semaines<\/p>\n<p><strong>Lieu d\u2019origine :<\/strong> Montr\u00e9al, QC, Canada<\/p>\n<p>&nbsp;<\/p>\n","protected":false},"featured_media":24836,"template":"","meta":{"_acf_changed":false},"product_brand":[],"product_cat":[9316],"product_tag":[],"yarn_type":[],"micron":[],"media":[],"size":[11967],"outside_diameter":[],"inside_diameter":[],"overall_diameter":[],"end_cap":[9421],"efficiency":[11924],"support_core":[9419],"pleat_count":[11937],"class_list":{"0":"post-51708","1":"product","2":"type-product","3":"status-publish","4":"has-post-thumbnail","6":"product_cat-dust-fume-mist-collection-cartridges","7":"size-16-de-x-115-di-x-345-h","8":"end_cap-ouvert-ferme-trou-de-056-po-1-joint","9":"efficiency-merv-15-papier-cellulose-nano","10":"support_core-interieur-exterieur-deploye","11":"pleat_count-11937","12":"entry","13":"has-media","15":"first","16":"instock","17":"product-type-simple"},"acf":[],"_links":{"self":[{"href":"https:\/\/filtertech.ca\/fr\/wp-json\/wp\/v2\/product\/51708","targetHints":{"allow":["GET"]}}],"collection":[{"href":"https:\/\/filtertech.ca\/fr\/wp-json\/wp\/v2\/product"}],"about":[{"href":"https:\/\/filtertech.ca\/fr\/wp-json\/wp\/v2\/types\/product"}],"wp:featuredmedia":[{"embeddable":true,"href":"https:\/\/filtertech.ca\/fr\/wp-json\/wp\/v2\/media\/24836"}],"wp:attachment":[{"href":"https:\/\/filtertech.ca\/fr\/wp-json\/wp\/v2\/media?parent=51708"}],"wp:term":[{"taxonomy":"product_brand","embeddable":true,"href":"https:\/\/filtertech.ca\/fr\/wp-json\/wp\/v2\/product_brand?post=51708"},{"taxonomy":"product_cat","embeddable":true,"href":"https:\/\/filtertech.ca\/fr\/wp-json\/wp\/v2\/product_cat?post=51708"},{"taxonomy":"product_tag","embeddable":true,"href":"https:\/\/filtertech.ca\/fr\/wp-json\/wp\/v2\/product_tag?post=51708"},{"taxonomy":"yarn_type","embeddable":true,"href":"https:\/\/filtertech.ca\/fr\/wp-json\/wp\/v2\/yarn_type?post=51708"},{"taxonomy":"micron","embeddable":true,"href":"https:\/\/filtertech.ca\/fr\/wp-json\/wp\/v2\/micron?post=51708"},{"taxonomy":"media","embeddable":true,"href":"https:\/\/filtertech.ca\/fr\/wp-json\/wp\/v2\/media?post=51708"},{"taxonomy":"size","embeddable":true,"href":"https:\/\/filtertech.ca\/fr\/wp-json\/wp\/v2\/size?post=51708"},{"taxonomy":"outside_diameter","embeddable":true,"href":"https:\/\/filtertech.ca\/fr\/wp-json\/wp\/v2\/outside_diameter?post=51708"},{"taxonomy":"inside_diameter","embeddable":true,"href":"https:\/\/filtertech.ca\/fr\/wp-json\/wp\/v2\/inside_diameter?post=51708"},{"taxonomy":"overall_diameter","embeddable":true,"href":"https:\/\/filtertech.ca\/fr\/wp-json\/wp\/v2\/overall_diameter?post=51708"},{"taxonomy":"end_cap","embeddable":true,"href":"https:\/\/filtertech.ca\/fr\/wp-json\/wp\/v2\/end_cap?post=51708"},{"taxonomy":"efficiency","embeddable":true,"href":"https:\/\/filtertech.ca\/fr\/wp-json\/wp\/v2\/efficiency?post=51708"},{"taxonomy":"support_core","embeddable":true,"href":"https:\/\/filtertech.ca\/fr\/wp-json\/wp\/v2\/support_core?post=51708"},{"taxonomy":"pleat_count","embeddable":true,"href":"https:\/\/filtertech.ca\/fr\/wp-json\/wp\/v2\/pleat_count?post=51708"}],"curies":[{"name":"wp","href":"https:\/\/api.w.org\/{rel}","templated":true}]}}