{"id":51700,"date":"2025-02-13T05:19:03","date_gmt":"2025-02-13T05:19:03","guid":{"rendered":"https:\/\/filtertech.ca\/product\/cartouche-filtrante-a-poussiere-1807-x-1294-x-36-haut-nano-ignifuge-merv-15-315-plis-ouvert-ouvert-2-joints-05-x-05\/"},"modified":"2026-03-31T05:27:07","modified_gmt":"2026-03-31T05:27:07","slug":"cartouche-filtrante-a-poussiere-1807-x-1294-x-36-haut-nano-ignifuge-merv-15-315-plis-ouvert-ouvert-2-joints-05-x-05","status":"publish","type":"product","link":"https:\/\/filtertech.ca\/fr\/produit\/cartouche-filtrante-a-poussiere-1807-x-1294-x-36-haut-nano-ignifuge-merv-15-315-plis-ouvert-ouvert-2-joints-05-x-05\/","title":{"rendered":"Cartouche filtrante \u00e0 poussi\u00e8re, 18,07 x 12,94 x 36 haut, NANO ignifuge, MERV 15, 315 plis, ouvert\/ouvert (2 joints 0,5 x 0,5)"},"content":{"rendered":"<p>Cartouche filtrante \u00e0 poussi\u00e8re, 18,07 x 12,94 x 36 haut, NANO ignifuge, MERV 15, 315 plis, ouvert\/ouvert (2 joints 0,5 x 0,5)<\/p>\n","protected":false},"excerpt":{"rendered":"<p><strong>Num\u00e9ro de pi\u00e8ce :<\/strong> A32820-AF01-13<\/p>\n<p><strong>Dimensions :<\/strong> 18,0625 DE x 12,9375 DI x 36 H<\/p>\n<p><strong>Nombre de plis :<\/strong> 315<\/p>\n<p><strong>Support central :<\/strong> M\u00e9tal d\u00e9ploy\u00e9 int\u00e9rieur\/Bande tiss\u00e9e ext\u00e9rieure<\/p>\n<p><strong>Efficacit\u00e9 et m\u00e9dia :<\/strong> MERV 15 &#8211; Papier cellulose NANO (ignifuge)<\/p>\n<p><strong>Style de capuchon d\u2019extr\u00e9mit\u00e9&nbsp;:<\/strong> ouvert\/ouvert, 2 joints<\/p>\n<p><strong>Dimensions du joint :<\/strong> 0,5 L x 0,5 H x 15,5 DI (po)<\/p>\n<p><strong>Disponibilit\u00e9 :<\/strong> 2 semaines<\/p>\n<p><strong>Lieu d\u2019origine :<\/strong> Montr\u00e9al, QC, Canada<\/p>\n<p><strong><\/p>\n","protected":false},"featured_media":24836,"template":"","meta":{"_acf_changed":false},"product_brand":[],"product_cat":[9316],"product_tag":[],"yarn_type":[],"micron":[],"media":[],"size":[11954],"outside_diameter":[],"inside_diameter":[],"overall_diameter":[],"end_cap":[11944],"efficiency":[9432],"support_core":[9424],"pleat_count":[11955],"class_list":{"0":"post-51700","1":"product","2":"type-product","3":"status-publish","4":"has-post-thumbnail","6":"product_cat-dust-fume-mist-collection-cartridges","7":"size-180625-de-x-129375-di-x-36-h","8":"end_cap-ouvert-ouvert-2-joints","9":"efficiency-merv-15-nano-ignifuge-papier-cellulosique","10":"support_core-bande-interieure-deployee-exterieure-tissee","11":"pleat_count-11955","12":"entry","13":"has-media","15":"first","16":"instock","17":"product-type-simple"},"acf":[],"_links":{"self":[{"href":"https:\/\/filtertech.ca\/fr\/wp-json\/wp\/v2\/product\/51700","targetHints":{"allow":["GET"]}}],"collection":[{"href":"https:\/\/filtertech.ca\/fr\/wp-json\/wp\/v2\/product"}],"about":[{"href":"https:\/\/filtertech.ca\/fr\/wp-json\/wp\/v2\/types\/product"}],"wp:featuredmedia":[{"embeddable":true,"href":"https:\/\/filtertech.ca\/fr\/wp-json\/wp\/v2\/media\/24836"}],"wp:attachment":[{"href":"https:\/\/filtertech.ca\/fr\/wp-json\/wp\/v2\/media?parent=51700"}],"wp:term":[{"taxonomy":"product_brand","embeddable":true,"href":"https:\/\/filtertech.ca\/fr\/wp-json\/wp\/v2\/product_brand?post=51700"},{"taxonomy":"product_cat","embeddable":true,"href":"https:\/\/filtertech.ca\/fr\/wp-json\/wp\/v2\/product_cat?post=51700"},{"taxonomy":"product_tag","embeddable":true,"href":"https:\/\/filtertech.ca\/fr\/wp-json\/wp\/v2\/product_tag?post=51700"},{"taxonomy":"yarn_type","embeddable":true,"href":"https:\/\/filtertech.ca\/fr\/wp-json\/wp\/v2\/yarn_type?post=51700"},{"taxonomy":"micron","embeddable":true,"href":"https:\/\/filtertech.ca\/fr\/wp-json\/wp\/v2\/micron?post=51700"},{"taxonomy":"media","embeddable":true,"href":"https:\/\/filtertech.ca\/fr\/wp-json\/wp\/v2\/media?post=51700"},{"taxonomy":"size","embeddable":true,"href":"https:\/\/filtertech.ca\/fr\/wp-json\/wp\/v2\/size?post=51700"},{"taxonomy":"outside_diameter","embeddable":true,"href":"https:\/\/filtertech.ca\/fr\/wp-json\/wp\/v2\/outside_diameter?post=51700"},{"taxonomy":"inside_diameter","embeddable":true,"href":"https:\/\/filtertech.ca\/fr\/wp-json\/wp\/v2\/inside_diameter?post=51700"},{"taxonomy":"overall_diameter","embeddable":true,"href":"https:\/\/filtertech.ca\/fr\/wp-json\/wp\/v2\/overall_diameter?post=51700"},{"taxonomy":"end_cap","embeddable":true,"href":"https:\/\/filtertech.ca\/fr\/wp-json\/wp\/v2\/end_cap?post=51700"},{"taxonomy":"efficiency","embeddable":true,"href":"https:\/\/filtertech.ca\/fr\/wp-json\/wp\/v2\/efficiency?post=51700"},{"taxonomy":"support_core","embeddable":true,"href":"https:\/\/filtertech.ca\/fr\/wp-json\/wp\/v2\/support_core?post=51700"},{"taxonomy":"pleat_count","embeddable":true,"href":"https:\/\/filtertech.ca\/fr\/wp-json\/wp\/v2\/pleat_count?post=51700"}],"curies":[{"name":"wp","href":"https:\/\/api.w.org\/{rel}","templated":true}]}}