{"id":51693,"date":"2025-02-13T05:19:03","date_gmt":"2025-02-13T05:19:03","guid":{"rendered":"https:\/\/filtertech.ca\/product\/cartouche-filtrante-a-poussiere-1275-x-95-x-26-papier-nano-merv-15-350-plis-ouvert-ouvert-1-joint\/"},"modified":"2026-03-30T06:59:05","modified_gmt":"2026-03-30T06:59:05","slug":"cartouche-filtrante-a-poussiere-1275-x-95-x-26-papier-nano-merv-15-350-plis-ouvert-ouvert-1-joint","status":"publish","type":"product","link":"https:\/\/filtertech.ca\/fr\/produit\/cartouche-filtrante-a-poussiere-1275-x-95-x-26-papier-nano-merv-15-350-plis-ouvert-ouvert-1-joint\/","title":{"rendered":"Cartouche filtrante \u00e0 poussi\u00e8re, 12,75 x 9,5 x 26, papier NANO, MERV 15, 350 plis, ouvert\/ouvert (1 joint)"},"content":{"rendered":"<p>Cartouche filtrante \u00e0 poussi\u00e8re, 12,75 x 9,5 x 26, papier NANO, MERV 15, 350 plis, ouvert\/ouvert (1 joint)<\/p>\n","protected":false},"excerpt":{"rendered":"<p><strong>Num\u00e9ro de pi\u00e8ce&nbsp;:<\/strong> A33222-SL02-06<\/p>\n<p><strong>Dimensions&nbsp;:<\/strong> 12,75 DE x 9,5 DI x 26 H<\/p>\n<p><strong>Nombre de plis&nbsp;:<\/strong> 350<\/p>\n<p><strong>Support central :<\/strong> Int\u00e9rieur\/Ext\u00e9rieur (d\u00e9ploy\u00e9)<\/p>\n<p><strong>Efficacit\u00e9 et m\u00e9dia :<\/strong> MERV 15 &#8211; papier cellulose NANO<\/p>\n<p><strong>Type de flasque :<\/strong> Ouvert\/Ouvert, 1 joint<\/p>\n<p><strong>Dimensions du joint :<\/strong> 0,5 l x 0,625 H, forme en D x 11,25 DI<\/p>\n<p><strong>Disponibilit\u00e9 :<\/strong> 2 semaines<\/p>\n<p><strong>Lieu d\u2019origine :<\/strong> Montr\u00e9al, QC, Canada<\/p>\n<p><strong><\/p>\n","protected":false},"featured_media":24836,"template":"","meta":{"_acf_changed":false},"product_brand":[],"product_cat":[9316],"product_tag":[],"yarn_type":[],"micron":[],"media":[],"size":[11945],"outside_diameter":[],"inside_diameter":[],"overall_diameter":[],"end_cap":[9417],"efficiency":[11924],"support_core":[9419],"pleat_count":[11946],"class_list":{"0":"post-51693","1":"product","2":"type-product","3":"status-publish","4":"has-post-thumbnail","6":"product_cat-dust-fume-mist-collection-cartridges","7":"size-1275-de-x-95-di-x-26-h","8":"end_cap-ouvert-ouvert-1-joint","9":"efficiency-merv-15-papier-cellulose-nano","10":"support_core-interieur-exterieur-deploye","11":"pleat_count-11946","12":"entry","13":"has-media","15":"first","16":"instock","17":"product-type-simple"},"acf":[],"_links":{"self":[{"href":"https:\/\/filtertech.ca\/fr\/wp-json\/wp\/v2\/product\/51693","targetHints":{"allow":["GET"]}}],"collection":[{"href":"https:\/\/filtertech.ca\/fr\/wp-json\/wp\/v2\/product"}],"about":[{"href":"https:\/\/filtertech.ca\/fr\/wp-json\/wp\/v2\/types\/product"}],"wp:featuredmedia":[{"embeddable":true,"href":"https:\/\/filtertech.ca\/fr\/wp-json\/wp\/v2\/media\/24836"}],"wp:attachment":[{"href":"https:\/\/filtertech.ca\/fr\/wp-json\/wp\/v2\/media?parent=51693"}],"wp:term":[{"taxonomy":"product_brand","embeddable":true,"href":"https:\/\/filtertech.ca\/fr\/wp-json\/wp\/v2\/product_brand?post=51693"},{"taxonomy":"product_cat","embeddable":true,"href":"https:\/\/filtertech.ca\/fr\/wp-json\/wp\/v2\/product_cat?post=51693"},{"taxonomy":"product_tag","embeddable":true,"href":"https:\/\/filtertech.ca\/fr\/wp-json\/wp\/v2\/product_tag?post=51693"},{"taxonomy":"yarn_type","embeddable":true,"href":"https:\/\/filtertech.ca\/fr\/wp-json\/wp\/v2\/yarn_type?post=51693"},{"taxonomy":"micron","embeddable":true,"href":"https:\/\/filtertech.ca\/fr\/wp-json\/wp\/v2\/micron?post=51693"},{"taxonomy":"media","embeddable":true,"href":"https:\/\/filtertech.ca\/fr\/wp-json\/wp\/v2\/media?post=51693"},{"taxonomy":"size","embeddable":true,"href":"https:\/\/filtertech.ca\/fr\/wp-json\/wp\/v2\/size?post=51693"},{"taxonomy":"outside_diameter","embeddable":true,"href":"https:\/\/filtertech.ca\/fr\/wp-json\/wp\/v2\/outside_diameter?post=51693"},{"taxonomy":"inside_diameter","embeddable":true,"href":"https:\/\/filtertech.ca\/fr\/wp-json\/wp\/v2\/inside_diameter?post=51693"},{"taxonomy":"overall_diameter","embeddable":true,"href":"https:\/\/filtertech.ca\/fr\/wp-json\/wp\/v2\/overall_diameter?post=51693"},{"taxonomy":"end_cap","embeddable":true,"href":"https:\/\/filtertech.ca\/fr\/wp-json\/wp\/v2\/end_cap?post=51693"},{"taxonomy":"efficiency","embeddable":true,"href":"https:\/\/filtertech.ca\/fr\/wp-json\/wp\/v2\/efficiency?post=51693"},{"taxonomy":"support_core","embeddable":true,"href":"https:\/\/filtertech.ca\/fr\/wp-json\/wp\/v2\/support_core?post=51693"},{"taxonomy":"pleat_count","embeddable":true,"href":"https:\/\/filtertech.ca\/fr\/wp-json\/wp\/v2\/pleat_count?post=51693"}],"curies":[{"name":"wp","href":"https:\/\/api.w.org\/{rel}","templated":true}]}}