{"id":51683,"date":"2025-02-13T05:19:13","date_gmt":"2025-02-13T05:19:13","guid":{"rendered":"https:\/\/filtertech.ca\/product\/cartouche-a-poussiere-1275-x-8375-x-39-nano-merv-15-325-plis-o-f-rec-joint-05-x-06-forme-en-d\/"},"modified":"2026-03-30T06:54:50","modified_gmt":"2026-03-30T06:54:50","slug":"cartouche-a-poussiere-1275-x-8375-x-39-nano-merv-15-325-plis-o-f-rec-joint-05-x-06-forme-en-d","status":"publish","type":"product","link":"https:\/\/filtertech.ca\/fr\/produit\/cartouche-a-poussiere-1275-x-8375-x-39-nano-merv-15-325-plis-o-f-rec-joint-05-x-06-forme-en-d\/","title":{"rendered":"Cartouche \u00e0 poussi\u00e8re, 12,75 x 8,375 x 39, NANO MERV 15, 325 plis, O\/F-REC, joint 0,5 x 0,6-forme en D"},"content":{"rendered":"<p>Cartouche \u00e0 poussi\u00e8re, 12,75 x 8,375 x 39, NANO MERV 15, 325 plis, O\/F-REC, joint 0,5 x 0,6-forme en D<\/p>\n","protected":false},"excerpt":{"rendered":"<p><strong>R\u00e9f\u00e9rence&nbsp;:<\/strong> A33721-AL06-06<\/p>\n<p><strong>Dimensions&nbsp;:<\/strong> 12,75 DE x 8,375 DI x 39 H<\/p>\n<p><strong>Nombre de plis :<\/strong> 325<\/p>\n<p><strong>Support central :<\/strong> M\u00e9tal d\u00e9ploy\u00e9 int\u00e9rieur\/Bande tiss\u00e9e ext\u00e9rieure<\/p>\n<p><strong>Efficacit\u00e9 et m\u00e9dia :<\/strong> MERV 15 &#8211; papier cellulose NANO<\/p>\n<p><strong>Style de capuchon d\u2019extr\u00e9mit\u00e9&nbsp;:<\/strong> rectangulaire 16X14,2\/ferm\u00e9 (sans trou) 1 joint<\/p>\n<p><strong>Dimensions du joint :<\/strong> 0,5 l x 0,625 H, forme en D x 11,25 DI<\/p>\n<p><strong>Disponibilit\u00e9 :<\/strong> 2 semaines<\/p>\n<p><strong>Lieu d\u2019origine :<\/strong> Montr\u00e9al, QC, Canada<\/p>\n<p>&nbsp;<\/p>\n","protected":false},"featured_media":0,"template":"","meta":{"_acf_changed":false},"product_brand":[],"product_cat":[9316],"product_tag":[],"yarn_type":[],"micron":[],"media":[],"size":[11928],"outside_diameter":[],"inside_diameter":[],"overall_diameter":[],"end_cap":[11758],"efficiency":[11924],"support_core":[9424],"pleat_count":[11925],"class_list":{"0":"post-51683","1":"product","2":"type-product","3":"status-publish","5":"product_cat-dust-fume-mist-collection-cartridges","6":"size-o-ext-1275-x-o-int-8375-x-h-39","7":"end_cap-rectangulaire-16-x-142-ferme-sans-trou-1-joint","8":"efficiency-merv-15-papier-cellulose-nano","9":"support_core-bande-interieure-deployee-exterieure-tissee","10":"pleat_count-11925","11":"entry","13":"first","14":"instock","15":"product-type-simple"},"acf":[],"_links":{"self":[{"href":"https:\/\/filtertech.ca\/fr\/wp-json\/wp\/v2\/product\/51683","targetHints":{"allow":["GET"]}}],"collection":[{"href":"https:\/\/filtertech.ca\/fr\/wp-json\/wp\/v2\/product"}],"about":[{"href":"https:\/\/filtertech.ca\/fr\/wp-json\/wp\/v2\/types\/product"}],"wp:attachment":[{"href":"https:\/\/filtertech.ca\/fr\/wp-json\/wp\/v2\/media?parent=51683"}],"wp:term":[{"taxonomy":"product_brand","embeddable":true,"href":"https:\/\/filtertech.ca\/fr\/wp-json\/wp\/v2\/product_brand?post=51683"},{"taxonomy":"product_cat","embeddable":true,"href":"https:\/\/filtertech.ca\/fr\/wp-json\/wp\/v2\/product_cat?post=51683"},{"taxonomy":"product_tag","embeddable":true,"href":"https:\/\/filtertech.ca\/fr\/wp-json\/wp\/v2\/product_tag?post=51683"},{"taxonomy":"yarn_type","embeddable":true,"href":"https:\/\/filtertech.ca\/fr\/wp-json\/wp\/v2\/yarn_type?post=51683"},{"taxonomy":"micron","embeddable":true,"href":"https:\/\/filtertech.ca\/fr\/wp-json\/wp\/v2\/micron?post=51683"},{"taxonomy":"media","embeddable":true,"href":"https:\/\/filtertech.ca\/fr\/wp-json\/wp\/v2\/media?post=51683"},{"taxonomy":"size","embeddable":true,"href":"https:\/\/filtertech.ca\/fr\/wp-json\/wp\/v2\/size?post=51683"},{"taxonomy":"outside_diameter","embeddable":true,"href":"https:\/\/filtertech.ca\/fr\/wp-json\/wp\/v2\/outside_diameter?post=51683"},{"taxonomy":"inside_diameter","embeddable":true,"href":"https:\/\/filtertech.ca\/fr\/wp-json\/wp\/v2\/inside_diameter?post=51683"},{"taxonomy":"overall_diameter","embeddable":true,"href":"https:\/\/filtertech.ca\/fr\/wp-json\/wp\/v2\/overall_diameter?post=51683"},{"taxonomy":"end_cap","embeddable":true,"href":"https:\/\/filtertech.ca\/fr\/wp-json\/wp\/v2\/end_cap?post=51683"},{"taxonomy":"efficiency","embeddable":true,"href":"https:\/\/filtertech.ca\/fr\/wp-json\/wp\/v2\/efficiency?post=51683"},{"taxonomy":"support_core","embeddable":true,"href":"https:\/\/filtertech.ca\/fr\/wp-json\/wp\/v2\/support_core?post=51683"},{"taxonomy":"pleat_count","embeddable":true,"href":"https:\/\/filtertech.ca\/fr\/wp-json\/wp\/v2\/pleat_count?post=51683"}],"curies":[{"name":"wp","href":"https:\/\/api.w.org\/{rel}","templated":true}]}}