{"id":51569,"date":"2025-02-13T07:17:21","date_gmt":"2025-02-13T07:17:21","guid":{"rendered":"https:\/\/filtertech.ca\/product\/element-de-filtre-a-air-o-ext-1206-o-int-609-hauteur-totale-2106\/"},"modified":"2026-03-27T07:56:16","modified_gmt":"2026-03-27T07:56:16","slug":"element-de-filtre-a-air-o-ext-1206-o-int-609-hauteur-totale-2106","status":"publish","type":"product","link":"https:\/\/filtertech.ca\/fr\/produit\/element-de-filtre-a-air-o-ext-1206-o-int-609-hauteur-totale-2106\/","title":{"rendered":"\u00c9l\u00e9ment de filtre \u00e0 air, \u00d8 ext. 12,06, \u00d8 int. 6,09, hauteur totale 21,06"},"content":{"rendered":"<p>\u00c9l\u00e9ment de filtre \u00e0 air, \u00d8 ext. 12,06, \u00d8 int. 6,09, hauteur totale 21,06<\/p>\n","protected":false},"excerpt":{"rendered":"<p><strong>Num\u00e9ro de pi\u00e8ce&nbsp;:<\/strong> BD-2668<\/p>\n<p><strong>Diam\u00e8tre ext\u00e9rieur :<\/strong> 12,06<\/p>\n<p><strong>Diam\u00e8tre int\u00e9rieur :<\/strong> 6,09<\/p>\n<p><strong>Hauteur totale&nbsp;:<\/strong> 21,06<\/p>\n<p><strong>Type d\u2019embout :<\/strong> M\u00e9tal SOE<\/p>\n<p><strong>Type de m\u00e9dia&nbsp;:<\/strong> papier<\/p>\n<p><strong>Efficacit\u00e9 nominale&nbsp;:<\/strong> 2 microns<\/p>\n<p><strong>Support de noyau :<\/strong> Treillis int\u00e9rieur-ext\u00e9rieur, calibre 22<\/p>\n<p><strong> Quantit\u00e9 par bo\u00eete :<\/strong> <\/p>\n<p><strong>Disponibilit\u00e9 :<\/strong> 2 semaines<\/p>\n<p><strong>Lieu d\u2019origine :<\/strong> Montr\u00e9al, QC, Canada<\/p>\n<p><strong><\/p>\n","protected":false},"featured_media":0,"template":"","meta":{"_acf_changed":false},"product_brand":[],"product_cat":[6637],"product_tag":[],"yarn_type":[],"micron":[],"media":[9427],"size":[],"outside_diameter":[11827],"inside_diameter":[11825],"overall_diameter":[11834],"end_cap":[11401],"efficiency":[9430],"support_core":[9493],"pleat_count":[],"class_list":{"0":"post-51569","1":"product","2":"type-product","3":"status-publish","5":"product_cat-air-filtration","6":"media-papier","7":"outside_diameter-12-06","8":"inside_diameter-6-09","9":"overall_diameter-21-06","10":"end_cap-soe-metal","11":"efficiency-2-microns","12":"support_core-grillage-interieur-exterieur-calibre-22","13":"entry","15":"first","16":"instock","17":"product-type-simple"},"acf":[],"_links":{"self":[{"href":"https:\/\/filtertech.ca\/fr\/wp-json\/wp\/v2\/product\/51569","targetHints":{"allow":["GET"]}}],"collection":[{"href":"https:\/\/filtertech.ca\/fr\/wp-json\/wp\/v2\/product"}],"about":[{"href":"https:\/\/filtertech.ca\/fr\/wp-json\/wp\/v2\/types\/product"}],"wp:attachment":[{"href":"https:\/\/filtertech.ca\/fr\/wp-json\/wp\/v2\/media?parent=51569"}],"wp:term":[{"taxonomy":"product_brand","embeddable":true,"href":"https:\/\/filtertech.ca\/fr\/wp-json\/wp\/v2\/product_brand?post=51569"},{"taxonomy":"product_cat","embeddable":true,"href":"https:\/\/filtertech.ca\/fr\/wp-json\/wp\/v2\/product_cat?post=51569"},{"taxonomy":"product_tag","embeddable":true,"href":"https:\/\/filtertech.ca\/fr\/wp-json\/wp\/v2\/product_tag?post=51569"},{"taxonomy":"yarn_type","embeddable":true,"href":"https:\/\/filtertech.ca\/fr\/wp-json\/wp\/v2\/yarn_type?post=51569"},{"taxonomy":"micron","embeddable":true,"href":"https:\/\/filtertech.ca\/fr\/wp-json\/wp\/v2\/micron?post=51569"},{"taxonomy":"media","embeddable":true,"href":"https:\/\/filtertech.ca\/fr\/wp-json\/wp\/v2\/media?post=51569"},{"taxonomy":"size","embeddable":true,"href":"https:\/\/filtertech.ca\/fr\/wp-json\/wp\/v2\/size?post=51569"},{"taxonomy":"outside_diameter","embeddable":true,"href":"https:\/\/filtertech.ca\/fr\/wp-json\/wp\/v2\/outside_diameter?post=51569"},{"taxonomy":"inside_diameter","embeddable":true,"href":"https:\/\/filtertech.ca\/fr\/wp-json\/wp\/v2\/inside_diameter?post=51569"},{"taxonomy":"overall_diameter","embeddable":true,"href":"https:\/\/filtertech.ca\/fr\/wp-json\/wp\/v2\/overall_diameter?post=51569"},{"taxonomy":"end_cap","embeddable":true,"href":"https:\/\/filtertech.ca\/fr\/wp-json\/wp\/v2\/end_cap?post=51569"},{"taxonomy":"efficiency","embeddable":true,"href":"https:\/\/filtertech.ca\/fr\/wp-json\/wp\/v2\/efficiency?post=51569"},{"taxonomy":"support_core","embeddable":true,"href":"https:\/\/filtertech.ca\/fr\/wp-json\/wp\/v2\/support_core?post=51569"},{"taxonomy":"pleat_count","embeddable":true,"href":"https:\/\/filtertech.ca\/fr\/wp-json\/wp\/v2\/pleat_count?post=51569"}],"curies":[{"name":"wp","href":"https:\/\/api.w.org\/{rel}","templated":true}]}}