{"id":51543,"date":"2025-02-13T07:17:31","date_gmt":"2025-02-13T07:17:31","guid":{"rendered":"https:\/\/filtertech.ca\/product\/element-de-filtre-a-air-1263-de-981-di-553-hauteur-totale\/"},"modified":"2026-03-31T05:46:41","modified_gmt":"2026-03-31T05:46:41","slug":"element-de-filtre-a-air-1263-de-981-di-553-hauteur-totale","status":"publish","type":"product","link":"https:\/\/filtertech.ca\/fr\/produit\/element-de-filtre-a-air-1263-de-981-di-553-hauteur-totale\/","title":{"rendered":"\u00c9l\u00e9ment de filtre \u00e0 air, 12,63 DE, 9,81 DI, 5,53 Hauteur totale"},"content":{"rendered":"<p>\u00c9l\u00e9ment de filtre \u00e0 air, 12,63 DE, 9,81 DI, 5,53 Hauteur totale<\/p>\n","protected":false},"excerpt":{"rendered":"<p><strong>Num\u00e9ro de pi\u00e8ce :<\/strong> BD-1310<\/p>\n<p><strong>Diam\u00e8tre ext\u00e9rieur :<\/strong> 12,63<\/p>\n<p><strong>Diam\u00e8tre Int\u00e9rieur :<\/strong> 9,81<\/p>\n<p><strong>Hauteur totale :<\/strong> 5,53<\/p>\n<p><strong>Style d\u2019embout :<\/strong> Moul\u00e9<\/p>\n<p><strong>Type de m\u00e9dia&nbsp;:<\/strong> papier<\/p>\n<p><strong>Efficacit\u00e9 nominale&nbsp;:<\/strong> 2 microns<\/p>\n<p><strong>Support de noyau :<\/strong> Treillis int\u00e9rieur-ext\u00e9rieur, calibre 22<\/p>\n<p><strong> Quantit\u00e9 par bo\u00eete :<\/strong> <\/p>\n<p><strong>Disponibilit\u00e9 :<\/strong> 2 semaines<\/p>\n<p><strong>Lieu d\u2019origine :<\/strong> Montr\u00e9al, QC, Canada<\/p>\n<p><strong><\/p>\n","protected":false},"featured_media":0,"template":"","meta":{"_acf_changed":false},"product_brand":[],"product_cat":[6637],"product_tag":[],"yarn_type":[],"micron":[],"media":[9427],"size":[],"outside_diameter":[11812],"inside_diameter":[11541],"overall_diameter":[11813],"end_cap":[8029],"efficiency":[9430],"support_core":[9493],"pleat_count":[],"class_list":{"0":"post-51543","1":"product","2":"type-product","3":"status-publish","5":"product_cat-air-filtration","6":"media-papier","7":"outside_diameter-12-63","8":"inside_diameter-9-81","9":"overall_diameter-5-53","10":"end_cap-moule","11":"efficiency-2-microns","12":"support_core-grillage-interieur-exterieur-calibre-22","13":"entry","15":"first","16":"instock","17":"product-type-simple"},"acf":[],"_links":{"self":[{"href":"https:\/\/filtertech.ca\/fr\/wp-json\/wp\/v2\/product\/51543","targetHints":{"allow":["GET"]}}],"collection":[{"href":"https:\/\/filtertech.ca\/fr\/wp-json\/wp\/v2\/product"}],"about":[{"href":"https:\/\/filtertech.ca\/fr\/wp-json\/wp\/v2\/types\/product"}],"wp:attachment":[{"href":"https:\/\/filtertech.ca\/fr\/wp-json\/wp\/v2\/media?parent=51543"}],"wp:term":[{"taxonomy":"product_brand","embeddable":true,"href":"https:\/\/filtertech.ca\/fr\/wp-json\/wp\/v2\/product_brand?post=51543"},{"taxonomy":"product_cat","embeddable":true,"href":"https:\/\/filtertech.ca\/fr\/wp-json\/wp\/v2\/product_cat?post=51543"},{"taxonomy":"product_tag","embeddable":true,"href":"https:\/\/filtertech.ca\/fr\/wp-json\/wp\/v2\/product_tag?post=51543"},{"taxonomy":"yarn_type","embeddable":true,"href":"https:\/\/filtertech.ca\/fr\/wp-json\/wp\/v2\/yarn_type?post=51543"},{"taxonomy":"micron","embeddable":true,"href":"https:\/\/filtertech.ca\/fr\/wp-json\/wp\/v2\/micron?post=51543"},{"taxonomy":"media","embeddable":true,"href":"https:\/\/filtertech.ca\/fr\/wp-json\/wp\/v2\/media?post=51543"},{"taxonomy":"size","embeddable":true,"href":"https:\/\/filtertech.ca\/fr\/wp-json\/wp\/v2\/size?post=51543"},{"taxonomy":"outside_diameter","embeddable":true,"href":"https:\/\/filtertech.ca\/fr\/wp-json\/wp\/v2\/outside_diameter?post=51543"},{"taxonomy":"inside_diameter","embeddable":true,"href":"https:\/\/filtertech.ca\/fr\/wp-json\/wp\/v2\/inside_diameter?post=51543"},{"taxonomy":"overall_diameter","embeddable":true,"href":"https:\/\/filtertech.ca\/fr\/wp-json\/wp\/v2\/overall_diameter?post=51543"},{"taxonomy":"end_cap","embeddable":true,"href":"https:\/\/filtertech.ca\/fr\/wp-json\/wp\/v2\/end_cap?post=51543"},{"taxonomy":"efficiency","embeddable":true,"href":"https:\/\/filtertech.ca\/fr\/wp-json\/wp\/v2\/efficiency?post=51543"},{"taxonomy":"support_core","embeddable":true,"href":"https:\/\/filtertech.ca\/fr\/wp-json\/wp\/v2\/support_core?post=51543"},{"taxonomy":"pleat_count","embeddable":true,"href":"https:\/\/filtertech.ca\/fr\/wp-json\/wp\/v2\/pleat_count?post=51543"}],"curies":[{"name":"wp","href":"https:\/\/api.w.org\/{rel}","templated":true}]}}