{"id":51439,"date":"2021-02-13T04:08:34","date_gmt":"2021-02-13T04:08:34","guid":{"rendered":"https:\/\/filtertech.ca\/product\/element-filtrant-moule-575-d-e-3625-d-i-475-h-t-2\/"},"modified":"2026-03-30T12:33:36","modified_gmt":"2026-03-30T12:33:36","slug":"element-filtrant-moule-575-d-e-3625-d-i-475-h-t-2","status":"publish","type":"product","link":"https:\/\/filtertech.ca\/fr\/produit\/element-filtrant-moule-575-d-e-3625-d-i-475-h-t-2\/","title":{"rendered":"\u00c9l\u00e9ment filtrant moul\u00e9, 5,75 D.E., 3,625 D.I., 4,75 H.T."},"content":{"rendered":"<p>\u00c9l\u00e9ment filtrant moul\u00e9, 5,75 D.E., 3,625 D.I., 4,75 H.T.<\/p>\n","protected":false},"excerpt":{"rendered":"<p><strong>Num\u00e9ro de pi\u00e8ce :<\/strong> A2092<\/p>\n<p><strong>Diam\u00e8tre ext\u00e9rieur :<\/strong> 5,75 PO<\/p>\n<p><strong>Diam\u00e8tre int\u00e9rieur :<\/strong> 3,625<\/p>\n<p><strong>Hauteur totale :<\/strong> 4,75<\/p>\n<p><strong>Style d\u2019embout :<\/strong> Moul\u00e9<\/p>\n<p><strong>Type de m\u00e9dia :<\/strong> Treillis m\u00e9tallique<\/p>\n<p><strong>Classe d\u2019efficacit\u00e9 :<\/strong> Grossi\u00e8re<\/p>\n<p><strong>Support de noyau :<\/strong> Treillis int\u00e9rieur-ext\u00e9rieur, calibre 22<\/p>\n<p> <strong> Quantit\u00e9 par bo\u00eete :<\/strong> 2<\/p>\n<p><strong>D\u00e9lai de livraison :<\/strong> 2 semaines<\/p>\n<p><strong>Lieu d\u2019origine :<\/strong> Montr\u00e9al, QC, Canada<\/p>\n<p><strong><\/p>\n","protected":false},"featured_media":0,"template":"","meta":{"_acf_changed":false},"product_brand":[],"product_cat":[6637],"product_tag":[11707],"yarn_type":[],"micron":[],"media":[9497],"size":[],"outside_diameter":[8130],"inside_diameter":[8089],"overall_diameter":[9678],"end_cap":[8029],"efficiency":[9492],"support_core":[9493],"pleat_count":[],"class_list":{"0":"post-51439","1":"product","2":"type-product","3":"status-publish","5":"product_cat-air-filtration","6":"product_tag-a2092","7":"media-treillis-metallique","8":"outside_diameter-5-75","9":"inside_diameter-3-625","10":"overall_diameter-4-75","11":"end_cap-moule","12":"efficiency-grossier","13":"support_core-grillage-interieur-exterieur-calibre-22","14":"entry","16":"first","17":"instock","18":"product-type-simple"},"acf":[],"_links":{"self":[{"href":"https:\/\/filtertech.ca\/fr\/wp-json\/wp\/v2\/product\/51439","targetHints":{"allow":["GET"]}}],"collection":[{"href":"https:\/\/filtertech.ca\/fr\/wp-json\/wp\/v2\/product"}],"about":[{"href":"https:\/\/filtertech.ca\/fr\/wp-json\/wp\/v2\/types\/product"}],"wp:attachment":[{"href":"https:\/\/filtertech.ca\/fr\/wp-json\/wp\/v2\/media?parent=51439"}],"wp:term":[{"taxonomy":"product_brand","embeddable":true,"href":"https:\/\/filtertech.ca\/fr\/wp-json\/wp\/v2\/product_brand?post=51439"},{"taxonomy":"product_cat","embeddable":true,"href":"https:\/\/filtertech.ca\/fr\/wp-json\/wp\/v2\/product_cat?post=51439"},{"taxonomy":"product_tag","embeddable":true,"href":"https:\/\/filtertech.ca\/fr\/wp-json\/wp\/v2\/product_tag?post=51439"},{"taxonomy":"yarn_type","embeddable":true,"href":"https:\/\/filtertech.ca\/fr\/wp-json\/wp\/v2\/yarn_type?post=51439"},{"taxonomy":"micron","embeddable":true,"href":"https:\/\/filtertech.ca\/fr\/wp-json\/wp\/v2\/micron?post=51439"},{"taxonomy":"media","embeddable":true,"href":"https:\/\/filtertech.ca\/fr\/wp-json\/wp\/v2\/media?post=51439"},{"taxonomy":"size","embeddable":true,"href":"https:\/\/filtertech.ca\/fr\/wp-json\/wp\/v2\/size?post=51439"},{"taxonomy":"outside_diameter","embeddable":true,"href":"https:\/\/filtertech.ca\/fr\/wp-json\/wp\/v2\/outside_diameter?post=51439"},{"taxonomy":"inside_diameter","embeddable":true,"href":"https:\/\/filtertech.ca\/fr\/wp-json\/wp\/v2\/inside_diameter?post=51439"},{"taxonomy":"overall_diameter","embeddable":true,"href":"https:\/\/filtertech.ca\/fr\/wp-json\/wp\/v2\/overall_diameter?post=51439"},{"taxonomy":"end_cap","embeddable":true,"href":"https:\/\/filtertech.ca\/fr\/wp-json\/wp\/v2\/end_cap?post=51439"},{"taxonomy":"efficiency","embeddable":true,"href":"https:\/\/filtertech.ca\/fr\/wp-json\/wp\/v2\/efficiency?post=51439"},{"taxonomy":"support_core","embeddable":true,"href":"https:\/\/filtertech.ca\/fr\/wp-json\/wp\/v2\/support_core?post=51439"},{"taxonomy":"pleat_count","embeddable":true,"href":"https:\/\/filtertech.ca\/fr\/wp-json\/wp\/v2\/pleat_count?post=51439"}],"curies":[{"name":"wp","href":"https:\/\/api.w.org\/{rel}","templated":true}]}}