{"id":51433,"date":"2021-02-13T04:08:34","date_gmt":"2021-02-13T04:08:34","guid":{"rendered":"https:\/\/filtertech.ca\/product\/element-filtrant-moule-o-ext-7875-o-int-475-hauteur-totale-145\/"},"modified":"2026-03-30T07:29:30","modified_gmt":"2026-03-30T07:29:30","slug":"element-filtrant-moule-o-ext-7875-o-int-475-hauteur-totale-145","status":"publish","type":"product","link":"https:\/\/filtertech.ca\/fr\/produit\/element-filtrant-moule-o-ext-7875-o-int-475-hauteur-totale-145\/","title":{"rendered":"\u00c9l\u00e9ment filtrant moul\u00e9, \u00d8 ext. 7,875, \u00d8 int. 4,75, hauteur totale 14,5"},"content":{"rendered":"<p>\u00c9l\u00e9ment filtrant moul\u00e9, \u00d8 ext. 7,875, \u00d8 int. 4,75, hauteur totale 14,5<\/p>\n","protected":false},"excerpt":{"rendered":"<p><strong>Num\u00e9ro de pi\u00e8ce :<\/strong> A2095<\/p>\n<p><strong>Diam\u00e8tre ext\u00e9rieur :<\/strong> 7,875<\/p>\n<p><strong>Diam\u00e8tre int\u00e9rieur :<\/strong> 4,75<\/p>\n<p><strong>Hauteur totale :<\/strong> 14,5<\/p>\n<p><strong>Style d\u2019embout :<\/strong> Moul\u00e9<\/p>\n<p><strong>Type de m\u00e9dia :<\/strong> Treillis m\u00e9tallique\/Pr\u00e9filtre<\/p>\n<p><strong>Classe d\u2019efficacit\u00e9 :<\/strong> Grossi\u00e8re<\/p>\n<p><strong>Support de noyau :<\/strong> Treillis int\u00e9rieur-ext\u00e9rieur, calibre 22<\/p>\n<p> <strong> Quantit\u00e9 par bo\u00eete :<\/strong> 1<\/p>\n<p><strong>D\u00e9lai de livraison :<\/strong> 2 semaines<\/p>\n<p><strong>Lieu d\u2019origine :<\/strong> Montr\u00e9al, QC, Canada<\/p>\n<p><strong><\/p>\n","protected":false},"featured_media":0,"template":"","meta":{"_acf_changed":false},"product_brand":[],"product_cat":[6637],"product_tag":[11702],"yarn_type":[],"micron":[],"media":[9490],"size":[],"outside_diameter":[8075],"inside_diameter":[8077],"overall_diameter":[8069],"end_cap":[8029],"efficiency":[9492],"support_core":[9493],"pleat_count":[],"class_list":{"0":"post-51433","1":"product","2":"type-product","3":"status-publish","5":"product_cat-air-filtration","6":"product_tag-a2095","7":"media-treillis-metallique-prefiltre","8":"outside_diameter-7-875","9":"inside_diameter-4-75","10":"overall_diameter-14-5","11":"end_cap-moule","12":"efficiency-grossier","13":"support_core-grillage-interieur-exterieur-calibre-22","14":"entry","16":"first","17":"instock","18":"product-type-simple"},"acf":[],"_links":{"self":[{"href":"https:\/\/filtertech.ca\/fr\/wp-json\/wp\/v2\/product\/51433","targetHints":{"allow":["GET"]}}],"collection":[{"href":"https:\/\/filtertech.ca\/fr\/wp-json\/wp\/v2\/product"}],"about":[{"href":"https:\/\/filtertech.ca\/fr\/wp-json\/wp\/v2\/types\/product"}],"wp:attachment":[{"href":"https:\/\/filtertech.ca\/fr\/wp-json\/wp\/v2\/media?parent=51433"}],"wp:term":[{"taxonomy":"product_brand","embeddable":true,"href":"https:\/\/filtertech.ca\/fr\/wp-json\/wp\/v2\/product_brand?post=51433"},{"taxonomy":"product_cat","embeddable":true,"href":"https:\/\/filtertech.ca\/fr\/wp-json\/wp\/v2\/product_cat?post=51433"},{"taxonomy":"product_tag","embeddable":true,"href":"https:\/\/filtertech.ca\/fr\/wp-json\/wp\/v2\/product_tag?post=51433"},{"taxonomy":"yarn_type","embeddable":true,"href":"https:\/\/filtertech.ca\/fr\/wp-json\/wp\/v2\/yarn_type?post=51433"},{"taxonomy":"micron","embeddable":true,"href":"https:\/\/filtertech.ca\/fr\/wp-json\/wp\/v2\/micron?post=51433"},{"taxonomy":"media","embeddable":true,"href":"https:\/\/filtertech.ca\/fr\/wp-json\/wp\/v2\/media?post=51433"},{"taxonomy":"size","embeddable":true,"href":"https:\/\/filtertech.ca\/fr\/wp-json\/wp\/v2\/size?post=51433"},{"taxonomy":"outside_diameter","embeddable":true,"href":"https:\/\/filtertech.ca\/fr\/wp-json\/wp\/v2\/outside_diameter?post=51433"},{"taxonomy":"inside_diameter","embeddable":true,"href":"https:\/\/filtertech.ca\/fr\/wp-json\/wp\/v2\/inside_diameter?post=51433"},{"taxonomy":"overall_diameter","embeddable":true,"href":"https:\/\/filtertech.ca\/fr\/wp-json\/wp\/v2\/overall_diameter?post=51433"},{"taxonomy":"end_cap","embeddable":true,"href":"https:\/\/filtertech.ca\/fr\/wp-json\/wp\/v2\/end_cap?post=51433"},{"taxonomy":"efficiency","embeddable":true,"href":"https:\/\/filtertech.ca\/fr\/wp-json\/wp\/v2\/efficiency?post=51433"},{"taxonomy":"support_core","embeddable":true,"href":"https:\/\/filtertech.ca\/fr\/wp-json\/wp\/v2\/support_core?post=51433"},{"taxonomy":"pleat_count","embeddable":true,"href":"https:\/\/filtertech.ca\/fr\/wp-json\/wp\/v2\/pleat_count?post=51433"}],"curies":[{"name":"wp","href":"https:\/\/api.w.org\/{rel}","templated":true}]}}