{"id":51318,"date":"2025-02-13T07:17:54","date_gmt":"2025-02-13T07:17:54","guid":{"rendered":"https:\/\/filtertech.ca\/product\/element-de-filtre-a-air-de-1097-di-581-hauteur-totale-1644\/"},"modified":"2026-03-31T05:16:24","modified_gmt":"2026-03-31T05:16:24","slug":"element-de-filtre-a-air-de-1097-di-581-hauteur-totale-1644","status":"publish","type":"product","link":"https:\/\/filtertech.ca\/fr\/produit\/element-de-filtre-a-air-de-1097-di-581-hauteur-totale-1644\/","title":{"rendered":"\u00c9l\u00e9ment de filtre \u00e0 air, DE 10,97, DI 5,81, hauteur totale 16,44"},"content":{"rendered":"<p>\u00c9l\u00e9ment de filtre \u00e0 air, DE 10,97, DI 5,81, hauteur totale 16,44<\/p>\n","protected":false},"excerpt":{"rendered":"<p><strong>R\u00e9f\u00e9rence&nbsp;:<\/strong> BD-2366<\/p>\n<p><strong>Diam\u00e8tre ext\u00e9rieur :<\/strong> 10,97<\/p>\n<p><strong>Diam\u00e8tre int\u00e9rieur&nbsp;:<\/strong> 5,81<\/p>\n<p><strong>Hauteur totale&nbsp;:<\/strong> 16,44<\/p>\n<p><strong>Style d\u2019embout :<\/strong> Moul\u00e9\/M\u00e9tal<\/p>\n<p><strong>Type de m\u00e9dia&nbsp;:<\/strong> papier<\/p>\n<p><strong>Efficacit\u00e9 nominale&nbsp;:<\/strong> 2 microns<\/p>\n<p><strong>Support de noyau :<\/strong> Treillis int\u00e9rieur-ext\u00e9rieur, calibre 22<\/p>\n<p><strong> Quantit\u00e9 par bo\u00eete :<\/strong> <\/p>\n<p><strong>Disponibilit\u00e9 :<\/strong> 2 semaines<\/p>\n<p><strong>Lieu d\u2019origine :<\/strong> Montr\u00e9al, QC, Canada<\/p>\n<p><strong><\/p>\n","protected":false},"featured_media":0,"template":"","meta":{"_acf_changed":false},"product_brand":[],"product_cat":[6637],"product_tag":[],"yarn_type":[],"micron":[],"media":[9427],"size":[],"outside_diameter":[11534],"inside_diameter":[11535],"overall_diameter":[11537],"end_cap":[11397],"efficiency":[9430],"support_core":[9493],"pleat_count":[],"class_list":{"0":"post-51318","1":"product","2":"type-product","3":"status-publish","5":"product_cat-air-filtration","6":"media-papier","7":"outside_diameter-10-97","8":"inside_diameter-5-81","9":"overall_diameter-16-44","10":"end_cap-moule-metal","11":"efficiency-2-microns","12":"support_core-grillage-interieur-exterieur-calibre-22","13":"entry","15":"first","16":"instock","17":"product-type-simple"},"acf":[],"_links":{"self":[{"href":"https:\/\/filtertech.ca\/fr\/wp-json\/wp\/v2\/product\/51318","targetHints":{"allow":["GET"]}}],"collection":[{"href":"https:\/\/filtertech.ca\/fr\/wp-json\/wp\/v2\/product"}],"about":[{"href":"https:\/\/filtertech.ca\/fr\/wp-json\/wp\/v2\/types\/product"}],"wp:attachment":[{"href":"https:\/\/filtertech.ca\/fr\/wp-json\/wp\/v2\/media?parent=51318"}],"wp:term":[{"taxonomy":"product_brand","embeddable":true,"href":"https:\/\/filtertech.ca\/fr\/wp-json\/wp\/v2\/product_brand?post=51318"},{"taxonomy":"product_cat","embeddable":true,"href":"https:\/\/filtertech.ca\/fr\/wp-json\/wp\/v2\/product_cat?post=51318"},{"taxonomy":"product_tag","embeddable":true,"href":"https:\/\/filtertech.ca\/fr\/wp-json\/wp\/v2\/product_tag?post=51318"},{"taxonomy":"yarn_type","embeddable":true,"href":"https:\/\/filtertech.ca\/fr\/wp-json\/wp\/v2\/yarn_type?post=51318"},{"taxonomy":"micron","embeddable":true,"href":"https:\/\/filtertech.ca\/fr\/wp-json\/wp\/v2\/micron?post=51318"},{"taxonomy":"media","embeddable":true,"href":"https:\/\/filtertech.ca\/fr\/wp-json\/wp\/v2\/media?post=51318"},{"taxonomy":"size","embeddable":true,"href":"https:\/\/filtertech.ca\/fr\/wp-json\/wp\/v2\/size?post=51318"},{"taxonomy":"outside_diameter","embeddable":true,"href":"https:\/\/filtertech.ca\/fr\/wp-json\/wp\/v2\/outside_diameter?post=51318"},{"taxonomy":"inside_diameter","embeddable":true,"href":"https:\/\/filtertech.ca\/fr\/wp-json\/wp\/v2\/inside_diameter?post=51318"},{"taxonomy":"overall_diameter","embeddable":true,"href":"https:\/\/filtertech.ca\/fr\/wp-json\/wp\/v2\/overall_diameter?post=51318"},{"taxonomy":"end_cap","embeddable":true,"href":"https:\/\/filtertech.ca\/fr\/wp-json\/wp\/v2\/end_cap?post=51318"},{"taxonomy":"efficiency","embeddable":true,"href":"https:\/\/filtertech.ca\/fr\/wp-json\/wp\/v2\/efficiency?post=51318"},{"taxonomy":"support_core","embeddable":true,"href":"https:\/\/filtertech.ca\/fr\/wp-json\/wp\/v2\/support_core?post=51318"},{"taxonomy":"pleat_count","embeddable":true,"href":"https:\/\/filtertech.ca\/fr\/wp-json\/wp\/v2\/pleat_count?post=51318"}],"curies":[{"name":"wp","href":"https:\/\/api.w.org\/{rel}","templated":true}]}}