{"id":51295,"date":"2021-07-17T05:10:26","date_gmt":"2021-07-17T05:10:26","guid":{"rendered":"https:\/\/filtertech.ca\/product\/manchon-de-prefiltre-en-mousse-diametre-interieur-3875-hauteur-275\/"},"modified":"2026-03-30T07:15:38","modified_gmt":"2026-03-30T07:15:38","slug":"manchon-de-prefiltre-en-mousse-diametre-interieur-3875-hauteur-275","status":"publish","type":"product","link":"https:\/\/filtertech.ca\/fr\/produit\/manchon-de-prefiltre-en-mousse-diametre-interieur-3875-hauteur-275\/","title":{"rendered":"Manchon de pr\u00e9filtre en mousse, diam\u00e8tre int\u00e9rieur 3,875, hauteur 2,75"},"content":{"rendered":"<p>Manchon de pr\u00e9filtre en mousse, diam\u00e8tre int\u00e9rieur 3,875, hauteur 2,75<\/p>\n","protected":false},"excerpt":{"rendered":"<p><strong>Num\u00e9ro de pi\u00e8ce&nbsp;:<\/strong> A2250<\/p>\n<p><strong>Diam\u00e8tre ext\u00e9rieur :<\/strong> N\/A<\/p>\n<p><strong>Diam\u00e8tre int\u00e9rieur&nbsp;:<\/strong> 3,875<\/p>\n<p><strong>Hauteur totale&nbsp;:<\/strong> 2,75<\/p>\n<p><strong>Type d\u2019embout :<\/strong> N\/A<\/p>\n<p><strong>Type de m\u00e9dia :<\/strong> Pr\u00e9filtre (mousse)<\/p>\n<p><strong>Classe d\u2019efficacit\u00e9 :<\/strong> N\/A<\/p>\n<p><strong>Support central :<\/strong> N\/A<\/p>\n<p> <strong> Quantit\u00e9 par bo\u00eete :<\/strong> 50<\/p>\n<p><strong>Disponibilit\u00e9 :<\/strong> 2 semaines<\/p>\n<p><strong>Lieu d\u2019origine :<\/strong> Montr\u00e9al, QC, Canada<\/p>\n<p>&nbsp;<\/p>\n","protected":false},"featured_media":24794,"template":"","meta":{"_acf_changed":false},"product_brand":[],"product_cat":[6637],"product_tag":[11501],"yarn_type":[],"micron":[],"media":[11493],"size":[],"outside_diameter":[11494],"inside_diameter":[11503],"overall_diameter":[9745],"end_cap":[11496],"efficiency":[11498],"support_core":[9776],"pleat_count":[],"class_list":{"0":"post-51295","1":"product","2":"type-product","3":"status-publish","4":"has-post-thumbnail","6":"product_cat-air-filtration","7":"product_tag-a2250","8":"media-prefiltre-mousse","9":"outside_diameter-n-a","10":"inside_diameter-3-875","11":"overall_diameter-2-75","12":"end_cap-n-a","13":"efficiency-n-a","14":"support_core-s-o","15":"entry","16":"has-media","18":"first","19":"instock","20":"product-type-simple"},"acf":[],"_links":{"self":[{"href":"https:\/\/filtertech.ca\/fr\/wp-json\/wp\/v2\/product\/51295","targetHints":{"allow":["GET"]}}],"collection":[{"href":"https:\/\/filtertech.ca\/fr\/wp-json\/wp\/v2\/product"}],"about":[{"href":"https:\/\/filtertech.ca\/fr\/wp-json\/wp\/v2\/types\/product"}],"wp:featuredmedia":[{"embeddable":true,"href":"https:\/\/filtertech.ca\/fr\/wp-json\/wp\/v2\/media\/24794"}],"wp:attachment":[{"href":"https:\/\/filtertech.ca\/fr\/wp-json\/wp\/v2\/media?parent=51295"}],"wp:term":[{"taxonomy":"product_brand","embeddable":true,"href":"https:\/\/filtertech.ca\/fr\/wp-json\/wp\/v2\/product_brand?post=51295"},{"taxonomy":"product_cat","embeddable":true,"href":"https:\/\/filtertech.ca\/fr\/wp-json\/wp\/v2\/product_cat?post=51295"},{"taxonomy":"product_tag","embeddable":true,"href":"https:\/\/filtertech.ca\/fr\/wp-json\/wp\/v2\/product_tag?post=51295"},{"taxonomy":"yarn_type","embeddable":true,"href":"https:\/\/filtertech.ca\/fr\/wp-json\/wp\/v2\/yarn_type?post=51295"},{"taxonomy":"micron","embeddable":true,"href":"https:\/\/filtertech.ca\/fr\/wp-json\/wp\/v2\/micron?post=51295"},{"taxonomy":"media","embeddable":true,"href":"https:\/\/filtertech.ca\/fr\/wp-json\/wp\/v2\/media?post=51295"},{"taxonomy":"size","embeddable":true,"href":"https:\/\/filtertech.ca\/fr\/wp-json\/wp\/v2\/size?post=51295"},{"taxonomy":"outside_diameter","embeddable":true,"href":"https:\/\/filtertech.ca\/fr\/wp-json\/wp\/v2\/outside_diameter?post=51295"},{"taxonomy":"inside_diameter","embeddable":true,"href":"https:\/\/filtertech.ca\/fr\/wp-json\/wp\/v2\/inside_diameter?post=51295"},{"taxonomy":"overall_diameter","embeddable":true,"href":"https:\/\/filtertech.ca\/fr\/wp-json\/wp\/v2\/overall_diameter?post=51295"},{"taxonomy":"end_cap","embeddable":true,"href":"https:\/\/filtertech.ca\/fr\/wp-json\/wp\/v2\/end_cap?post=51295"},{"taxonomy":"efficiency","embeddable":true,"href":"https:\/\/filtertech.ca\/fr\/wp-json\/wp\/v2\/efficiency?post=51295"},{"taxonomy":"support_core","embeddable":true,"href":"https:\/\/filtertech.ca\/fr\/wp-json\/wp\/v2\/support_core?post=51295"},{"taxonomy":"pleat_count","embeddable":true,"href":"https:\/\/filtertech.ca\/fr\/wp-json\/wp\/v2\/pleat_count?post=51295"}],"curies":[{"name":"wp","href":"https:\/\/api.w.org\/{rel}","templated":true}]}}