{"id":51292,"date":"2021-02-12T15:38:28","date_gmt":"2021-02-12T15:38:28","guid":{"rendered":"https:\/\/filtertech.ca\/product\/polypropylene-fda-30-microns-noyau-en-polypropylene-20-de-long-2-5-8-de\/"},"modified":"2026-03-30T06:32:20","modified_gmt":"2026-03-30T06:32:20","slug":"polypropylene-fda-30-microns-noyau-en-polypropylene-20-de-long-2-5-8-de","status":"publish","type":"product","link":"https:\/\/filtertech.ca\/fr\/produit\/polypropylene-fda-30-microns-noyau-en-polypropylene-20-de-long-2-5-8-de\/","title":{"rendered":"Polypropyl\u00e8ne FDA, 30 microns, noyau en polypropyl\u00e8ne, 20&Prime; de long, 2-5\/8 DE"},"content":{"rendered":"<p>Polypropyl\u00e8ne de qualit\u00e9 industrielle FDA, 30 microns, noyau en polypropyl\u00e8ne, 20&Prime; de long, 2-5\/8 DE<\/p>\n","protected":false},"excerpt":{"rendered":"<p><strong>Num\u00e9ro de pi\u00e8ce :<\/strong> G030P20D3<\/p>\n<p><strong>Type de fil :<\/strong> Polypropyl\u00e8ne de qualit\u00e9 industrielle<\/p>\n<p><strong>Micron :<\/strong> 30<\/p>\n<p><strong>Mat\u00e9riau du noyau :<\/strong> Polypropyl\u00e8ne<\/p>\n<p><strong>Longueur de la cartouche :<\/strong> 20<\/p>\n<p><strong>Diam\u00e8tre de cartouche :<\/strong> 2,625<\/p>\n<p><strong>Quantit\u00e9 par bo\u00eete :<\/strong> 12<\/p>\n<p><strong>D\u00e9lai de livraison :<\/strong> 2 semaines<\/p>\n<p><strong>Lieu d\u2019origine :<\/strong> Montr\u00e9al, QC, Canada <\/p>\n<p><strong><\/p>\n","protected":false},"featured_media":1155,"template":"","meta":{"_acf_changed":false},"product_brand":[],"product_cat":[6675],"product_tag":[11497],"yarn_type":[9392],"micron":[9475],"media":[],"size":[],"outside_diameter":[],"inside_diameter":[],"overall_diameter":[],"end_cap":[],"efficiency":[],"support_core":[],"pleat_count":[],"class_list":{"0":"post-51292","1":"product","2":"type-product","3":"status-publish","4":"has-post-thumbnail","6":"product_cat-process-filtration","7":"product_tag-g030p20d3","8":"yarn_type-polypropylene-de-qualite-industrielle","9":"micron-9475","10":"core_type-polypropylene","11":"length-9341","12":"diameter-2-625","13":"entry","14":"has-media","16":"first","17":"instock","18":"product-type-simple"},"acf":[],"_links":{"self":[{"href":"https:\/\/filtertech.ca\/fr\/wp-json\/wp\/v2\/product\/51292","targetHints":{"allow":["GET"]}}],"collection":[{"href":"https:\/\/filtertech.ca\/fr\/wp-json\/wp\/v2\/product"}],"about":[{"href":"https:\/\/filtertech.ca\/fr\/wp-json\/wp\/v2\/types\/product"}],"wp:featuredmedia":[{"embeddable":true,"href":"https:\/\/filtertech.ca\/fr\/wp-json\/wp\/v2\/media\/1155"}],"wp:attachment":[{"href":"https:\/\/filtertech.ca\/fr\/wp-json\/wp\/v2\/media?parent=51292"}],"wp:term":[{"taxonomy":"product_brand","embeddable":true,"href":"https:\/\/filtertech.ca\/fr\/wp-json\/wp\/v2\/product_brand?post=51292"},{"taxonomy":"product_cat","embeddable":true,"href":"https:\/\/filtertech.ca\/fr\/wp-json\/wp\/v2\/product_cat?post=51292"},{"taxonomy":"product_tag","embeddable":true,"href":"https:\/\/filtertech.ca\/fr\/wp-json\/wp\/v2\/product_tag?post=51292"},{"taxonomy":"yarn_type","embeddable":true,"href":"https:\/\/filtertech.ca\/fr\/wp-json\/wp\/v2\/yarn_type?post=51292"},{"taxonomy":"micron","embeddable":true,"href":"https:\/\/filtertech.ca\/fr\/wp-json\/wp\/v2\/micron?post=51292"},{"taxonomy":"media","embeddable":true,"href":"https:\/\/filtertech.ca\/fr\/wp-json\/wp\/v2\/media?post=51292"},{"taxonomy":"size","embeddable":true,"href":"https:\/\/filtertech.ca\/fr\/wp-json\/wp\/v2\/size?post=51292"},{"taxonomy":"outside_diameter","embeddable":true,"href":"https:\/\/filtertech.ca\/fr\/wp-json\/wp\/v2\/outside_diameter?post=51292"},{"taxonomy":"inside_diameter","embeddable":true,"href":"https:\/\/filtertech.ca\/fr\/wp-json\/wp\/v2\/inside_diameter?post=51292"},{"taxonomy":"overall_diameter","embeddable":true,"href":"https:\/\/filtertech.ca\/fr\/wp-json\/wp\/v2\/overall_diameter?post=51292"},{"taxonomy":"end_cap","embeddable":true,"href":"https:\/\/filtertech.ca\/fr\/wp-json\/wp\/v2\/end_cap?post=51292"},{"taxonomy":"efficiency","embeddable":true,"href":"https:\/\/filtertech.ca\/fr\/wp-json\/wp\/v2\/efficiency?post=51292"},{"taxonomy":"support_core","embeddable":true,"href":"https:\/\/filtertech.ca\/fr\/wp-json\/wp\/v2\/support_core?post=51292"},{"taxonomy":"pleat_count","embeddable":true,"href":"https:\/\/filtertech.ca\/fr\/wp-json\/wp\/v2\/pleat_count?post=51292"}],"curies":[{"name":"wp","href":"https:\/\/api.w.org\/{rel}","templated":true}]}}