{"id":51264,"date":"2021-02-12T15:36:43","date_gmt":"2021-02-12T15:36:43","guid":{"rendered":"https:\/\/filtertech.ca\/product\/cartouche-bobinee-polypropylene-fda-100-microns-noyau-en-polypropylene-301875-de-long-2-1-4-de\/"},"modified":"2026-03-30T06:00:49","modified_gmt":"2026-03-30T06:00:49","slug":"cartouche-bobinee-polypropylene-fda-100-microns-noyau-en-polypropylene-301875-de-long-2-1-4-de","status":"publish","type":"product","link":"https:\/\/filtertech.ca\/fr\/produit\/cartouche-bobinee-polypropylene-fda-100-microns-noyau-en-polypropylene-301875-de-long-2-1-4-de\/","title":{"rendered":"Cartouche bobin\u00e9e polypropyl\u00e8ne FDA, 100 microns, noyau en polypropyl\u00e8ne, 30,1875 de long, 2-1\/4&Prime; DE"},"content":{"rendered":"<p>Cartouche bobin\u00e9e en profondeur polypropyl\u00e8ne FDA, 100 microns, noyau en polypropyl\u00e8ne, 30,1875 de long, 2-1\/4&Prime; DE, sans couvercle de noyau<\/p>\n","protected":false},"excerpt":{"rendered":"<p><strong>Num\u00e9ro de pi\u00e8ce :<\/strong> G100P30D2<\/p>\n<p><strong>Type de fil :<\/strong> Polypropyl\u00e8ne FDA<\/p>\n<p><strong>Micron :<\/strong> 100<\/p>\n<p><strong>Mat\u00e9riau du noyau :<\/strong> Polypropyl\u00e8ne<\/p>\n<p><strong>Longueur de la cartouche&nbsp;:<\/strong> 30,1875<\/p>\n<p><strong>Diam\u00e8tre de la cartouche :<\/strong> 2,25<\/p>\n<p><strong>Quantit\u00e9 par bo\u00eete :<\/strong> 36<\/p>\n<p><strong>D\u00e9lai de livraison :<\/strong> 2 semaines<\/p>\n<p><strong>Lieu d\u2019origine :<\/strong> Montr\u00e9al, QC, Canada <\/p>\n<p><strong><\/p>\n","protected":false},"featured_media":1155,"template":"","meta":{"_acf_changed":false},"product_brand":[],"product_cat":[6675],"product_tag":[11465],"yarn_type":[],"micron":[],"media":[],"size":[],"outside_diameter":[],"inside_diameter":[],"overall_diameter":[],"end_cap":[],"efficiency":[],"support_core":[],"pleat_count":[],"class_list":{"0":"post-51264","1":"product","2":"type-product","3":"status-publish","4":"has-post-thumbnail","6":"product_cat-process-filtration","7":"product_tag-g100p30d2","8":"entry","9":"has-media","11":"first","12":"instock","13":"product-type-simple"},"acf":[],"_links":{"self":[{"href":"https:\/\/filtertech.ca\/fr\/wp-json\/wp\/v2\/product\/51264","targetHints":{"allow":["GET"]}}],"collection":[{"href":"https:\/\/filtertech.ca\/fr\/wp-json\/wp\/v2\/product"}],"about":[{"href":"https:\/\/filtertech.ca\/fr\/wp-json\/wp\/v2\/types\/product"}],"wp:featuredmedia":[{"embeddable":true,"href":"https:\/\/filtertech.ca\/fr\/wp-json\/wp\/v2\/media\/1155"}],"wp:attachment":[{"href":"https:\/\/filtertech.ca\/fr\/wp-json\/wp\/v2\/media?parent=51264"}],"wp:term":[{"taxonomy":"product_brand","embeddable":true,"href":"https:\/\/filtertech.ca\/fr\/wp-json\/wp\/v2\/product_brand?post=51264"},{"taxonomy":"product_cat","embeddable":true,"href":"https:\/\/filtertech.ca\/fr\/wp-json\/wp\/v2\/product_cat?post=51264"},{"taxonomy":"product_tag","embeddable":true,"href":"https:\/\/filtertech.ca\/fr\/wp-json\/wp\/v2\/product_tag?post=51264"},{"taxonomy":"yarn_type","embeddable":true,"href":"https:\/\/filtertech.ca\/fr\/wp-json\/wp\/v2\/yarn_type?post=51264"},{"taxonomy":"micron","embeddable":true,"href":"https:\/\/filtertech.ca\/fr\/wp-json\/wp\/v2\/micron?post=51264"},{"taxonomy":"media","embeddable":true,"href":"https:\/\/filtertech.ca\/fr\/wp-json\/wp\/v2\/media?post=51264"},{"taxonomy":"size","embeddable":true,"href":"https:\/\/filtertech.ca\/fr\/wp-json\/wp\/v2\/size?post=51264"},{"taxonomy":"outside_diameter","embeddable":true,"href":"https:\/\/filtertech.ca\/fr\/wp-json\/wp\/v2\/outside_diameter?post=51264"},{"taxonomy":"inside_diameter","embeddable":true,"href":"https:\/\/filtertech.ca\/fr\/wp-json\/wp\/v2\/inside_diameter?post=51264"},{"taxonomy":"overall_diameter","embeddable":true,"href":"https:\/\/filtertech.ca\/fr\/wp-json\/wp\/v2\/overall_diameter?post=51264"},{"taxonomy":"end_cap","embeddable":true,"href":"https:\/\/filtertech.ca\/fr\/wp-json\/wp\/v2\/end_cap?post=51264"},{"taxonomy":"efficiency","embeddable":true,"href":"https:\/\/filtertech.ca\/fr\/wp-json\/wp\/v2\/efficiency?post=51264"},{"taxonomy":"support_core","embeddable":true,"href":"https:\/\/filtertech.ca\/fr\/wp-json\/wp\/v2\/support_core?post=51264"},{"taxonomy":"pleat_count","embeddable":true,"href":"https:\/\/filtertech.ca\/fr\/wp-json\/wp\/v2\/pleat_count?post=51264"}],"curies":[{"name":"wp","href":"https:\/\/api.w.org\/{rel}","templated":true}]}}