{"id":51205,"date":"2021-02-12T15:37:22","date_gmt":"2021-02-12T15:37:22","guid":{"rendered":"https:\/\/filtertech.ca\/product\/cartouche-bobinee-industrielle-en-polypropylene-15-microns-noyau-en-polypropylene-longueur-301875-de-2-1-4\/"},"modified":"2026-03-30T12:45:30","modified_gmt":"2026-03-30T12:45:30","slug":"cartouche-bobinee-industrielle-en-polypropylene-15-microns-noyau-en-polypropylene-longueur-301875-de-2-1-4","status":"publish","type":"product","link":"https:\/\/filtertech.ca\/fr\/produit\/cartouche-bobinee-industrielle-en-polypropylene-15-microns-noyau-en-polypropylene-longueur-301875-de-2-1-4\/","title":{"rendered":"Cartouche bobin\u00e9e industrielle en polypropyl\u00e8ne, 15 microns, noyau en polypropyl\u00e8ne, longueur 30,1875, DE 2-1\/4&Prime;"},"content":{"rendered":"<p>Cartouche bobin\u00e9e en profondeur de qualit\u00e9 industrielle en polypropyl\u00e8ne, 15 microns, noyau en polypropyl\u00e8ne, longueur 30,1875, DE 2-1\/4&Prime;, sans couvercle de noyau<\/p>\n","protected":false},"excerpt":{"rendered":"<p><strong>Num\u00e9ro de pi\u00e8ce :<\/strong> K015P30D2<\/p>\n<p><strong>Type de fil :<\/strong> Polypropyl\u00e8ne de qualit\u00e9 industrielle<\/p>\n<p><strong>Micron :<\/strong> 15<\/p>\n<p><strong>Mat\u00e9riau du noyau :<\/strong> Polypropyl\u00e8ne<\/p>\n<p><strong>Longueur de la cartouche&nbsp;:<\/strong> 30,1875<\/p>\n<p><strong>Diam\u00e8tre de la cartouche :<\/strong> 2,25<\/p>\n<p><strong>Quantit\u00e9 par bo\u00eete :<\/strong> 18<\/p>\n<p><strong>D\u00e9lai de livraison :<\/strong> 2 semaines<\/p>\n<p><strong>Lieu d\u2019origine :<\/strong> Montr\u00e9al, QC, Canada <\/p>\n<p><strong><\/p>\n","protected":false},"featured_media":1155,"template":"","meta":{"_acf_changed":false},"product_brand":[],"product_cat":[6675],"product_tag":[11390],"yarn_type":[9392],"micron":[9514],"media":[],"size":[],"outside_diameter":[],"inside_diameter":[],"overall_diameter":[],"end_cap":[],"efficiency":[],"support_core":[],"pleat_count":[],"class_list":{"0":"post-51205","1":"product","2":"type-product","3":"status-publish","4":"has-post-thumbnail","6":"product_cat-process-filtration","7":"product_tag-k015p30d2","8":"yarn_type-polypropylene-de-qualite-industrielle","9":"micron-9514","10":"core_type-polypropylene","11":"length-30-1875","12":"diameter-2-25","13":"entry","14":"has-media","16":"first","17":"instock","18":"product-type-simple"},"acf":[],"_links":{"self":[{"href":"https:\/\/filtertech.ca\/fr\/wp-json\/wp\/v2\/product\/51205","targetHints":{"allow":["GET"]}}],"collection":[{"href":"https:\/\/filtertech.ca\/fr\/wp-json\/wp\/v2\/product"}],"about":[{"href":"https:\/\/filtertech.ca\/fr\/wp-json\/wp\/v2\/types\/product"}],"wp:featuredmedia":[{"embeddable":true,"href":"https:\/\/filtertech.ca\/fr\/wp-json\/wp\/v2\/media\/1155"}],"wp:attachment":[{"href":"https:\/\/filtertech.ca\/fr\/wp-json\/wp\/v2\/media?parent=51205"}],"wp:term":[{"taxonomy":"product_brand","embeddable":true,"href":"https:\/\/filtertech.ca\/fr\/wp-json\/wp\/v2\/product_brand?post=51205"},{"taxonomy":"product_cat","embeddable":true,"href":"https:\/\/filtertech.ca\/fr\/wp-json\/wp\/v2\/product_cat?post=51205"},{"taxonomy":"product_tag","embeddable":true,"href":"https:\/\/filtertech.ca\/fr\/wp-json\/wp\/v2\/product_tag?post=51205"},{"taxonomy":"yarn_type","embeddable":true,"href":"https:\/\/filtertech.ca\/fr\/wp-json\/wp\/v2\/yarn_type?post=51205"},{"taxonomy":"micron","embeddable":true,"href":"https:\/\/filtertech.ca\/fr\/wp-json\/wp\/v2\/micron?post=51205"},{"taxonomy":"media","embeddable":true,"href":"https:\/\/filtertech.ca\/fr\/wp-json\/wp\/v2\/media?post=51205"},{"taxonomy":"size","embeddable":true,"href":"https:\/\/filtertech.ca\/fr\/wp-json\/wp\/v2\/size?post=51205"},{"taxonomy":"outside_diameter","embeddable":true,"href":"https:\/\/filtertech.ca\/fr\/wp-json\/wp\/v2\/outside_diameter?post=51205"},{"taxonomy":"inside_diameter","embeddable":true,"href":"https:\/\/filtertech.ca\/fr\/wp-json\/wp\/v2\/inside_diameter?post=51205"},{"taxonomy":"overall_diameter","embeddable":true,"href":"https:\/\/filtertech.ca\/fr\/wp-json\/wp\/v2\/overall_diameter?post=51205"},{"taxonomy":"end_cap","embeddable":true,"href":"https:\/\/filtertech.ca\/fr\/wp-json\/wp\/v2\/end_cap?post=51205"},{"taxonomy":"efficiency","embeddable":true,"href":"https:\/\/filtertech.ca\/fr\/wp-json\/wp\/v2\/efficiency?post=51205"},{"taxonomy":"support_core","embeddable":true,"href":"https:\/\/filtertech.ca\/fr\/wp-json\/wp\/v2\/support_core?post=51205"},{"taxonomy":"pleat_count","embeddable":true,"href":"https:\/\/filtertech.ca\/fr\/wp-json\/wp\/v2\/pleat_count?post=51205"}],"curies":[{"name":"wp","href":"https:\/\/api.w.org\/{rel}","templated":true}]}}