{"id":51146,"date":"2021-02-12T15:37:51","date_gmt":"2021-02-12T15:37:51","guid":{"rendered":"https:\/\/filtertech.ca\/product\/cartouche-bobinee-industrielle-en-polypropylene-5-microns-noyau-en-acier-etame-longueur-301875-o-ext-2-1-4\/"},"modified":"2026-03-30T12:43:36","modified_gmt":"2026-03-30T12:43:36","slug":"cartouche-bobinee-industrielle-en-polypropylene-5-microns-noyau-en-acier-etame-longueur-301875-o-ext-2-1-4","status":"publish","type":"product","link":"https:\/\/filtertech.ca\/fr\/produit\/cartouche-bobinee-industrielle-en-polypropylene-5-microns-noyau-en-acier-etame-longueur-301875-o-ext-2-1-4\/","title":{"rendered":"Cartouche bobin\u00e9e industrielle en polypropyl\u00e8ne, 5 microns, noyau en acier \u00e9tam\u00e9, longueur 30,1875, \u00d8 ext. 2-1\/4&Prime;"},"content":{"rendered":"<p>Cartouche de profondeur bobin\u00e9e en polypropyl\u00e8ne de qualit\u00e9 industrielle, 5 microns, noyau en acier \u00e9tam\u00e9, longueur 30,1875, \u00d8 ext. 2-1\/4&Prime;, sans rev\u00eatement de noyau<\/p>\n","protected":false},"excerpt":{"rendered":"<p><strong>R\u00e9f\u00e9rence :<\/strong> K005T30D2<\/p>\n<p><strong>Type de fil :<\/strong> Polypropyl\u00e8ne de qualit\u00e9 industrielle<\/p>\n<p><strong>Micron :<\/strong> 5<\/p>\n<p><strong>Mat\u00e9riau du noyau :<\/strong> Acier \u00e9tam\u00e9<\/p>\n<p><strong>Longueur de la cartouche&nbsp;:<\/strong> 30,1875<\/p>\n<p><strong>Diam\u00e8tre de la cartouche :<\/strong> 2,25<\/p>\n<p><strong>Quantit\u00e9 par bo\u00eete :<\/strong> 36<\/p>\n<p><strong>D\u00e9lai de livraison :<\/strong> 2 semaines<\/p>\n<p><strong>Lieu d\u2019origine :<\/strong> Montr\u00e9al, QC, Canada <\/p>\n<p><strong><\/p>\n","protected":false},"featured_media":1155,"template":"","meta":{"_acf_changed":false},"product_brand":[],"product_cat":[6675],"product_tag":[11333],"yarn_type":[9392],"micron":[9390],"media":[],"size":[],"outside_diameter":[],"inside_diameter":[],"overall_diameter":[],"end_cap":[],"efficiency":[],"support_core":[],"pleat_count":[],"class_list":{"0":"post-51146","1":"product","2":"type-product","3":"status-publish","4":"has-post-thumbnail","6":"product_cat-process-filtration","7":"product_tag-k005t30d2","8":"yarn_type-polypropylene-de-qualite-industrielle","9":"micron-9390","10":"core_type-acier-etame","11":"length-30-1875","12":"diameter-2-25","13":"entry","14":"has-media","16":"first","17":"instock","18":"product-type-simple"},"acf":[],"_links":{"self":[{"href":"https:\/\/filtertech.ca\/fr\/wp-json\/wp\/v2\/product\/51146","targetHints":{"allow":["GET"]}}],"collection":[{"href":"https:\/\/filtertech.ca\/fr\/wp-json\/wp\/v2\/product"}],"about":[{"href":"https:\/\/filtertech.ca\/fr\/wp-json\/wp\/v2\/types\/product"}],"wp:featuredmedia":[{"embeddable":true,"href":"https:\/\/filtertech.ca\/fr\/wp-json\/wp\/v2\/media\/1155"}],"wp:attachment":[{"href":"https:\/\/filtertech.ca\/fr\/wp-json\/wp\/v2\/media?parent=51146"}],"wp:term":[{"taxonomy":"product_brand","embeddable":true,"href":"https:\/\/filtertech.ca\/fr\/wp-json\/wp\/v2\/product_brand?post=51146"},{"taxonomy":"product_cat","embeddable":true,"href":"https:\/\/filtertech.ca\/fr\/wp-json\/wp\/v2\/product_cat?post=51146"},{"taxonomy":"product_tag","embeddable":true,"href":"https:\/\/filtertech.ca\/fr\/wp-json\/wp\/v2\/product_tag?post=51146"},{"taxonomy":"yarn_type","embeddable":true,"href":"https:\/\/filtertech.ca\/fr\/wp-json\/wp\/v2\/yarn_type?post=51146"},{"taxonomy":"micron","embeddable":true,"href":"https:\/\/filtertech.ca\/fr\/wp-json\/wp\/v2\/micron?post=51146"},{"taxonomy":"media","embeddable":true,"href":"https:\/\/filtertech.ca\/fr\/wp-json\/wp\/v2\/media?post=51146"},{"taxonomy":"size","embeddable":true,"href":"https:\/\/filtertech.ca\/fr\/wp-json\/wp\/v2\/size?post=51146"},{"taxonomy":"outside_diameter","embeddable":true,"href":"https:\/\/filtertech.ca\/fr\/wp-json\/wp\/v2\/outside_diameter?post=51146"},{"taxonomy":"inside_diameter","embeddable":true,"href":"https:\/\/filtertech.ca\/fr\/wp-json\/wp\/v2\/inside_diameter?post=51146"},{"taxonomy":"overall_diameter","embeddable":true,"href":"https:\/\/filtertech.ca\/fr\/wp-json\/wp\/v2\/overall_diameter?post=51146"},{"taxonomy":"end_cap","embeddable":true,"href":"https:\/\/filtertech.ca\/fr\/wp-json\/wp\/v2\/end_cap?post=51146"},{"taxonomy":"efficiency","embeddable":true,"href":"https:\/\/filtertech.ca\/fr\/wp-json\/wp\/v2\/efficiency?post=51146"},{"taxonomy":"support_core","embeddable":true,"href":"https:\/\/filtertech.ca\/fr\/wp-json\/wp\/v2\/support_core?post=51146"},{"taxonomy":"pleat_count","embeddable":true,"href":"https:\/\/filtertech.ca\/fr\/wp-json\/wp\/v2\/pleat_count?post=51146"}],"curies":[{"name":"wp","href":"https:\/\/api.w.org\/{rel}","templated":true}]}}