{"id":51105,"date":"2021-02-12T15:38:00","date_gmt":"2021-02-12T15:38:00","guid":{"rendered":"https:\/\/filtertech.ca\/product\/cartouche-bobinee-coton-naturel-50-microns-noyau-acier-etame-2925-de-long-2-1-4-de\/"},"modified":"2026-03-30T06:19:28","modified_gmt":"2026-03-30T06:19:28","slug":"cartouche-bobinee-coton-naturel-50-microns-noyau-acier-etame-2925-de-long-2-1-4-de","status":"publish","type":"product","link":"https:\/\/filtertech.ca\/fr\/produit\/cartouche-bobinee-coton-naturel-50-microns-noyau-acier-etame-2925-de-long-2-1-4-de\/","title":{"rendered":"Cartouche bobin\u00e9e coton naturel, 50 microns, noyau acier \u00e9tam\u00e9, 29,25 de long, 2-1\/4&Prime; DE"},"content":{"rendered":"<p>Cartouche bobin\u00e9e profonde coton naturel, 50 microns, noyau acier \u00e9tam\u00e9, 29,25 de long, 2-1\/4&Prime; DE, sans couvercle de noyau<\/p>\n","protected":false},"excerpt":{"rendered":"<p><strong>Num\u00e9ro de pi\u00e8ce :<\/strong> C050T2925D2<\/p>\n<p><strong>Type de fil :<\/strong> Coton naturel<\/p>\n<p><strong>Micron :<\/strong> 50<\/p>\n<p><strong>Mat\u00e9riau du noyau :<\/strong> Acier \u00e9tam\u00e9<\/p>\n<p><strong>Longueur de cartouche :<\/strong> 29,25<\/p>\n<p><strong>Diam\u00e8tre de la cartouche :<\/strong> 2,25<\/p>\n<p><strong>Quantit\u00e9 par bo\u00eete :<\/strong> 36<\/p>\n<p><strong>D\u00e9lai de livraison :<\/strong> 2 semaines<\/p>\n<p><strong>Lieu d\u2019origine :<\/strong> Montr\u00e9al, QC, Canada <\/p>\n<p><strong><\/p>\n","protected":false},"featured_media":1155,"template":"","meta":{"_acf_changed":false},"product_brand":[],"product_cat":[6675],"product_tag":[11292],"yarn_type":[9714],"micron":[9509],"media":[],"size":[],"outside_diameter":[],"inside_diameter":[],"overall_diameter":[],"end_cap":[],"efficiency":[],"support_core":[],"pleat_count":[],"class_list":{"0":"post-51105","1":"product","2":"type-product","3":"status-publish","4":"has-post-thumbnail","6":"product_cat-process-filtration","7":"product_tag-c050t2925d2","8":"yarn_type-coton-naturel","9":"micron-9509","10":"core_type-acier-etame","11":"length-29-25","12":"diameter-2-25","13":"entry","14":"has-media","16":"first","17":"instock","18":"product-type-simple"},"acf":[],"_links":{"self":[{"href":"https:\/\/filtertech.ca\/fr\/wp-json\/wp\/v2\/product\/51105","targetHints":{"allow":["GET"]}}],"collection":[{"href":"https:\/\/filtertech.ca\/fr\/wp-json\/wp\/v2\/product"}],"about":[{"href":"https:\/\/filtertech.ca\/fr\/wp-json\/wp\/v2\/types\/product"}],"wp:featuredmedia":[{"embeddable":true,"href":"https:\/\/filtertech.ca\/fr\/wp-json\/wp\/v2\/media\/1155"}],"wp:attachment":[{"href":"https:\/\/filtertech.ca\/fr\/wp-json\/wp\/v2\/media?parent=51105"}],"wp:term":[{"taxonomy":"product_brand","embeddable":true,"href":"https:\/\/filtertech.ca\/fr\/wp-json\/wp\/v2\/product_brand?post=51105"},{"taxonomy":"product_cat","embeddable":true,"href":"https:\/\/filtertech.ca\/fr\/wp-json\/wp\/v2\/product_cat?post=51105"},{"taxonomy":"product_tag","embeddable":true,"href":"https:\/\/filtertech.ca\/fr\/wp-json\/wp\/v2\/product_tag?post=51105"},{"taxonomy":"yarn_type","embeddable":true,"href":"https:\/\/filtertech.ca\/fr\/wp-json\/wp\/v2\/yarn_type?post=51105"},{"taxonomy":"micron","embeddable":true,"href":"https:\/\/filtertech.ca\/fr\/wp-json\/wp\/v2\/micron?post=51105"},{"taxonomy":"media","embeddable":true,"href":"https:\/\/filtertech.ca\/fr\/wp-json\/wp\/v2\/media?post=51105"},{"taxonomy":"size","embeddable":true,"href":"https:\/\/filtertech.ca\/fr\/wp-json\/wp\/v2\/size?post=51105"},{"taxonomy":"outside_diameter","embeddable":true,"href":"https:\/\/filtertech.ca\/fr\/wp-json\/wp\/v2\/outside_diameter?post=51105"},{"taxonomy":"inside_diameter","embeddable":true,"href":"https:\/\/filtertech.ca\/fr\/wp-json\/wp\/v2\/inside_diameter?post=51105"},{"taxonomy":"overall_diameter","embeddable":true,"href":"https:\/\/filtertech.ca\/fr\/wp-json\/wp\/v2\/overall_diameter?post=51105"},{"taxonomy":"end_cap","embeddable":true,"href":"https:\/\/filtertech.ca\/fr\/wp-json\/wp\/v2\/end_cap?post=51105"},{"taxonomy":"efficiency","embeddable":true,"href":"https:\/\/filtertech.ca\/fr\/wp-json\/wp\/v2\/efficiency?post=51105"},{"taxonomy":"support_core","embeddable":true,"href":"https:\/\/filtertech.ca\/fr\/wp-json\/wp\/v2\/support_core?post=51105"},{"taxonomy":"pleat_count","embeddable":true,"href":"https:\/\/filtertech.ca\/fr\/wp-json\/wp\/v2\/pleat_count?post=51105"}],"curies":[{"name":"wp","href":"https:\/\/api.w.org\/{rel}","templated":true}]}}