{"id":50887,"date":"2021-02-12T15:36:43","date_gmt":"2021-02-12T15:36:43","guid":{"rendered":"https:\/\/filtertech.ca\/product\/cartouche-bobinee-en-polypropylene-fda-25-microns-ame-en-polypropylene-20-po-de-long-2-1-4-po-d-e\/"},"modified":"2026-03-30T05:58:47","modified_gmt":"2026-03-30T05:58:47","slug":"cartouche-bobinee-en-polypropylene-fda-25-microns-ame-en-polypropylene-20-po-de-long-2-1-4-po-d-e","status":"publish","type":"product","link":"https:\/\/filtertech.ca\/fr\/produit\/cartouche-bobinee-en-polypropylene-fda-25-microns-ame-en-polypropylene-20-po-de-long-2-1-4-po-d-e\/","title":{"rendered":"Cartouche bobin\u00e9e en polypropyl\u00e8ne FDA, 25 microns, \u00e2me en polypropyl\u00e8ne, 20 po de long, 2-1\/4 po D.E."},"content":{"rendered":"<p>Cartouche bobin\u00e9e en profondeur en polypropyl\u00e8ne FDA, 25 microns, \u00e2me en polypropyl\u00e8ne, 20 po de long, 2-1\/4 po D.E., sans couvercle d\u00e2me<\/p>\n","protected":false},"excerpt":{"rendered":"<p><strong>Num\u00e9ro de pi\u00e8ce :<\/strong> G025P20D2<\/p>\n<p><strong>Type de fil :<\/strong> Polypropyl\u00e8ne FDA<\/p>\n<p><strong>Micron :<\/strong> 25<\/p>\n<p><strong>Mat\u00e9riau du noyau :<\/strong> Polypropyl\u00e8ne<\/p>\n<p><strong>Longueur de la cartouche :<\/strong> 20<\/p>\n<p><strong>Diam\u00e8tre de la cartouche :<\/strong> 2,25<\/p>\n<p><strong>Quantit\u00e9 par bo\u00eete :<\/strong> 18<\/p>\n<p><strong>D\u00e9lai de livraison :<\/strong> 2 semaines<\/p>\n<p><strong>Lieu d\u2019origine :<\/strong> Montr\u00e9al, QC, Canada <\/p>\n<p><strong><\/p>\n","protected":false},"featured_media":1155,"template":"","meta":{"_acf_changed":false},"product_brand":[],"product_cat":[6675],"product_tag":[11073],"yarn_type":[],"micron":[],"media":[],"size":[],"outside_diameter":[],"inside_diameter":[],"overall_diameter":[],"end_cap":[],"efficiency":[],"support_core":[],"pleat_count":[],"class_list":{"0":"post-50887","1":"product","2":"type-product","3":"status-publish","4":"has-post-thumbnail","6":"product_cat-process-filtration","7":"product_tag-g025p20d2","8":"entry","9":"has-media","11":"first","12":"instock","13":"product-type-simple"},"acf":[],"_links":{"self":[{"href":"https:\/\/filtertech.ca\/fr\/wp-json\/wp\/v2\/product\/50887","targetHints":{"allow":["GET"]}}],"collection":[{"href":"https:\/\/filtertech.ca\/fr\/wp-json\/wp\/v2\/product"}],"about":[{"href":"https:\/\/filtertech.ca\/fr\/wp-json\/wp\/v2\/types\/product"}],"wp:featuredmedia":[{"embeddable":true,"href":"https:\/\/filtertech.ca\/fr\/wp-json\/wp\/v2\/media\/1155"}],"wp:attachment":[{"href":"https:\/\/filtertech.ca\/fr\/wp-json\/wp\/v2\/media?parent=50887"}],"wp:term":[{"taxonomy":"product_brand","embeddable":true,"href":"https:\/\/filtertech.ca\/fr\/wp-json\/wp\/v2\/product_brand?post=50887"},{"taxonomy":"product_cat","embeddable":true,"href":"https:\/\/filtertech.ca\/fr\/wp-json\/wp\/v2\/product_cat?post=50887"},{"taxonomy":"product_tag","embeddable":true,"href":"https:\/\/filtertech.ca\/fr\/wp-json\/wp\/v2\/product_tag?post=50887"},{"taxonomy":"yarn_type","embeddable":true,"href":"https:\/\/filtertech.ca\/fr\/wp-json\/wp\/v2\/yarn_type?post=50887"},{"taxonomy":"micron","embeddable":true,"href":"https:\/\/filtertech.ca\/fr\/wp-json\/wp\/v2\/micron?post=50887"},{"taxonomy":"media","embeddable":true,"href":"https:\/\/filtertech.ca\/fr\/wp-json\/wp\/v2\/media?post=50887"},{"taxonomy":"size","embeddable":true,"href":"https:\/\/filtertech.ca\/fr\/wp-json\/wp\/v2\/size?post=50887"},{"taxonomy":"outside_diameter","embeddable":true,"href":"https:\/\/filtertech.ca\/fr\/wp-json\/wp\/v2\/outside_diameter?post=50887"},{"taxonomy":"inside_diameter","embeddable":true,"href":"https:\/\/filtertech.ca\/fr\/wp-json\/wp\/v2\/inside_diameter?post=50887"},{"taxonomy":"overall_diameter","embeddable":true,"href":"https:\/\/filtertech.ca\/fr\/wp-json\/wp\/v2\/overall_diameter?post=50887"},{"taxonomy":"end_cap","embeddable":true,"href":"https:\/\/filtertech.ca\/fr\/wp-json\/wp\/v2\/end_cap?post=50887"},{"taxonomy":"efficiency","embeddable":true,"href":"https:\/\/filtertech.ca\/fr\/wp-json\/wp\/v2\/efficiency?post=50887"},{"taxonomy":"support_core","embeddable":true,"href":"https:\/\/filtertech.ca\/fr\/wp-json\/wp\/v2\/support_core?post=50887"},{"taxonomy":"pleat_count","embeddable":true,"href":"https:\/\/filtertech.ca\/fr\/wp-json\/wp\/v2\/pleat_count?post=50887"}],"curies":[{"name":"wp","href":"https:\/\/api.w.org\/{rel}","templated":true}]}}