{"id":50330,"date":"2021-02-12T15:18:29","date_gmt":"2021-02-12T15:18:29","guid":{"rendered":"https:\/\/filtertech.ca\/product\/filtre-bobine-en-polypropylene-fda-300-microns-ame-en-acier-etame-10-po\/"},"modified":"2026-03-30T11:50:08","modified_gmt":"2026-03-30T11:50:08","slug":"filtre-bobine-en-polypropylene-fda-300-microns-ame-en-acier-etame-10-po","status":"publish","type":"product","link":"https:\/\/filtertech.ca\/fr\/produit\/filtre-bobine-en-polypropylene-fda-300-microns-ame-en-acier-etame-10-po\/","title":{"rendered":"Filtre bobin\u00e9 en polypropyl\u00e8ne FDA, 300 microns, \u00e2me en acier \u00e9tam\u00e9, 10 po"},"content":{"rendered":"<p>Cartouche filtrante bobin\u00e9e en polypropyl\u00e8ne FDA, 300 microns, \u00e2me en acier \u00e9tam\u00e9, 10 po de long, pour bo\u00eetier de 2,5 po. D\u00e9bit : 10 GPM. Temp. max. : 65,5 \u00b0C <\/p>\n","protected":false},"excerpt":{"rendered":"<p><strong>Num\u00e9ro de pi\u00e8ce :<\/strong> G300T10<\/p>\n<p><strong>Type de fil :<\/strong> Polypropyl\u00e8ne FDA<\/p>\n<p><strong>Micron :<\/strong> 300<\/p>\n<p><strong>Mat\u00e9riau du noyau :<\/strong> Acier \u00e9tam\u00e9<\/p>\n<p><strong>Longueur de la cartouche :<\/strong> 10<\/p>\n<p><strong>Diam\u00e8tre de la cartouche :<\/strong> 2,4<\/p>\n<p><strong>Quantit\u00e9 par bo\u00eete :<\/strong> 30<\/p>\n<p><strong>D\u00e9lai de livraison :<\/strong> 2 semaines<\/p>\n<p><strong>Lieu d\u2019origine :<\/strong> Montr\u00e9al, QC, Canada <\/p>\n<p><strong><\/p>\n","protected":false},"featured_media":1155,"template":"","meta":{"_acf_changed":false},"product_brand":[],"product_cat":[6675],"product_tag":[10511],"yarn_type":[10099],"micron":[9518],"media":[],"size":[],"outside_diameter":[],"inside_diameter":[],"overall_diameter":[],"end_cap":[],"efficiency":[],"support_core":[],"pleat_count":[],"class_list":{"0":"post-50330","1":"product","2":"type-product","3":"status-publish","4":"has-post-thumbnail","6":"product_cat-process-filtration","7":"product_tag-g300t10","8":"yarn_type-polypropylene-fda","9":"micron-9518","10":"core_type-acier-etame","11":"length-9508","12":"diameter-2-4","13":"entry","14":"has-media","16":"first","17":"instock","18":"product-type-simple"},"acf":[],"_links":{"self":[{"href":"https:\/\/filtertech.ca\/fr\/wp-json\/wp\/v2\/product\/50330","targetHints":{"allow":["GET"]}}],"collection":[{"href":"https:\/\/filtertech.ca\/fr\/wp-json\/wp\/v2\/product"}],"about":[{"href":"https:\/\/filtertech.ca\/fr\/wp-json\/wp\/v2\/types\/product"}],"wp:featuredmedia":[{"embeddable":true,"href":"https:\/\/filtertech.ca\/fr\/wp-json\/wp\/v2\/media\/1155"}],"wp:attachment":[{"href":"https:\/\/filtertech.ca\/fr\/wp-json\/wp\/v2\/media?parent=50330"}],"wp:term":[{"taxonomy":"product_brand","embeddable":true,"href":"https:\/\/filtertech.ca\/fr\/wp-json\/wp\/v2\/product_brand?post=50330"},{"taxonomy":"product_cat","embeddable":true,"href":"https:\/\/filtertech.ca\/fr\/wp-json\/wp\/v2\/product_cat?post=50330"},{"taxonomy":"product_tag","embeddable":true,"href":"https:\/\/filtertech.ca\/fr\/wp-json\/wp\/v2\/product_tag?post=50330"},{"taxonomy":"yarn_type","embeddable":true,"href":"https:\/\/filtertech.ca\/fr\/wp-json\/wp\/v2\/yarn_type?post=50330"},{"taxonomy":"micron","embeddable":true,"href":"https:\/\/filtertech.ca\/fr\/wp-json\/wp\/v2\/micron?post=50330"},{"taxonomy":"media","embeddable":true,"href":"https:\/\/filtertech.ca\/fr\/wp-json\/wp\/v2\/media?post=50330"},{"taxonomy":"size","embeddable":true,"href":"https:\/\/filtertech.ca\/fr\/wp-json\/wp\/v2\/size?post=50330"},{"taxonomy":"outside_diameter","embeddable":true,"href":"https:\/\/filtertech.ca\/fr\/wp-json\/wp\/v2\/outside_diameter?post=50330"},{"taxonomy":"inside_diameter","embeddable":true,"href":"https:\/\/filtertech.ca\/fr\/wp-json\/wp\/v2\/inside_diameter?post=50330"},{"taxonomy":"overall_diameter","embeddable":true,"href":"https:\/\/filtertech.ca\/fr\/wp-json\/wp\/v2\/overall_diameter?post=50330"},{"taxonomy":"end_cap","embeddable":true,"href":"https:\/\/filtertech.ca\/fr\/wp-json\/wp\/v2\/end_cap?post=50330"},{"taxonomy":"efficiency","embeddable":true,"href":"https:\/\/filtertech.ca\/fr\/wp-json\/wp\/v2\/efficiency?post=50330"},{"taxonomy":"support_core","embeddable":true,"href":"https:\/\/filtertech.ca\/fr\/wp-json\/wp\/v2\/support_core?post=50330"},{"taxonomy":"pleat_count","embeddable":true,"href":"https:\/\/filtertech.ca\/fr\/wp-json\/wp\/v2\/pleat_count?post=50330"}],"curies":[{"name":"wp","href":"https:\/\/api.w.org\/{rel}","templated":true}]}}