{"id":49871,"date":"2021-02-12T15:14:55","date_gmt":"2021-02-12T15:14:55","guid":{"rendered":"https:\/\/filtertech.ca\/product\/filtre-bobine-en-fibre-de-verre-cuite-050-%c2%b5m-ame-en-acier-inoxydable-304-30-po\/"},"modified":"2026-03-31T04:31:23","modified_gmt":"2026-03-31T04:31:23","slug":"filtre-bobine-en-fibre-de-verre-cuite-050-%c2%b5m-ame-en-acier-inoxydable-304-30-po","status":"publish","type":"product","link":"https:\/\/filtertech.ca\/fr\/produit\/filtre-bobine-en-fibre-de-verre-cuite-050-%c2%b5m-ame-en-acier-inoxydable-304-30-po\/","title":{"rendered":"Filtre bobin\u00e9 en fibre de verre cuite, 0,50 \u00b5m, \u00e2me en acier inoxydable 304, 30 po"},"content":{"rendered":"<p>Cartouche filtrante bobin\u00e9e en fibre de verre cuite, 0,50 micron, \u00e2me en acier inoxydable 304, 30 po de long. Pour bo\u00eetier de 2-1\/2 po. D\u00e9bit 15 GPM. Temp. max. 750 \u00b0F <\/p>\n","protected":false},"excerpt":{"rendered":"<p><strong>Num\u00e9ro de pi\u00e8ce :<\/strong> F.50S30<\/p>\n<p><strong>Type de fil :<\/strong> Fibre de verre cuite<\/p>\n<p><strong>Micron :<\/strong> 0,5<\/p>\n<p><strong>Mat\u00e9riau de l\u2019\u00e2me&nbsp;:<\/strong> Acier inoxydable 304<\/p>\n<p><strong>Longueur de la cartouche :<\/strong> 30<\/p>\n<p><strong>Diam\u00e8tre de la cartouche :<\/strong> 2,4<\/p>\n<p><strong>Quantit\u00e9 par bo\u00eete :<\/strong> 15<\/p>\n<p><strong>D\u00e9lai de livraison :<\/strong> 2 semaines<\/p>\n<p><strong>Lieu d\u2019origine :<\/strong> Montr\u00e9al, QC, Canada <\/p>\n<p><strong><\/p>\n","protected":false},"featured_media":1155,"template":"","meta":{"_acf_changed":false},"product_brand":[],"product_cat":[6675],"product_tag":[10049],"yarn_type":[9966],"micron":[9476],"media":[],"size":[],"outside_diameter":[],"inside_diameter":[],"overall_diameter":[],"end_cap":[],"efficiency":[],"support_core":[],"pleat_count":[],"class_list":{"0":"post-49871","1":"product","2":"type-product","3":"status-publish","4":"has-post-thumbnail","6":"product_cat-process-filtration","7":"product_tag-f-50s30","8":"yarn_type-fibre-de-verre-cuite","9":"micron-0-5","10":"core_type-acier-inoxydable-304","11":"length-9409","12":"diameter-2-4","13":"entry","14":"has-media","16":"first","17":"instock","18":"product-type-simple"},"acf":[],"_links":{"self":[{"href":"https:\/\/filtertech.ca\/fr\/wp-json\/wp\/v2\/product\/49871","targetHints":{"allow":["GET"]}}],"collection":[{"href":"https:\/\/filtertech.ca\/fr\/wp-json\/wp\/v2\/product"}],"about":[{"href":"https:\/\/filtertech.ca\/fr\/wp-json\/wp\/v2\/types\/product"}],"wp:featuredmedia":[{"embeddable":true,"href":"https:\/\/filtertech.ca\/fr\/wp-json\/wp\/v2\/media\/1155"}],"wp:attachment":[{"href":"https:\/\/filtertech.ca\/fr\/wp-json\/wp\/v2\/media?parent=49871"}],"wp:term":[{"taxonomy":"product_brand","embeddable":true,"href":"https:\/\/filtertech.ca\/fr\/wp-json\/wp\/v2\/product_brand?post=49871"},{"taxonomy":"product_cat","embeddable":true,"href":"https:\/\/filtertech.ca\/fr\/wp-json\/wp\/v2\/product_cat?post=49871"},{"taxonomy":"product_tag","embeddable":true,"href":"https:\/\/filtertech.ca\/fr\/wp-json\/wp\/v2\/product_tag?post=49871"},{"taxonomy":"yarn_type","embeddable":true,"href":"https:\/\/filtertech.ca\/fr\/wp-json\/wp\/v2\/yarn_type?post=49871"},{"taxonomy":"micron","embeddable":true,"href":"https:\/\/filtertech.ca\/fr\/wp-json\/wp\/v2\/micron?post=49871"},{"taxonomy":"media","embeddable":true,"href":"https:\/\/filtertech.ca\/fr\/wp-json\/wp\/v2\/media?post=49871"},{"taxonomy":"size","embeddable":true,"href":"https:\/\/filtertech.ca\/fr\/wp-json\/wp\/v2\/size?post=49871"},{"taxonomy":"outside_diameter","embeddable":true,"href":"https:\/\/filtertech.ca\/fr\/wp-json\/wp\/v2\/outside_diameter?post=49871"},{"taxonomy":"inside_diameter","embeddable":true,"href":"https:\/\/filtertech.ca\/fr\/wp-json\/wp\/v2\/inside_diameter?post=49871"},{"taxonomy":"overall_diameter","embeddable":true,"href":"https:\/\/filtertech.ca\/fr\/wp-json\/wp\/v2\/overall_diameter?post=49871"},{"taxonomy":"end_cap","embeddable":true,"href":"https:\/\/filtertech.ca\/fr\/wp-json\/wp\/v2\/end_cap?post=49871"},{"taxonomy":"efficiency","embeddable":true,"href":"https:\/\/filtertech.ca\/fr\/wp-json\/wp\/v2\/efficiency?post=49871"},{"taxonomy":"support_core","embeddable":true,"href":"https:\/\/filtertech.ca\/fr\/wp-json\/wp\/v2\/support_core?post=49871"},{"taxonomy":"pleat_count","embeddable":true,"href":"https:\/\/filtertech.ca\/fr\/wp-json\/wp\/v2\/pleat_count?post=49871"}],"curies":[{"name":"wp","href":"https:\/\/api.w.org\/{rel}","templated":true}]}}