{"id":49480,"date":"2025-01-23T04:53:28","date_gmt":"2025-01-23T04:53:28","guid":{"rendered":"https:\/\/filtertech.ca\/product\/enveloppe-de-prefiltre-en-mousse-diametre-interieur-19625-hauteur-285\/"},"modified":"2026-03-30T07:12:08","modified_gmt":"2026-03-30T07:12:08","slug":"enveloppe-de-prefiltre-en-mousse-diametre-interieur-19625-hauteur-285","status":"publish","type":"product","link":"https:\/\/filtertech.ca\/fr\/produit\/enveloppe-de-prefiltre-en-mousse-diametre-interieur-19625-hauteur-285\/","title":{"rendered":"Enveloppe de pr\u00e9filtre en mousse, diam\u00e8tre int\u00e9rieur 19,625, hauteur 28,5"},"content":{"rendered":"<p>Enveloppe de pr\u00e9filtre en mousse, diam\u00e8tre int\u00e9rieur 19,625, hauteur 28,5<\/p>\n","protected":false},"excerpt":{"rendered":"<p><strong>Num\u00e9ro de pi\u00e8ce :<\/strong> A2248<\/p>\n<p><strong>Diam\u00e8tre ext\u00e9rieur :<\/strong> N\/A<\/p>\n<p><strong>Diam\u00e8tre int\u00e9rieur :<\/strong> 19,625<\/p>\n<p><strong>Hauteur totale :<\/strong> 28,5<\/p>\n<p><strong>Type d\u2019embout :<\/strong> N\/A<\/p>\n<p><strong>Type de m\u00e9dia :<\/strong> Pr\u00e9filtre (mousse)<\/p>\n<p><strong>Classe d\u2019efficacit\u00e9 :<\/strong> N\/A<\/p>\n<p><strong>Support central :<\/strong> N\/A<\/p>\n<p> <strong> Quantit\u00e9 par bo\u00eete :<\/strong> 2<\/p>\n<p><strong>Disponibilit\u00e9 :<\/strong> 1 semaine<\/p>\n<p><strong>Lieu d\u2019origine :<\/strong> Montr\u00e9al, QC, Canada<\/p>\n<p>&nbsp;<\/p>\n","protected":false},"featured_media":24794,"template":"","meta":{"_acf_changed":false},"product_brand":[],"product_cat":[6637],"product_tag":[],"yarn_type":[],"micron":[],"media":[],"size":[],"outside_diameter":[],"inside_diameter":[],"overall_diameter":[],"end_cap":[],"efficiency":[],"support_core":[],"pleat_count":[],"class_list":{"0":"post-49480","1":"product","2":"type-product","3":"status-publish","4":"has-post-thumbnail","6":"product_cat-air-filtration","7":"entry","8":"has-media","10":"first","11":"instock","12":"product-type-simple"},"acf":[],"_links":{"self":[{"href":"https:\/\/filtertech.ca\/fr\/wp-json\/wp\/v2\/product\/49480","targetHints":{"allow":["GET"]}}],"collection":[{"href":"https:\/\/filtertech.ca\/fr\/wp-json\/wp\/v2\/product"}],"about":[{"href":"https:\/\/filtertech.ca\/fr\/wp-json\/wp\/v2\/types\/product"}],"wp:featuredmedia":[{"embeddable":true,"href":"https:\/\/filtertech.ca\/fr\/wp-json\/wp\/v2\/media\/24794"}],"wp:attachment":[{"href":"https:\/\/filtertech.ca\/fr\/wp-json\/wp\/v2\/media?parent=49480"}],"wp:term":[{"taxonomy":"product_brand","embeddable":true,"href":"https:\/\/filtertech.ca\/fr\/wp-json\/wp\/v2\/product_brand?post=49480"},{"taxonomy":"product_cat","embeddable":true,"href":"https:\/\/filtertech.ca\/fr\/wp-json\/wp\/v2\/product_cat?post=49480"},{"taxonomy":"product_tag","embeddable":true,"href":"https:\/\/filtertech.ca\/fr\/wp-json\/wp\/v2\/product_tag?post=49480"},{"taxonomy":"yarn_type","embeddable":true,"href":"https:\/\/filtertech.ca\/fr\/wp-json\/wp\/v2\/yarn_type?post=49480"},{"taxonomy":"micron","embeddable":true,"href":"https:\/\/filtertech.ca\/fr\/wp-json\/wp\/v2\/micron?post=49480"},{"taxonomy":"media","embeddable":true,"href":"https:\/\/filtertech.ca\/fr\/wp-json\/wp\/v2\/media?post=49480"},{"taxonomy":"size","embeddable":true,"href":"https:\/\/filtertech.ca\/fr\/wp-json\/wp\/v2\/size?post=49480"},{"taxonomy":"outside_diameter","embeddable":true,"href":"https:\/\/filtertech.ca\/fr\/wp-json\/wp\/v2\/outside_diameter?post=49480"},{"taxonomy":"inside_diameter","embeddable":true,"href":"https:\/\/filtertech.ca\/fr\/wp-json\/wp\/v2\/inside_diameter?post=49480"},{"taxonomy":"overall_diameter","embeddable":true,"href":"https:\/\/filtertech.ca\/fr\/wp-json\/wp\/v2\/overall_diameter?post=49480"},{"taxonomy":"end_cap","embeddable":true,"href":"https:\/\/filtertech.ca\/fr\/wp-json\/wp\/v2\/end_cap?post=49480"},{"taxonomy":"efficiency","embeddable":true,"href":"https:\/\/filtertech.ca\/fr\/wp-json\/wp\/v2\/efficiency?post=49480"},{"taxonomy":"support_core","embeddable":true,"href":"https:\/\/filtertech.ca\/fr\/wp-json\/wp\/v2\/support_core?post=49480"},{"taxonomy":"pleat_count","embeddable":true,"href":"https:\/\/filtertech.ca\/fr\/wp-json\/wp\/v2\/pleat_count?post=49480"}],"curies":[{"name":"wp","href":"https:\/\/api.w.org\/{rel}","templated":true}]}}