{"id":49477,"date":"2025-02-13T05:18:12","date_gmt":"2025-02-13T05:18:12","guid":{"rendered":"https:\/\/filtertech.ca\/product\/cartouche-filtrante-a-poussiere-1275-x-8375-x-26-papier-polyester-merv-10-260-plis-grille-interieure-exterieure-ouvert-ouvert-1-joint\/"},"modified":"2026-03-30T07:12:07","modified_gmt":"2026-03-30T07:12:07","slug":"cartouche-filtrante-a-poussiere-1275-x-8375-x-26-papier-polyester-merv-10-260-plis-grille-interieure-exterieure-ouvert-ouvert-1-joint","status":"publish","type":"product","link":"https:\/\/filtertech.ca\/fr\/produit\/cartouche-filtrante-a-poussiere-1275-x-8375-x-26-papier-polyester-merv-10-260-plis-grille-interieure-exterieure-ouvert-ouvert-1-joint\/","title":{"rendered":"Cartouche filtrante \u00e0 poussi\u00e8re, 12,75 x 8,375 x 26, papier\/polyester, MERV 10, 260 plis, grille int\u00e9rieure\/ext\u00e9rieure, ouvert\/ouvert (1 joint)"},"content":{"rendered":"<p>Cartouche filtrante \u00e0 poussi\u00e8re, 12,75 x 8,375 x 26, 80 % papier \/ 20 % polyester, MERV 10, 260 plis, grille int\u00e9rieure\/ext\u00e9rieure, ouvert\/ouvert (1 joint)<\/p>\n","protected":false},"excerpt":{"rendered":"<p><strong>Num\u00e9ro de pi\u00e8ce :<\/strong> A30017-SC02-06<\/p>\n<p><strong>Dimensions :<\/strong> 12,75 DE x 8,375 DI x 26 H<\/p>\n<p><strong>Nombre de plis :<\/strong> 260<\/p>\n<p><strong>Support central :<\/strong> Int\u00e9rieur\/Ext\u00e9rieur (d\u00e9ploy\u00e9)<\/p>\n<p><strong>Efficacit\u00e9 et m\u00e9dia :<\/strong> MERV 10 &#8211; 80 % cellulose \/ 20 % polyester<\/p>\n<p><strong>Type de flasque :<\/strong> Ouvert\/Ouvert, 1 joint<\/p>\n<p><strong>Dimensions du joint :<\/strong> 0,5 l x 0,625 H, forme en D x 11,25 DI<\/p>\n<p><strong>Disponibilit\u00e9 :<\/strong> 2 semaines<\/p>\n<p><strong>Lieu d\u2019origine :<\/strong> Montr\u00e9al, QC, Canada<\/p>\n<p><strong><\/p>\n","protected":false},"featured_media":24836,"template":"","meta":{"_acf_changed":false},"product_brand":[],"product_cat":[9316],"product_tag":[],"yarn_type":[],"micron":[],"media":[],"size":[9416],"outside_diameter":[],"inside_diameter":[],"overall_diameter":[],"end_cap":[9417],"efficiency":[9418],"support_core":[9419],"pleat_count":[9420],"class_list":{"0":"post-49477","1":"product","2":"type-product","3":"status-publish","4":"has-post-thumbnail","6":"product_cat-dust-fume-mist-collection-cartridges","7":"size-1275-de-x-8375-di-x-26-h","8":"end_cap-ouvert-ouvert-1-joint","9":"efficiency-merv-10-80-cellulose-20-polyester","10":"support_core-interieur-exterieur-deploye","11":"pleat_count-9420","12":"entry","13":"has-media","15":"first","16":"instock","17":"product-type-simple"},"acf":[],"_links":{"self":[{"href":"https:\/\/filtertech.ca\/fr\/wp-json\/wp\/v2\/product\/49477","targetHints":{"allow":["GET"]}}],"collection":[{"href":"https:\/\/filtertech.ca\/fr\/wp-json\/wp\/v2\/product"}],"about":[{"href":"https:\/\/filtertech.ca\/fr\/wp-json\/wp\/v2\/types\/product"}],"wp:featuredmedia":[{"embeddable":true,"href":"https:\/\/filtertech.ca\/fr\/wp-json\/wp\/v2\/media\/24836"}],"wp:attachment":[{"href":"https:\/\/filtertech.ca\/fr\/wp-json\/wp\/v2\/media?parent=49477"}],"wp:term":[{"taxonomy":"product_brand","embeddable":true,"href":"https:\/\/filtertech.ca\/fr\/wp-json\/wp\/v2\/product_brand?post=49477"},{"taxonomy":"product_cat","embeddable":true,"href":"https:\/\/filtertech.ca\/fr\/wp-json\/wp\/v2\/product_cat?post=49477"},{"taxonomy":"product_tag","embeddable":true,"href":"https:\/\/filtertech.ca\/fr\/wp-json\/wp\/v2\/product_tag?post=49477"},{"taxonomy":"yarn_type","embeddable":true,"href":"https:\/\/filtertech.ca\/fr\/wp-json\/wp\/v2\/yarn_type?post=49477"},{"taxonomy":"micron","embeddable":true,"href":"https:\/\/filtertech.ca\/fr\/wp-json\/wp\/v2\/micron?post=49477"},{"taxonomy":"media","embeddable":true,"href":"https:\/\/filtertech.ca\/fr\/wp-json\/wp\/v2\/media?post=49477"},{"taxonomy":"size","embeddable":true,"href":"https:\/\/filtertech.ca\/fr\/wp-json\/wp\/v2\/size?post=49477"},{"taxonomy":"outside_diameter","embeddable":true,"href":"https:\/\/filtertech.ca\/fr\/wp-json\/wp\/v2\/outside_diameter?post=49477"},{"taxonomy":"inside_diameter","embeddable":true,"href":"https:\/\/filtertech.ca\/fr\/wp-json\/wp\/v2\/inside_diameter?post=49477"},{"taxonomy":"overall_diameter","embeddable":true,"href":"https:\/\/filtertech.ca\/fr\/wp-json\/wp\/v2\/overall_diameter?post=49477"},{"taxonomy":"end_cap","embeddable":true,"href":"https:\/\/filtertech.ca\/fr\/wp-json\/wp\/v2\/end_cap?post=49477"},{"taxonomy":"efficiency","embeddable":true,"href":"https:\/\/filtertech.ca\/fr\/wp-json\/wp\/v2\/efficiency?post=49477"},{"taxonomy":"support_core","embeddable":true,"href":"https:\/\/filtertech.ca\/fr\/wp-json\/wp\/v2\/support_core?post=49477"},{"taxonomy":"pleat_count","embeddable":true,"href":"https:\/\/filtertech.ca\/fr\/wp-json\/wp\/v2\/pleat_count?post=49477"}],"curies":[{"name":"wp","href":"https:\/\/api.w.org\/{rel}","templated":true}]}}