{"id":48021,"date":"2021-02-12T15:10:00","date_gmt":"2021-02-12T15:10:00","guid":{"rendered":"https:\/\/filtertech.ca\/product\/filtre-en-coton-bobine-3-microns-ame-en-polypropylene-30-po\/"},"modified":"2026-03-27T12:22:31","modified_gmt":"2026-03-27T12:22:31","slug":"filtre-en-coton-bobine-3-microns-ame-en-polypropylene-30-po","status":"publish","type":"product","link":"https:\/\/filtertech.ca\/fr\/produit\/filtre-en-coton-bobine-3-microns-ame-en-polypropylene-30-po\/","title":{"rendered":"Filtre en coton bobin\u00e9, 3 microns, \u00e2me en polypropyl\u00e8ne, 30 po"},"content":{"rendered":"<p>Cartouche filtrante en coton bobin\u00e9, 3 microns, \u00e2me en polypropyl\u00e8ne, longueur 30 po, pour bo\u00eetier 2-1\/2 po, d\u00e9bit 9 gpm, temp. max. 150 \u00b0F <\/p>\n","protected":false},"excerpt":{"rendered":"<p><strong>R\u00e9f\u00e9rence :<\/strong> C003P30<\/p>\n<p><strong>Type de fil :<\/strong> Coton naturel<\/p>\n<p><strong>Micron :<\/strong> 3<\/p>\n<p><strong>Mat\u00e9riau du noyau :<\/strong> Polypropyl\u00e8ne<\/p>\n<p><strong>Longueur de la cartouche :<\/strong> 30<\/p>\n<p><strong>Diam\u00e8tre de la cartouche :<\/strong> 2,4<\/p>\n<p><strong>Quantit\u00e9 par bo\u00eete :<\/strong> 15<\/p>\n<p><strong>D\u00e9lai de livraison :<\/strong> 2 semaines<\/p>\n<p><strong>Lieu d\u2019origine :<\/strong> Montr\u00e9al, QC, Canada <\/p>\n<p><strong><\/p>\n","protected":false},"featured_media":1155,"template":"","meta":{"_acf_changed":false},"product_brand":[],"product_cat":[6675],"product_tag":[8109],"yarn_type":[9714],"micron":[9408],"media":[],"size":[],"outside_diameter":[],"inside_diameter":[],"overall_diameter":[],"end_cap":[],"efficiency":[],"support_core":[],"pleat_count":[],"class_list":{"0":"post-48021","1":"product","2":"type-product","3":"status-publish","4":"has-post-thumbnail","6":"product_cat-process-filtration","7":"product_tag-c003p30","8":"yarn_type-coton-naturel","9":"micron-9408","10":"core_type-polypropylene","11":"length-9409","12":"diameter-2-4","13":"entry","14":"has-media","16":"first","17":"instock","18":"product-type-simple"},"acf":[],"_links":{"self":[{"href":"https:\/\/filtertech.ca\/fr\/wp-json\/wp\/v2\/product\/48021","targetHints":{"allow":["GET"]}}],"collection":[{"href":"https:\/\/filtertech.ca\/fr\/wp-json\/wp\/v2\/product"}],"about":[{"href":"https:\/\/filtertech.ca\/fr\/wp-json\/wp\/v2\/types\/product"}],"wp:featuredmedia":[{"embeddable":true,"href":"https:\/\/filtertech.ca\/fr\/wp-json\/wp\/v2\/media\/1155"}],"wp:attachment":[{"href":"https:\/\/filtertech.ca\/fr\/wp-json\/wp\/v2\/media?parent=48021"}],"wp:term":[{"taxonomy":"product_brand","embeddable":true,"href":"https:\/\/filtertech.ca\/fr\/wp-json\/wp\/v2\/product_brand?post=48021"},{"taxonomy":"product_cat","embeddable":true,"href":"https:\/\/filtertech.ca\/fr\/wp-json\/wp\/v2\/product_cat?post=48021"},{"taxonomy":"product_tag","embeddable":true,"href":"https:\/\/filtertech.ca\/fr\/wp-json\/wp\/v2\/product_tag?post=48021"},{"taxonomy":"yarn_type","embeddable":true,"href":"https:\/\/filtertech.ca\/fr\/wp-json\/wp\/v2\/yarn_type?post=48021"},{"taxonomy":"micron","embeddable":true,"href":"https:\/\/filtertech.ca\/fr\/wp-json\/wp\/v2\/micron?post=48021"},{"taxonomy":"media","embeddable":true,"href":"https:\/\/filtertech.ca\/fr\/wp-json\/wp\/v2\/media?post=48021"},{"taxonomy":"size","embeddable":true,"href":"https:\/\/filtertech.ca\/fr\/wp-json\/wp\/v2\/size?post=48021"},{"taxonomy":"outside_diameter","embeddable":true,"href":"https:\/\/filtertech.ca\/fr\/wp-json\/wp\/v2\/outside_diameter?post=48021"},{"taxonomy":"inside_diameter","embeddable":true,"href":"https:\/\/filtertech.ca\/fr\/wp-json\/wp\/v2\/inside_diameter?post=48021"},{"taxonomy":"overall_diameter","embeddable":true,"href":"https:\/\/filtertech.ca\/fr\/wp-json\/wp\/v2\/overall_diameter?post=48021"},{"taxonomy":"end_cap","embeddable":true,"href":"https:\/\/filtertech.ca\/fr\/wp-json\/wp\/v2\/end_cap?post=48021"},{"taxonomy":"efficiency","embeddable":true,"href":"https:\/\/filtertech.ca\/fr\/wp-json\/wp\/v2\/efficiency?post=48021"},{"taxonomy":"support_core","embeddable":true,"href":"https:\/\/filtertech.ca\/fr\/wp-json\/wp\/v2\/support_core?post=48021"},{"taxonomy":"pleat_count","embeddable":true,"href":"https:\/\/filtertech.ca\/fr\/wp-json\/wp\/v2\/pleat_count?post=48021"}],"curies":[{"name":"wp","href":"https:\/\/api.w.org\/{rel}","templated":true}]}}