{"id":47770,"date":"2021-02-12T15:08:15","date_gmt":"2021-02-12T15:08:15","guid":{"rendered":"https:\/\/filtertech.ca\/product\/filtre-bobine-en-coton-blanchi-10-mic-noyau-en-acier-inoxydable-304-30-po\/"},"modified":"2026-03-30T10:12:20","modified_gmt":"2026-03-30T10:12:20","slug":"filtre-bobine-en-coton-blanchi-10-mic-noyau-en-acier-inoxydable-304-30-po","status":"publish","type":"product","link":"https:\/\/filtertech.ca\/fr\/produit\/filtre-bobine-en-coton-blanchi-10-mic-noyau-en-acier-inoxydable-304-30-po\/","title":{"rendered":"Filtre bobin\u00e9 en coton blanchi, 10 mic, noyau en acier inoxydable 304, 30 po"},"content":{"rendered":"<p>Cartouche filtrante bobin\u00e9e en coton blanchi, 10 microns, noyau en acier inoxydable 304, longueur 30 po pour bo\u00eetier 2-1\/2 po, d\u00e9bit 15 GPM, temp. max. 300 \u00b0F <\/p>\n","protected":false},"excerpt":{"rendered":"<p><strong>R\u00e9f\u00e9rence :<\/strong> B010S30<\/p>\n<p><strong>Type de fil :<\/strong> Coton blanchi<\/p>\n<p><strong>Micron :<\/strong> 10<\/p>\n<p><strong>Mat\u00e9riau de l\u2019\u00e2me&nbsp;:<\/strong> Acier inoxydable 304<\/p>\n<p><strong>Longueur de la cartouche :<\/strong> 30<\/p>\n<p><strong>Diam\u00e8tre de la cartouche :<\/strong> 2,4<\/p>\n<p><strong>Quantit\u00e9 par bo\u00eete :<\/strong> 15<\/p>\n<p><strong>D\u00e9lai de livraison :<\/strong> 2 semaines<\/p>\n<p><strong>Lieu d\u2019origine :<\/strong> Montr\u00e9al, QC, Canada <\/p>\n<p><strong><\/p>\n","protected":false},"featured_media":1155,"template":"","meta":{"_acf_changed":false},"product_brand":[],"product_cat":[6675],"product_tag":[7814],"yarn_type":[9389],"micron":[9402],"media":[],"size":[],"outside_diameter":[],"inside_diameter":[],"overall_diameter":[],"end_cap":[],"efficiency":[],"support_core":[],"pleat_count":[],"class_list":{"0":"post-47770","1":"product","2":"type-product","3":"status-publish","4":"has-post-thumbnail","6":"product_cat-process-filtration","7":"product_tag-b010s30","8":"yarn_type-coton-blanchi","9":"micron-9402","10":"core_type-acier-inoxydable-304","11":"length-9409","12":"diameter-2-4","13":"entry","14":"has-media","16":"first","17":"instock","18":"product-type-simple"},"acf":[],"_links":{"self":[{"href":"https:\/\/filtertech.ca\/fr\/wp-json\/wp\/v2\/product\/47770","targetHints":{"allow":["GET"]}}],"collection":[{"href":"https:\/\/filtertech.ca\/fr\/wp-json\/wp\/v2\/product"}],"about":[{"href":"https:\/\/filtertech.ca\/fr\/wp-json\/wp\/v2\/types\/product"}],"wp:featuredmedia":[{"embeddable":true,"href":"https:\/\/filtertech.ca\/fr\/wp-json\/wp\/v2\/media\/1155"}],"wp:attachment":[{"href":"https:\/\/filtertech.ca\/fr\/wp-json\/wp\/v2\/media?parent=47770"}],"wp:term":[{"taxonomy":"product_brand","embeddable":true,"href":"https:\/\/filtertech.ca\/fr\/wp-json\/wp\/v2\/product_brand?post=47770"},{"taxonomy":"product_cat","embeddable":true,"href":"https:\/\/filtertech.ca\/fr\/wp-json\/wp\/v2\/product_cat?post=47770"},{"taxonomy":"product_tag","embeddable":true,"href":"https:\/\/filtertech.ca\/fr\/wp-json\/wp\/v2\/product_tag?post=47770"},{"taxonomy":"yarn_type","embeddable":true,"href":"https:\/\/filtertech.ca\/fr\/wp-json\/wp\/v2\/yarn_type?post=47770"},{"taxonomy":"micron","embeddable":true,"href":"https:\/\/filtertech.ca\/fr\/wp-json\/wp\/v2\/micron?post=47770"},{"taxonomy":"media","embeddable":true,"href":"https:\/\/filtertech.ca\/fr\/wp-json\/wp\/v2\/media?post=47770"},{"taxonomy":"size","embeddable":true,"href":"https:\/\/filtertech.ca\/fr\/wp-json\/wp\/v2\/size?post=47770"},{"taxonomy":"outside_diameter","embeddable":true,"href":"https:\/\/filtertech.ca\/fr\/wp-json\/wp\/v2\/outside_diameter?post=47770"},{"taxonomy":"inside_diameter","embeddable":true,"href":"https:\/\/filtertech.ca\/fr\/wp-json\/wp\/v2\/inside_diameter?post=47770"},{"taxonomy":"overall_diameter","embeddable":true,"href":"https:\/\/filtertech.ca\/fr\/wp-json\/wp\/v2\/overall_diameter?post=47770"},{"taxonomy":"end_cap","embeddable":true,"href":"https:\/\/filtertech.ca\/fr\/wp-json\/wp\/v2\/end_cap?post=47770"},{"taxonomy":"efficiency","embeddable":true,"href":"https:\/\/filtertech.ca\/fr\/wp-json\/wp\/v2\/efficiency?post=47770"},{"taxonomy":"support_core","embeddable":true,"href":"https:\/\/filtertech.ca\/fr\/wp-json\/wp\/v2\/support_core?post=47770"},{"taxonomy":"pleat_count","embeddable":true,"href":"https:\/\/filtertech.ca\/fr\/wp-json\/wp\/v2\/pleat_count?post=47770"}],"curies":[{"name":"wp","href":"https:\/\/api.w.org\/{rel}","templated":true}]}}