{"id":47617,"date":"2021-02-12T05:47:25","date_gmt":"2021-02-12T05:47:25","guid":{"rendered":"https:\/\/filtertech.ca\/product\/element-filtrant-moule-o-ext-7875-o-int-475-hauteur-totale-9625\/"},"modified":"2026-03-30T08:43:28","modified_gmt":"2026-03-30T08:43:28","slug":"element-filtrant-moule-o-ext-7875-o-int-475-hauteur-totale-9625","status":"publish","type":"product","link":"https:\/\/filtertech.ca\/fr\/produit\/element-filtrant-moule-o-ext-7875-o-int-475-hauteur-totale-9625\/","title":{"rendered":"\u00c9l\u00e9ment filtrant moul\u00e9, \u00d8 ext. 7,875, \u00d8 int. 4,75, hauteur totale 9,625"},"content":{"rendered":"<p>\u00c9l\u00e9ment filtrant moul\u00e9, \u00d8 ext. 7,875, \u00d8 int. 4,75, hauteur totale 9,625, 55 plis (ailettes)<\/p>\n","protected":false},"excerpt":{"rendered":"<p><strong>Num\u00e9ro de pi\u00e8ce&nbsp;:<\/strong> F81-17595<\/p>\n<p><strong>Diam\u00e8tre ext\u00e9rieur :<\/strong> 7,875<\/p>\n<p><strong>Diam\u00e8tre int\u00e9rieur :<\/strong> 4,75<\/p>\n<p><strong>Hauteur totale :<\/strong> 9,625<\/p>\n<p><strong>Style d\u2019embout :<\/strong> Moul\u00e9<\/p>\n<p><strong>Type de m\u00e9dia :<\/strong> Feutre de polyester<\/p>\n<p><strong>Efficacit\u00e9 de filtration :<\/strong> 5 microns<\/p>\n<p><strong>Support du noyau&nbsp;:<\/strong> Treillis int\u00e9rieur galvanis\u00e9, calibre 22<\/p>\n<p><strong>D\u00e9lai de livraison :<\/strong> 2 semaines<\/p>\n<p><strong>Lieu d\u2019origine :<\/strong> Montr\u00e9al, QC, Canada<\/p>\n<p><strong><\/p>\n","protected":false},"featured_media":17546,"template":"","meta":{"_acf_changed":false},"product_brand":[],"product_cat":[6637],"product_tag":[7662],"yarn_type":[],"micron":[],"media":[8025],"size":[],"outside_diameter":[8075],"inside_diameter":[8077],"overall_diameter":[9684],"end_cap":[8029],"efficiency":[8030],"support_core":[8031],"pleat_count":[],"class_list":{"0":"post-47617","1":"product","2":"type-product","3":"status-publish","4":"has-post-thumbnail","6":"product_cat-air-filtration","7":"product_tag-f81-17595","8":"media-feutre-de-polyester","9":"outside_diameter-7-875","10":"inside_diameter-4-75","11":"overall_diameter-9-625","12":"end_cap-moule","13":"efficiency-5-microns","14":"support_core-treillis-interieur-galvanise-calibre-24","15":"entry","16":"has-media","18":"first","19":"instock","20":"product-type-simple"},"acf":[],"_links":{"self":[{"href":"https:\/\/filtertech.ca\/fr\/wp-json\/wp\/v2\/product\/47617","targetHints":{"allow":["GET"]}}],"collection":[{"href":"https:\/\/filtertech.ca\/fr\/wp-json\/wp\/v2\/product"}],"about":[{"href":"https:\/\/filtertech.ca\/fr\/wp-json\/wp\/v2\/types\/product"}],"wp:featuredmedia":[{"embeddable":true,"href":"https:\/\/filtertech.ca\/fr\/wp-json\/wp\/v2\/media\/17546"}],"wp:attachment":[{"href":"https:\/\/filtertech.ca\/fr\/wp-json\/wp\/v2\/media?parent=47617"}],"wp:term":[{"taxonomy":"product_brand","embeddable":true,"href":"https:\/\/filtertech.ca\/fr\/wp-json\/wp\/v2\/product_brand?post=47617"},{"taxonomy":"product_cat","embeddable":true,"href":"https:\/\/filtertech.ca\/fr\/wp-json\/wp\/v2\/product_cat?post=47617"},{"taxonomy":"product_tag","embeddable":true,"href":"https:\/\/filtertech.ca\/fr\/wp-json\/wp\/v2\/product_tag?post=47617"},{"taxonomy":"yarn_type","embeddable":true,"href":"https:\/\/filtertech.ca\/fr\/wp-json\/wp\/v2\/yarn_type?post=47617"},{"taxonomy":"micron","embeddable":true,"href":"https:\/\/filtertech.ca\/fr\/wp-json\/wp\/v2\/micron?post=47617"},{"taxonomy":"media","embeddable":true,"href":"https:\/\/filtertech.ca\/fr\/wp-json\/wp\/v2\/media?post=47617"},{"taxonomy":"size","embeddable":true,"href":"https:\/\/filtertech.ca\/fr\/wp-json\/wp\/v2\/size?post=47617"},{"taxonomy":"outside_diameter","embeddable":true,"href":"https:\/\/filtertech.ca\/fr\/wp-json\/wp\/v2\/outside_diameter?post=47617"},{"taxonomy":"inside_diameter","embeddable":true,"href":"https:\/\/filtertech.ca\/fr\/wp-json\/wp\/v2\/inside_diameter?post=47617"},{"taxonomy":"overall_diameter","embeddable":true,"href":"https:\/\/filtertech.ca\/fr\/wp-json\/wp\/v2\/overall_diameter?post=47617"},{"taxonomy":"end_cap","embeddable":true,"href":"https:\/\/filtertech.ca\/fr\/wp-json\/wp\/v2\/end_cap?post=47617"},{"taxonomy":"efficiency","embeddable":true,"href":"https:\/\/filtertech.ca\/fr\/wp-json\/wp\/v2\/efficiency?post=47617"},{"taxonomy":"support_core","embeddable":true,"href":"https:\/\/filtertech.ca\/fr\/wp-json\/wp\/v2\/support_core?post=47617"},{"taxonomy":"pleat_count","embeddable":true,"href":"https:\/\/filtertech.ca\/fr\/wp-json\/wp\/v2\/pleat_count?post=47617"}],"curies":[{"name":"wp","href":"https:\/\/api.w.org\/{rel}","templated":true}]}}