{"id":46709,"date":"2021-02-12T05:47:00","date_gmt":"2021-02-12T05:47:00","guid":{"rendered":"https:\/\/filtertech.ca\/product\/element-filtrant-moule-o-ext-65-o-int-45-hauteur-totale-375\/"},"modified":"2026-03-30T08:49:06","modified_gmt":"2026-03-30T08:49:06","slug":"element-filtrant-moule-o-ext-65-o-int-45-hauteur-totale-375","status":"publish","type":"product","link":"https:\/\/filtertech.ca\/fr\/produit\/element-filtrant-moule-o-ext-65-o-int-45-hauteur-totale-375\/","title":{"rendered":"\u00c9l\u00e9ment filtrant moul\u00e9, \u00d8 ext. 6,5, \u00d8 int. 4,5, hauteur totale 3,75"},"content":{"rendered":"<p>\u00c9l\u00e9ment filtrant moul\u00e9, \u00d8 ext. 6,5, \u00d8 int. 4,5, hauteur totale 3,75, 34 plis (ailettes)<\/p>\n","protected":false},"excerpt":{"rendered":"<p><strong>Num\u00e9ro de pi\u00e8ce&nbsp;:<\/strong> F81-17161<\/p>\n<p><strong>Diam\u00e8tre ext\u00e9rieur :<\/strong> 6,5<\/p>\n<p><strong>Diam\u00e8tre int\u00e9rieur :<\/strong> 4,5<\/p>\n<p><strong>Hauteur totale&nbsp;:<\/strong> 3,75<\/p>\n<p><strong>Style d\u2019embout :<\/strong> Moul\u00e9<\/p>\n<p><strong>Type de m\u00e9dia :<\/strong> Feutre de polyester<\/p>\n<p><strong>Efficacit\u00e9 de filtration :<\/strong> 5 microns<\/p>\n<p><strong>Support du noyau&nbsp;:<\/strong> Treillis int\u00e9rieur galvanis\u00e9, calibre 22<\/p>\n<p><strong>D\u00e9lai de livraison :<\/strong> 2 semaines<\/p>\n<p><strong>Lieu d\u2019origine :<\/strong> Montr\u00e9al, QC, Canada<\/p>\n<p><strong><\/p>\n","protected":false},"featured_media":17546,"template":"","meta":{"_acf_changed":false},"product_brand":[],"product_cat":[6637],"product_tag":[6760],"yarn_type":[],"micron":[],"media":[8025],"size":[],"outside_diameter":[8148],"inside_diameter":[8050],"overall_diameter":[9724],"end_cap":[8029],"efficiency":[8030],"support_core":[8031],"pleat_count":[],"class_list":{"0":"post-46709","1":"product","2":"type-product","3":"status-publish","4":"has-post-thumbnail","6":"product_cat-air-filtration","7":"product_tag-f81-17161","8":"media-feutre-de-polyester","9":"outside_diameter-6-5","10":"inside_diameter-4-5","11":"overall_diameter-3-75","12":"end_cap-moule","13":"efficiency-5-microns","14":"support_core-treillis-interieur-galvanise-calibre-24","15":"entry","16":"has-media","18":"first","19":"instock","20":"product-type-simple"},"acf":[],"_links":{"self":[{"href":"https:\/\/filtertech.ca\/fr\/wp-json\/wp\/v2\/product\/46709","targetHints":{"allow":["GET"]}}],"collection":[{"href":"https:\/\/filtertech.ca\/fr\/wp-json\/wp\/v2\/product"}],"about":[{"href":"https:\/\/filtertech.ca\/fr\/wp-json\/wp\/v2\/types\/product"}],"wp:featuredmedia":[{"embeddable":true,"href":"https:\/\/filtertech.ca\/fr\/wp-json\/wp\/v2\/media\/17546"}],"wp:attachment":[{"href":"https:\/\/filtertech.ca\/fr\/wp-json\/wp\/v2\/media?parent=46709"}],"wp:term":[{"taxonomy":"product_brand","embeddable":true,"href":"https:\/\/filtertech.ca\/fr\/wp-json\/wp\/v2\/product_brand?post=46709"},{"taxonomy":"product_cat","embeddable":true,"href":"https:\/\/filtertech.ca\/fr\/wp-json\/wp\/v2\/product_cat?post=46709"},{"taxonomy":"product_tag","embeddable":true,"href":"https:\/\/filtertech.ca\/fr\/wp-json\/wp\/v2\/product_tag?post=46709"},{"taxonomy":"yarn_type","embeddable":true,"href":"https:\/\/filtertech.ca\/fr\/wp-json\/wp\/v2\/yarn_type?post=46709"},{"taxonomy":"micron","embeddable":true,"href":"https:\/\/filtertech.ca\/fr\/wp-json\/wp\/v2\/micron?post=46709"},{"taxonomy":"media","embeddable":true,"href":"https:\/\/filtertech.ca\/fr\/wp-json\/wp\/v2\/media?post=46709"},{"taxonomy":"size","embeddable":true,"href":"https:\/\/filtertech.ca\/fr\/wp-json\/wp\/v2\/size?post=46709"},{"taxonomy":"outside_diameter","embeddable":true,"href":"https:\/\/filtertech.ca\/fr\/wp-json\/wp\/v2\/outside_diameter?post=46709"},{"taxonomy":"inside_diameter","embeddable":true,"href":"https:\/\/filtertech.ca\/fr\/wp-json\/wp\/v2\/inside_diameter?post=46709"},{"taxonomy":"overall_diameter","embeddable":true,"href":"https:\/\/filtertech.ca\/fr\/wp-json\/wp\/v2\/overall_diameter?post=46709"},{"taxonomy":"end_cap","embeddable":true,"href":"https:\/\/filtertech.ca\/fr\/wp-json\/wp\/v2\/end_cap?post=46709"},{"taxonomy":"efficiency","embeddable":true,"href":"https:\/\/filtertech.ca\/fr\/wp-json\/wp\/v2\/efficiency?post=46709"},{"taxonomy":"support_core","embeddable":true,"href":"https:\/\/filtertech.ca\/fr\/wp-json\/wp\/v2\/support_core?post=46709"},{"taxonomy":"pleat_count","embeddable":true,"href":"https:\/\/filtertech.ca\/fr\/wp-json\/wp\/v2\/pleat_count?post=46709"}],"curies":[{"name":"wp","href":"https:\/\/api.w.org\/{rel}","templated":true}]}}