{"id":46686,"date":"2021-02-12T15:12:21","date_gmt":"2021-02-12T15:12:21","guid":{"rendered":"https:\/\/filtertech.ca\/product\/filtre-en-coton-bobine-20-%c2%b5m-noyau-en-acier-etame-9-7-8-po\/"},"modified":"2026-03-27T14:36:01","modified_gmt":"2026-03-27T14:36:01","slug":"filtre-en-coton-bobine-20-%c2%b5m-noyau-en-acier-etame-9-7-8-po","status":"publish","type":"product","link":"https:\/\/filtertech.ca\/fr\/produit\/filtre-en-coton-bobine-20-%c2%b5m-noyau-en-acier-etame-9-7-8-po\/","title":{"rendered":"Filtre en coton bobin\u00e9, 20 \u00b5m, noyau en acier \u00e9tam\u00e9, 9-7\/8 po"},"content":{"rendered":"<p>Cartouche filtrante en coton bobin\u00e9, 20 microns, noyau en acier \u00e9tam\u00e9, longueur 9-7\/8 po, pour bo\u00eetier 2-1\/2 po, d\u00e9bit 6 GPM, temp. max. 300 \u00b0F <\/p>\n","protected":false},"excerpt":{"rendered":"<p><strong>R\u00e9f\u00e9rence :<\/strong> C020T978<\/p>\n<p><strong>Type de fil :<\/strong> Coton naturel<\/p>\n<p><strong>Micron :<\/strong> 20<\/p>\n<p><strong>Mat\u00e9riau du noyau :<\/strong> Acier \u00e9tam\u00e9<\/p>\n<p><strong>Longueur de cartouche :<\/strong> 9,875<\/p>\n<p><strong>Diam\u00e8tre de la cartouche :<\/strong> 2,4<\/p>\n<p><strong>Quantit\u00e9 par bo\u00eete :<\/strong> 30<\/p>\n<p><strong>D\u00e9lai de livraison :<\/strong> 2 semaines<\/p>\n<p><strong>Lieu d\u2019origine :<\/strong> Montr\u00e9al, QC, Canada <\/p>\n<p><strong><\/p>\n","protected":false},"featured_media":1155,"template":"","meta":{"_acf_changed":false},"product_brand":[],"product_cat":[6675],"product_tag":[6737],"yarn_type":[],"micron":[],"media":[],"size":[],"outside_diameter":[],"inside_diameter":[],"overall_diameter":[],"end_cap":[],"efficiency":[],"support_core":[],"pleat_count":[],"class_list":{"0":"post-46686","1":"product","2":"type-product","3":"status-publish","4":"has-post-thumbnail","6":"product_cat-process-filtration","7":"product_tag-c020t978","8":"entry","9":"has-media","11":"first","12":"instock","13":"product-type-simple"},"acf":[],"_links":{"self":[{"href":"https:\/\/filtertech.ca\/fr\/wp-json\/wp\/v2\/product\/46686","targetHints":{"allow":["GET"]}}],"collection":[{"href":"https:\/\/filtertech.ca\/fr\/wp-json\/wp\/v2\/product"}],"about":[{"href":"https:\/\/filtertech.ca\/fr\/wp-json\/wp\/v2\/types\/product"}],"wp:featuredmedia":[{"embeddable":true,"href":"https:\/\/filtertech.ca\/fr\/wp-json\/wp\/v2\/media\/1155"}],"wp:attachment":[{"href":"https:\/\/filtertech.ca\/fr\/wp-json\/wp\/v2\/media?parent=46686"}],"wp:term":[{"taxonomy":"product_brand","embeddable":true,"href":"https:\/\/filtertech.ca\/fr\/wp-json\/wp\/v2\/product_brand?post=46686"},{"taxonomy":"product_cat","embeddable":true,"href":"https:\/\/filtertech.ca\/fr\/wp-json\/wp\/v2\/product_cat?post=46686"},{"taxonomy":"product_tag","embeddable":true,"href":"https:\/\/filtertech.ca\/fr\/wp-json\/wp\/v2\/product_tag?post=46686"},{"taxonomy":"yarn_type","embeddable":true,"href":"https:\/\/filtertech.ca\/fr\/wp-json\/wp\/v2\/yarn_type?post=46686"},{"taxonomy":"micron","embeddable":true,"href":"https:\/\/filtertech.ca\/fr\/wp-json\/wp\/v2\/micron?post=46686"},{"taxonomy":"media","embeddable":true,"href":"https:\/\/filtertech.ca\/fr\/wp-json\/wp\/v2\/media?post=46686"},{"taxonomy":"size","embeddable":true,"href":"https:\/\/filtertech.ca\/fr\/wp-json\/wp\/v2\/size?post=46686"},{"taxonomy":"outside_diameter","embeddable":true,"href":"https:\/\/filtertech.ca\/fr\/wp-json\/wp\/v2\/outside_diameter?post=46686"},{"taxonomy":"inside_diameter","embeddable":true,"href":"https:\/\/filtertech.ca\/fr\/wp-json\/wp\/v2\/inside_diameter?post=46686"},{"taxonomy":"overall_diameter","embeddable":true,"href":"https:\/\/filtertech.ca\/fr\/wp-json\/wp\/v2\/overall_diameter?post=46686"},{"taxonomy":"end_cap","embeddable":true,"href":"https:\/\/filtertech.ca\/fr\/wp-json\/wp\/v2\/end_cap?post=46686"},{"taxonomy":"efficiency","embeddable":true,"href":"https:\/\/filtertech.ca\/fr\/wp-json\/wp\/v2\/efficiency?post=46686"},{"taxonomy":"support_core","embeddable":true,"href":"https:\/\/filtertech.ca\/fr\/wp-json\/wp\/v2\/support_core?post=46686"},{"taxonomy":"pleat_count","embeddable":true,"href":"https:\/\/filtertech.ca\/fr\/wp-json\/wp\/v2\/pleat_count?post=46686"}],"curies":[{"name":"wp","href":"https:\/\/api.w.org\/{rel}","templated":true}]}}