{"id":46646,"date":"2021-02-12T05:47:52","date_gmt":"2021-02-12T05:47:52","guid":{"rendered":"https:\/\/filtertech.ca\/product\/element-filtrant-moule-9-de-346875-di-11-hauteur-totale\/"},"modified":"2026-03-30T08:23:29","modified_gmt":"2026-03-30T08:23:29","slug":"element-filtrant-moule-9-de-346875-di-11-hauteur-totale","status":"publish","type":"product","link":"https:\/\/filtertech.ca\/fr\/produit\/element-filtrant-moule-9-de-346875-di-11-hauteur-totale\/","title":{"rendered":"\u00c9l\u00e9ment filtrant moul\u00e9, 9 DE, 3,46875 DI, 11 hauteur totale"},"content":{"rendered":"<p>\u00c9l\u00e9ment filtrant moul\u00e9, 9 DE, 3,46875 DI, 11 hauteur totale, 24 plis (ailettes)<\/p>\n","protected":false},"excerpt":{"rendered":"<p><strong>Num\u00e9ro de pi\u00e8ce :<\/strong> F81-17261<\/p>\n<p><strong>Diam\u00e8tre ext\u00e9rieur&nbsp;:<\/strong> 9<\/p>\n<p><strong>Diam\u00e8tre int\u00e9rieur&nbsp;:<\/strong> 3,469<\/p>\n<p><strong>Hauteur totale :<\/strong> 11<\/p>\n<p><strong>Style d\u2019embout :<\/strong> Moul\u00e9<\/p>\n<p><strong>Type de m\u00e9dia :<\/strong> Feutre de polyester<\/p>\n<p><strong>Efficacit\u00e9 de filtration :<\/strong> 5 microns<\/p>\n<p><strong>Support du noyau&nbsp;:<\/strong> Treillis int\u00e9rieur galvanis\u00e9, calibre 22<\/p>\n<p><strong>D\u00e9lai de livraison :<\/strong> 2 semaines<\/p>\n<p><strong>Lieu d\u2019origine :<\/strong> Montr\u00e9al, QC, Canada<\/p>\n<p><strong><\/p>\n","protected":false},"featured_media":17546,"template":"","meta":{"_acf_changed":false},"product_brand":[],"product_cat":[6637],"product_tag":[6697],"yarn_type":[],"micron":[],"media":[8025],"size":[],"outside_diameter":[8043],"inside_diameter":[8095],"overall_diameter":[8096],"end_cap":[8029],"efficiency":[8030],"support_core":[8031],"pleat_count":[],"class_list":{"0":"post-46646","1":"product","2":"type-product","3":"status-publish","4":"has-post-thumbnail","6":"product_cat-air-filtration","7":"product_tag-f81-17261","8":"media-feutre-de-polyester","9":"outside_diameter-8043","10":"inside_diameter-3-469","11":"overall_diameter-8096","12":"end_cap-moule","13":"efficiency-5-microns","14":"support_core-treillis-interieur-galvanise-calibre-24","15":"entry","16":"has-media","18":"first","19":"instock","20":"product-type-simple"},"acf":[],"_links":{"self":[{"href":"https:\/\/filtertech.ca\/fr\/wp-json\/wp\/v2\/product\/46646","targetHints":{"allow":["GET"]}}],"collection":[{"href":"https:\/\/filtertech.ca\/fr\/wp-json\/wp\/v2\/product"}],"about":[{"href":"https:\/\/filtertech.ca\/fr\/wp-json\/wp\/v2\/types\/product"}],"wp:featuredmedia":[{"embeddable":true,"href":"https:\/\/filtertech.ca\/fr\/wp-json\/wp\/v2\/media\/17546"}],"wp:attachment":[{"href":"https:\/\/filtertech.ca\/fr\/wp-json\/wp\/v2\/media?parent=46646"}],"wp:term":[{"taxonomy":"product_brand","embeddable":true,"href":"https:\/\/filtertech.ca\/fr\/wp-json\/wp\/v2\/product_brand?post=46646"},{"taxonomy":"product_cat","embeddable":true,"href":"https:\/\/filtertech.ca\/fr\/wp-json\/wp\/v2\/product_cat?post=46646"},{"taxonomy":"product_tag","embeddable":true,"href":"https:\/\/filtertech.ca\/fr\/wp-json\/wp\/v2\/product_tag?post=46646"},{"taxonomy":"yarn_type","embeddable":true,"href":"https:\/\/filtertech.ca\/fr\/wp-json\/wp\/v2\/yarn_type?post=46646"},{"taxonomy":"micron","embeddable":true,"href":"https:\/\/filtertech.ca\/fr\/wp-json\/wp\/v2\/micron?post=46646"},{"taxonomy":"media","embeddable":true,"href":"https:\/\/filtertech.ca\/fr\/wp-json\/wp\/v2\/media?post=46646"},{"taxonomy":"size","embeddable":true,"href":"https:\/\/filtertech.ca\/fr\/wp-json\/wp\/v2\/size?post=46646"},{"taxonomy":"outside_diameter","embeddable":true,"href":"https:\/\/filtertech.ca\/fr\/wp-json\/wp\/v2\/outside_diameter?post=46646"},{"taxonomy":"inside_diameter","embeddable":true,"href":"https:\/\/filtertech.ca\/fr\/wp-json\/wp\/v2\/inside_diameter?post=46646"},{"taxonomy":"overall_diameter","embeddable":true,"href":"https:\/\/filtertech.ca\/fr\/wp-json\/wp\/v2\/overall_diameter?post=46646"},{"taxonomy":"end_cap","embeddable":true,"href":"https:\/\/filtertech.ca\/fr\/wp-json\/wp\/v2\/end_cap?post=46646"},{"taxonomy":"efficiency","embeddable":true,"href":"https:\/\/filtertech.ca\/fr\/wp-json\/wp\/v2\/efficiency?post=46646"},{"taxonomy":"support_core","embeddable":true,"href":"https:\/\/filtertech.ca\/fr\/wp-json\/wp\/v2\/support_core?post=46646"},{"taxonomy":"pleat_count","embeddable":true,"href":"https:\/\/filtertech.ca\/fr\/wp-json\/wp\/v2\/pleat_count?post=46646"}],"curies":[{"name":"wp","href":"https:\/\/api.w.org\/{rel}","templated":true}]}}