{"id":46592,"date":"2021-02-09T08:07:02","date_gmt":"2021-02-09T08:07:02","guid":{"rendered":"https:\/\/filtertech.ca\/product\/element-de-filtre-a-air-de-19-3-4-di-15-hauteur-totale-14-3-4-solberg-32-24\/"},"modified":"2026-03-30T09:14:00","modified_gmt":"2026-03-30T09:14:00","slug":"element-de-filtre-a-air-de-19-3-4-di-15-hauteur-totale-14-3-4-solberg-32-24","status":"publish","type":"product","link":"https:\/\/filtertech.ca\/fr\/produit\/element-de-filtre-a-air-de-19-3-4-di-15-hauteur-totale-14-3-4-solberg-32-24\/","title":{"rendered":"\u00c9l\u00e9ment de filtre \u00e0 air, DE 19-3\/4, DI 15, hauteur totale 14-3\/4, Solberg 32-24"},"content":{"rendered":"<p>\u00c9l\u00e9ment de filtre \u00e0 air, DE 19-3\/4, DI 15, haut. 14-3\/4, papier pliss\u00e9, 2 microns, embouts en caoutchouc, poids 10 lb. Compatible avec les bo\u00eetiers de silencieux Stoddard: F64-10?, F64-12?, F64-14?<\/p>\n","protected":false},"excerpt":{"rendered":"<p><strong>R\u00e9f\u00e9rence&nbsp;:<\/strong> A1014<\/p>\n<p><strong>Diam\u00e8tre ext\u00e9rieur :<\/strong> 19,75<\/p>\n<p><strong>Diam\u00e8tre int\u00e9rieur :<\/strong> 15<\/p>\n<p><strong>Hauteur totale&nbsp;:<\/strong> 14,75<\/p>\n<p><strong>Style d\u2019embout :<\/strong> Moul\u00e9<\/p>\n<p><strong>Type de m\u00e9dia&nbsp;:<\/strong> papier<\/p>\n<p><strong>Efficacit\u00e9 nominale&nbsp;:<\/strong> 2 microns<\/p>\n<p><strong>D\u00e9lai de livraison&nbsp;:<\/strong> en stock<\/p>\n<p><strong>Lieu d\u2019origine :<\/strong> Montr\u00e9al, QC, Canada<\/p>\n<p>&nbsp;<\/p>\n","protected":false},"featured_media":26328,"template":"","meta":{"_acf_changed":false},"product_brand":[],"product_cat":[6637],"product_tag":[6639],"yarn_type":[],"micron":[],"media":[9427],"size":[],"outside_diameter":[9636],"inside_diameter":[9637],"overall_diameter":[9653],"end_cap":[8029],"efficiency":[9430],"support_core":[9776],"pleat_count":[],"class_list":{"0":"post-46592","1":"product","2":"type-product","3":"status-publish","4":"has-post-thumbnail","6":"product_cat-air-filtration","7":"product_tag-stoddard","8":"media-papier","9":"outside_diameter-19-75","10":"inside_diameter-9637","11":"overall_diameter-14-75","12":"end_cap-moule","13":"efficiency-2-microns","14":"support_core-s-o","15":"entry","16":"has-media","18":"first","19":"instock","20":"product-type-simple"},"acf":[],"_links":{"self":[{"href":"https:\/\/filtertech.ca\/fr\/wp-json\/wp\/v2\/product\/46592","targetHints":{"allow":["GET"]}}],"collection":[{"href":"https:\/\/filtertech.ca\/fr\/wp-json\/wp\/v2\/product"}],"about":[{"href":"https:\/\/filtertech.ca\/fr\/wp-json\/wp\/v2\/types\/product"}],"wp:featuredmedia":[{"embeddable":true,"href":"https:\/\/filtertech.ca\/fr\/wp-json\/wp\/v2\/media\/26328"}],"wp:attachment":[{"href":"https:\/\/filtertech.ca\/fr\/wp-json\/wp\/v2\/media?parent=46592"}],"wp:term":[{"taxonomy":"product_brand","embeddable":true,"href":"https:\/\/filtertech.ca\/fr\/wp-json\/wp\/v2\/product_brand?post=46592"},{"taxonomy":"product_cat","embeddable":true,"href":"https:\/\/filtertech.ca\/fr\/wp-json\/wp\/v2\/product_cat?post=46592"},{"taxonomy":"product_tag","embeddable":true,"href":"https:\/\/filtertech.ca\/fr\/wp-json\/wp\/v2\/product_tag?post=46592"},{"taxonomy":"yarn_type","embeddable":true,"href":"https:\/\/filtertech.ca\/fr\/wp-json\/wp\/v2\/yarn_type?post=46592"},{"taxonomy":"micron","embeddable":true,"href":"https:\/\/filtertech.ca\/fr\/wp-json\/wp\/v2\/micron?post=46592"},{"taxonomy":"media","embeddable":true,"href":"https:\/\/filtertech.ca\/fr\/wp-json\/wp\/v2\/media?post=46592"},{"taxonomy":"size","embeddable":true,"href":"https:\/\/filtertech.ca\/fr\/wp-json\/wp\/v2\/size?post=46592"},{"taxonomy":"outside_diameter","embeddable":true,"href":"https:\/\/filtertech.ca\/fr\/wp-json\/wp\/v2\/outside_diameter?post=46592"},{"taxonomy":"inside_diameter","embeddable":true,"href":"https:\/\/filtertech.ca\/fr\/wp-json\/wp\/v2\/inside_diameter?post=46592"},{"taxonomy":"overall_diameter","embeddable":true,"href":"https:\/\/filtertech.ca\/fr\/wp-json\/wp\/v2\/overall_diameter?post=46592"},{"taxonomy":"end_cap","embeddable":true,"href":"https:\/\/filtertech.ca\/fr\/wp-json\/wp\/v2\/end_cap?post=46592"},{"taxonomy":"efficiency","embeddable":true,"href":"https:\/\/filtertech.ca\/fr\/wp-json\/wp\/v2\/efficiency?post=46592"},{"taxonomy":"support_core","embeddable":true,"href":"https:\/\/filtertech.ca\/fr\/wp-json\/wp\/v2\/support_core?post=46592"},{"taxonomy":"pleat_count","embeddable":true,"href":"https:\/\/filtertech.ca\/fr\/wp-json\/wp\/v2\/pleat_count?post=46592"}],"curies":[{"name":"wp","href":"https:\/\/api.w.org\/{rel}","templated":true}]}}