{"id":46590,"date":"2021-02-09T08:07:02","date_gmt":"2021-02-09T08:07:02","guid":{"rendered":"https:\/\/filtertech.ca\/product\/element-filtrant-a-air-de-12-5-8-di-9-7-8-hauteur-totale-9-7-9\/"},"modified":"2026-03-30T09:12:09","modified_gmt":"2026-03-30T09:12:09","slug":"element-filtrant-a-air-de-12-5-8-di-9-7-8-hauteur-totale-9-7-9","status":"publish","type":"product","link":"https:\/\/filtertech.ca\/fr\/produit\/element-filtrant-a-air-de-12-5-8-di-9-7-8-hauteur-totale-9-7-9\/","title":{"rendered":"\u00c9l\u00e9ment de filtre \u00e0 air, DE 12-5\/8, DI 9-7\/8, hauteur totale 9-7\/9"},"content":{"rendered":"<p>\u00c9l\u00e9ment de filtre \u00e0 air, DE 12-5\/8, DI 9-7\/8, haut. 9-7\/9, treillis m\u00e9tallique pliss\u00e9, 20 microns, embouts en caoutchouc, poids 3 lb<\/p>\n","protected":false},"excerpt":{"rendered":"<p><strong>Num\u00e9ro de pi\u00e8ce :<\/strong> A1024<\/p>\n<p><strong>Diam\u00e8tre ext\u00e9rieur&nbsp;:<\/strong> 12,625<\/p>\n<p><strong>Diam\u00e8tre int\u00e9rieur&nbsp;:<\/strong> 9,875<\/p>\n<p><strong>Hauteur totale&nbsp;:<\/strong> 9,75<\/p>\n<p><strong>Style d\u2019embout :<\/strong> Moul\u00e9<\/p>\n<p><strong>Type de m\u00e9dia :<\/strong> Treillis m\u00e9tallique<\/p>\n<p><strong>Classe d\u2019efficacit\u00e9 :<\/strong> Grossi\u00e8re<\/p>\n<p><strong>D\u00e9lai de livraison :<\/strong> 2 semaines<\/p>\n<p><strong>Lieu d\u2019origine :<\/strong> Montr\u00e9al, QC, Canada<\/p>\n<p><strong><\/p>\n","protected":false},"featured_media":0,"template":"","meta":{"_acf_changed":false},"product_brand":[],"product_cat":[6637],"product_tag":[6645],"yarn_type":[],"micron":[],"media":[9497],"size":[],"outside_diameter":[9779],"inside_diameter":[9780],"overall_diameter":[9366],"end_cap":[8029],"efficiency":[9492],"support_core":[9776],"pleat_count":[],"class_list":{"0":"post-46590","1":"product","2":"type-product","3":"status-publish","5":"product_cat-air-filtration","6":"product_tag-a1024","7":"media-treillis-metallique","8":"outside_diameter-12-625","9":"inside_diameter-9-875","10":"overall_diameter-9-75","11":"end_cap-moule","12":"efficiency-grossier","13":"support_core-s-o","14":"entry","16":"first","17":"instock","18":"product-type-simple"},"acf":[],"_links":{"self":[{"href":"https:\/\/filtertech.ca\/fr\/wp-json\/wp\/v2\/product\/46590","targetHints":{"allow":["GET"]}}],"collection":[{"href":"https:\/\/filtertech.ca\/fr\/wp-json\/wp\/v2\/product"}],"about":[{"href":"https:\/\/filtertech.ca\/fr\/wp-json\/wp\/v2\/types\/product"}],"wp:attachment":[{"href":"https:\/\/filtertech.ca\/fr\/wp-json\/wp\/v2\/media?parent=46590"}],"wp:term":[{"taxonomy":"product_brand","embeddable":true,"href":"https:\/\/filtertech.ca\/fr\/wp-json\/wp\/v2\/product_brand?post=46590"},{"taxonomy":"product_cat","embeddable":true,"href":"https:\/\/filtertech.ca\/fr\/wp-json\/wp\/v2\/product_cat?post=46590"},{"taxonomy":"product_tag","embeddable":true,"href":"https:\/\/filtertech.ca\/fr\/wp-json\/wp\/v2\/product_tag?post=46590"},{"taxonomy":"yarn_type","embeddable":true,"href":"https:\/\/filtertech.ca\/fr\/wp-json\/wp\/v2\/yarn_type?post=46590"},{"taxonomy":"micron","embeddable":true,"href":"https:\/\/filtertech.ca\/fr\/wp-json\/wp\/v2\/micron?post=46590"},{"taxonomy":"media","embeddable":true,"href":"https:\/\/filtertech.ca\/fr\/wp-json\/wp\/v2\/media?post=46590"},{"taxonomy":"size","embeddable":true,"href":"https:\/\/filtertech.ca\/fr\/wp-json\/wp\/v2\/size?post=46590"},{"taxonomy":"outside_diameter","embeddable":true,"href":"https:\/\/filtertech.ca\/fr\/wp-json\/wp\/v2\/outside_diameter?post=46590"},{"taxonomy":"inside_diameter","embeddable":true,"href":"https:\/\/filtertech.ca\/fr\/wp-json\/wp\/v2\/inside_diameter?post=46590"},{"taxonomy":"overall_diameter","embeddable":true,"href":"https:\/\/filtertech.ca\/fr\/wp-json\/wp\/v2\/overall_diameter?post=46590"},{"taxonomy":"end_cap","embeddable":true,"href":"https:\/\/filtertech.ca\/fr\/wp-json\/wp\/v2\/end_cap?post=46590"},{"taxonomy":"efficiency","embeddable":true,"href":"https:\/\/filtertech.ca\/fr\/wp-json\/wp\/v2\/efficiency?post=46590"},{"taxonomy":"support_core","embeddable":true,"href":"https:\/\/filtertech.ca\/fr\/wp-json\/wp\/v2\/support_core?post=46590"},{"taxonomy":"pleat_count","embeddable":true,"href":"https:\/\/filtertech.ca\/fr\/wp-json\/wp\/v2\/pleat_count?post=46590"}],"curies":[{"name":"wp","href":"https:\/\/api.w.org\/{rel}","templated":true}]}}