{"id":46581,"date":"2021-02-09T08:07:02","date_gmt":"2021-02-09T08:07:02","guid":{"rendered":"https:\/\/filtertech.ca\/product\/element-filtrant-a-air-de-12-5-8-di-9-7-8-hauteur-totale-9-7-9-solberg-32-22-stoddard-f8-111\/"},"modified":"2026-03-30T09:14:02","modified_gmt":"2026-03-30T09:14:02","slug":"element-filtrant-a-air-de-12-5-8-di-9-7-8-hauteur-totale-9-7-9-solberg-32-22-stoddard-f8-111","status":"publish","type":"product","link":"https:\/\/filtertech.ca\/fr\/produit\/element-filtrant-a-air-de-12-5-8-di-9-7-8-hauteur-totale-9-7-9-solberg-32-22-stoddard-f8-111\/","title":{"rendered":"\u00c9l\u00e9ment filtrant \u00e0 air, DE 12-5\/8, DI 9-7\/8, hauteur totale 9-7\/9, Solberg 32-22, Stoddard F8-111"},"content":{"rendered":"<p>\u00c9l\u00e9ment de filtre \u00e0 air, DE 12-5\/8, DI 9-7\/8, haut. 9-7\/9, papier pliss\u00e9, 2 microns, embouts en caoutchouc, poids 3 lb Compatible avec les mod\u00e8les de silencieux Stoddard : F64-8<\/p>\n","protected":false},"excerpt":{"rendered":"<p><strong>Num\u00e9ro de pi\u00e8ce :<\/strong> A1013<\/p>\n<p><strong>Diam\u00e8tre ext\u00e9rieur&nbsp;:<\/strong> 12,625<\/p>\n<p><strong>Diam\u00e8tre int\u00e9rieur&nbsp;:<\/strong> 9,875<\/p>\n<p><strong>Hauteur totale :<\/strong> 9,875<\/p>\n<p><strong>Style d\u2019embout :<\/strong> Moul\u00e9<\/p>\n<p><strong>Type de m\u00e9dia&nbsp;:<\/strong> papier<\/p>\n<p><strong>Efficacit\u00e9 nominale&nbsp;:<\/strong> 2 microns<\/p>\n<p><strong>D\u00e9lai de livraison :<\/strong> Exp\u00e9dition le jour m\u00eame<\/p>\n<p><strong>Lieu d\u2019origine :<\/strong> Montr\u00e9al, QC, Canada<\/p>\n<p>&nbsp;<\/p>\n","protected":false},"featured_media":26231,"template":"","meta":{"_acf_changed":false},"product_brand":[],"product_cat":[6637],"product_tag":[6639],"yarn_type":[],"micron":[],"media":[9427],"size":[],"outside_diameter":[9779],"inside_diameter":[9780],"overall_diameter":[9781],"end_cap":[8029],"efficiency":[9430],"support_core":[9776],"pleat_count":[],"class_list":{"0":"post-46581","1":"product","2":"type-product","3":"status-publish","4":"has-post-thumbnail","6":"product_cat-air-filtration","7":"product_tag-stoddard","8":"media-papier","9":"outside_diameter-12-625","10":"inside_diameter-9-875","11":"overall_diameter-9-875","12":"end_cap-moule","13":"efficiency-2-microns","14":"support_core-s-o","15":"entry","16":"has-media","18":"first","19":"instock","20":"product-type-simple"},"acf":[],"_links":{"self":[{"href":"https:\/\/filtertech.ca\/fr\/wp-json\/wp\/v2\/product\/46581","targetHints":{"allow":["GET"]}}],"collection":[{"href":"https:\/\/filtertech.ca\/fr\/wp-json\/wp\/v2\/product"}],"about":[{"href":"https:\/\/filtertech.ca\/fr\/wp-json\/wp\/v2\/types\/product"}],"wp:featuredmedia":[{"embeddable":true,"href":"https:\/\/filtertech.ca\/fr\/wp-json\/wp\/v2\/media\/26231"}],"wp:attachment":[{"href":"https:\/\/filtertech.ca\/fr\/wp-json\/wp\/v2\/media?parent=46581"}],"wp:term":[{"taxonomy":"product_brand","embeddable":true,"href":"https:\/\/filtertech.ca\/fr\/wp-json\/wp\/v2\/product_brand?post=46581"},{"taxonomy":"product_cat","embeddable":true,"href":"https:\/\/filtertech.ca\/fr\/wp-json\/wp\/v2\/product_cat?post=46581"},{"taxonomy":"product_tag","embeddable":true,"href":"https:\/\/filtertech.ca\/fr\/wp-json\/wp\/v2\/product_tag?post=46581"},{"taxonomy":"yarn_type","embeddable":true,"href":"https:\/\/filtertech.ca\/fr\/wp-json\/wp\/v2\/yarn_type?post=46581"},{"taxonomy":"micron","embeddable":true,"href":"https:\/\/filtertech.ca\/fr\/wp-json\/wp\/v2\/micron?post=46581"},{"taxonomy":"media","embeddable":true,"href":"https:\/\/filtertech.ca\/fr\/wp-json\/wp\/v2\/media?post=46581"},{"taxonomy":"size","embeddable":true,"href":"https:\/\/filtertech.ca\/fr\/wp-json\/wp\/v2\/size?post=46581"},{"taxonomy":"outside_diameter","embeddable":true,"href":"https:\/\/filtertech.ca\/fr\/wp-json\/wp\/v2\/outside_diameter?post=46581"},{"taxonomy":"inside_diameter","embeddable":true,"href":"https:\/\/filtertech.ca\/fr\/wp-json\/wp\/v2\/inside_diameter?post=46581"},{"taxonomy":"overall_diameter","embeddable":true,"href":"https:\/\/filtertech.ca\/fr\/wp-json\/wp\/v2\/overall_diameter?post=46581"},{"taxonomy":"end_cap","embeddable":true,"href":"https:\/\/filtertech.ca\/fr\/wp-json\/wp\/v2\/end_cap?post=46581"},{"taxonomy":"efficiency","embeddable":true,"href":"https:\/\/filtertech.ca\/fr\/wp-json\/wp\/v2\/efficiency?post=46581"},{"taxonomy":"support_core","embeddable":true,"href":"https:\/\/filtertech.ca\/fr\/wp-json\/wp\/v2\/support_core?post=46581"},{"taxonomy":"pleat_count","embeddable":true,"href":"https:\/\/filtertech.ca\/fr\/wp-json\/wp\/v2\/pleat_count?post=46581"}],"curies":[{"name":"wp","href":"https:\/\/api.w.org\/{rel}","templated":true}]}}