{"id":46575,"date":"2021-02-09T08:07:02","date_gmt":"2021-02-09T08:07:02","guid":{"rendered":"https:\/\/filtertech.ca\/product\/element-de-filtre-a-air-de-7-1-8-di-4-3-4-hauteur-totale-4-1-4\/"},"modified":"2026-03-30T09:13:59","modified_gmt":"2026-03-30T09:13:59","slug":"element-de-filtre-a-air-de-7-1-8-di-4-3-4-hauteur-totale-4-1-4","status":"publish","type":"product","link":"https:\/\/filtertech.ca\/fr\/produit\/element-de-filtre-a-air-de-7-1-8-di-4-3-4-hauteur-totale-4-1-4\/","title":{"rendered":"\u00c9l\u00e9ment de filtre \u00e0 air, DE 7-1\/8, DI 4-3\/4, hauteur totale 4-1\/4"},"content":{"rendered":"<p>\u00c9l\u00e9ment de filtre \u00e0 air, DE 7-1\/8, DI 4-3\/4, haut. 4-1\/4, papier pliss\u00e9, 2 microns, embouts en caoutchouc, poids 2 lb. Convient aux mod\u00e8les de bo\u00eetiers de silencieux Stoddard: F64-1, F64-1-1\/2?, F64-2 et F64-2-1\/2<\/p>\n","protected":false},"excerpt":{"rendered":"<p><strong>R\u00e9f\u00e9rence&nbsp;:<\/strong> A1010<\/p>\n<p><strong>Diam\u00e8tre ext\u00e9rieur :<\/strong> 7,125<\/p>\n<p><strong>Diam\u00e8tre int\u00e9rieur :<\/strong> 4,75<\/p>\n<p><strong>Hauteur totale&nbsp;:<\/strong> 4,25<\/p>\n<p><strong>Style d\u2019embout :<\/strong> Moul\u00e9<\/p>\n<p><strong>Type de m\u00e9dia&nbsp;:<\/strong> papier<\/p>\n<p><strong>Efficacit\u00e9 nominale&nbsp;:<\/strong> 2 microns<\/p>\n<p><strong>D\u00e9lai de livraison :<\/strong> 2 semaines<\/p>\n<p><strong>Lieu d\u2019origine :<\/strong> Montr\u00e9al, QC, Canada<\/p>\n<p>&nbsp;<\/p>\n","protected":false},"featured_media":0,"template":"","meta":{"_acf_changed":false},"product_brand":[],"product_cat":[6637],"product_tag":[6638],"yarn_type":[],"micron":[],"media":[9427],"size":[],"outside_diameter":[9775],"inside_diameter":[8077],"overall_diameter":[8064],"end_cap":[8029],"efficiency":[9430],"support_core":[9776],"pleat_count":[],"class_list":{"0":"post-46575","1":"product","2":"type-product","3":"status-publish","5":"product_cat-air-filtration","6":"product_tag-a1010","7":"media-papier","8":"outside_diameter-7-125","9":"inside_diameter-4-75","10":"overall_diameter-4-25","11":"end_cap-moule","12":"efficiency-2-microns","13":"support_core-s-o","14":"entry","16":"first","17":"instock","18":"product-type-simple"},"acf":[],"_links":{"self":[{"href":"https:\/\/filtertech.ca\/fr\/wp-json\/wp\/v2\/product\/46575","targetHints":{"allow":["GET"]}}],"collection":[{"href":"https:\/\/filtertech.ca\/fr\/wp-json\/wp\/v2\/product"}],"about":[{"href":"https:\/\/filtertech.ca\/fr\/wp-json\/wp\/v2\/types\/product"}],"wp:attachment":[{"href":"https:\/\/filtertech.ca\/fr\/wp-json\/wp\/v2\/media?parent=46575"}],"wp:term":[{"taxonomy":"product_brand","embeddable":true,"href":"https:\/\/filtertech.ca\/fr\/wp-json\/wp\/v2\/product_brand?post=46575"},{"taxonomy":"product_cat","embeddable":true,"href":"https:\/\/filtertech.ca\/fr\/wp-json\/wp\/v2\/product_cat?post=46575"},{"taxonomy":"product_tag","embeddable":true,"href":"https:\/\/filtertech.ca\/fr\/wp-json\/wp\/v2\/product_tag?post=46575"},{"taxonomy":"yarn_type","embeddable":true,"href":"https:\/\/filtertech.ca\/fr\/wp-json\/wp\/v2\/yarn_type?post=46575"},{"taxonomy":"micron","embeddable":true,"href":"https:\/\/filtertech.ca\/fr\/wp-json\/wp\/v2\/micron?post=46575"},{"taxonomy":"media","embeddable":true,"href":"https:\/\/filtertech.ca\/fr\/wp-json\/wp\/v2\/media?post=46575"},{"taxonomy":"size","embeddable":true,"href":"https:\/\/filtertech.ca\/fr\/wp-json\/wp\/v2\/size?post=46575"},{"taxonomy":"outside_diameter","embeddable":true,"href":"https:\/\/filtertech.ca\/fr\/wp-json\/wp\/v2\/outside_diameter?post=46575"},{"taxonomy":"inside_diameter","embeddable":true,"href":"https:\/\/filtertech.ca\/fr\/wp-json\/wp\/v2\/inside_diameter?post=46575"},{"taxonomy":"overall_diameter","embeddable":true,"href":"https:\/\/filtertech.ca\/fr\/wp-json\/wp\/v2\/overall_diameter?post=46575"},{"taxonomy":"end_cap","embeddable":true,"href":"https:\/\/filtertech.ca\/fr\/wp-json\/wp\/v2\/end_cap?post=46575"},{"taxonomy":"efficiency","embeddable":true,"href":"https:\/\/filtertech.ca\/fr\/wp-json\/wp\/v2\/efficiency?post=46575"},{"taxonomy":"support_core","embeddable":true,"href":"https:\/\/filtertech.ca\/fr\/wp-json\/wp\/v2\/support_core?post=46575"},{"taxonomy":"pleat_count","embeddable":true,"href":"https:\/\/filtertech.ca\/fr\/wp-json\/wp\/v2\/pleat_count?post=46575"}],"curies":[{"name":"wp","href":"https:\/\/api.w.org\/{rel}","templated":true}]}}