{"id":46544,"date":"2020-12-07T10:55:43","date_gmt":"2020-12-07T10:55:43","guid":{"rendered":"https:\/\/filtertech.ca\/filtre\/"},"modified":"2026-03-20T19:07:39","modified_gmt":"2026-03-20T19:07:39","slug":"filtre","status":"publish","type":"page","link":"https:\/\/filtertech.ca\/fr\/filtre\/","title":{"rendered":"Filtre"},"content":{"rendered":"\t\t<div data-elementor-type=\"wp-page\" data-elementor-id=\"46544\" class=\"elementor elementor-46544 elementor-465\" data-elementor-post-type=\"page\">\n\t\t\t\t\t\t<section class=\"elementor-section elementor-top-section elementor-element elementor-element-433698a elementor-section-full_width elementor-section-height-default elementor-section-height-default\" data-id=\"433698a\" data-element_type=\"section\" data-e-type=\"section\">\n\t\t\t\t\t\t<div class=\"elementor-container elementor-column-gap-no\">\n\t\t\t\t\t<div class=\"elementor-column elementor-col-100 elementor-top-column elementor-element elementor-element-41d83d6\" data-id=\"41d83d6\" data-element_type=\"column\" data-e-type=\"column\">\n\t\t\t<div class=\"elementor-widget-wrap elementor-element-populated\">\n\t\t\t\t\t\t<div class=\"elementor-element elementor-element-9048b52 elementor-widget elementor-widget-shortcode\" data-id=\"9048b52\" data-element_type=\"widget\" data-e-type=\"widget\" data-widget_type=\"shortcode.default\">\n\t\t\t\t<div class=\"elementor-widget-container\">\n\t\t\t\t\t\t\t<div class=\"elementor-shortcode\">[smartslider3 slider=\"2\"]<\/div>\n\t\t\t\t\t\t<\/div>\n\t\t\t\t<\/div>\n\t\t\t\t\t<\/div>\n\t\t<\/div>\n\t\t\t\t\t<\/div>\n\t\t<\/section>\n\t\t\t\t<section class=\"elementor-section elementor-top-section elementor-element elementor-element-3256816 elementor-section-content-middle elementor-section-stretched flex filtersec elementor-section-boxed elementor-section-height-default elementor-section-height-default\" data-id=\"3256816\" data-element_type=\"section\" data-e-type=\"section\" data-settings=\"{&quot;stretch_section&quot;:&quot;section-stretched&quot;,&quot;background_background&quot;:&quot;classic&quot;}\">\n\t\t\t\t\t\t<div class=\"elementor-container elementor-column-gap-default\">\n\t\t\t\t\t<div class=\"elementor-column elementor-col-100 elementor-top-column elementor-element elementor-element-6973bf0\" data-id=\"6973bf0\" data-element_type=\"column\" data-e-type=\"column\">\n\t\t\t<div class=\"elementor-widget-wrap elementor-element-populated\">\n\t\t\t\t\t\t<div class=\"elementor-element elementor-element-2d769cf elementor-widget__width-auto elementor-widget elementor-widget-heading\" data-id=\"2d769cf\" data-element_type=\"widget\" data-e-type=\"widget\" data-widget_type=\"heading.default\">\n\t\t\t\t<div class=\"elementor-widget-container\">\n\t\t\t\t\t<h4 class=\"elementor-heading-title elementor-size-default\">Recherche de filtre<\/h4>\t\t\t\t<\/div>\n\t\t\t\t<\/div>\n\t\t\t\t<div class=\"elementor-element elementor-element-5977349 elementor-widget__width-auto elementor-widget elementor-widget-text-editor\" data-id=\"5977349\" data-element_type=\"widget\" data-e-type=\"widget\" data-widget_type=\"text-editor.default\">\n\t\t\t\t<div class=\"elementor-widget-container\">\n\t\t\t\t\t\t\t\t\t<form method=\"post\" class=\"searchform\" action=\"\">\n\t<label for=\"ocean-search-form-1\">\n\t\t<input type=\"search\" id=\"ocean-search-form-2\" class=\"field\" placeholder=\"Rechercher\" name=\"sku\">\n\t\t\t<\/label>\n\t<\/form>\t\t\t\t\t\t\t\t<\/div>\n\t\t\t\t<\/div>\n\t\t\t\t\t<\/div>\n\t\t<\/div>\n\t\t\t\t\t<\/div>\n\t\t<\/section>\n\t\t\t\t<section class=\"elementor-section elementor-top-section elementor-element elementor-element-790dfb5 product-section  filtercontsec elementor-section-boxed elementor-section-height-default elementor-section-height-default\" data-id=\"790dfb5\" data-element_type=\"section\" data-e-type=\"section\">\n\t\t\t\t\t\t<div class=\"elementor-container elementor-column-gap-default\">\n\t\t\t\t\t<div class=\"elementor-column elementor-col-50 elementor-top-column elementor-element elementor-element-a27b66c col1\" data-id=\"a27b66c\" data-element_type=\"column\" data-e-type=\"column\">\n\t\t\t<div class=\"elementor-widget-wrap elementor-element-populated\">\n\t\t\t\t\t\t<div class=\"elementor-element elementor-element-4699d04 cat-section elementor-widget elementor-widget-text-editor\" data-id=\"4699d04\" data-element_type=\"widget\" data-e-type=\"widget\" data-widget_type=\"text-editor.default\">\n\t\t\t\t<div class=\"elementor-widget-container\">\n\t\t\t\t\t\t\t\t\tFiltertech est un fabricant reconnu dune vaste gamme de cartouches filtrantes de haute qualit\u00e9 pour les liquides, lair et le gaz depuis 1987. Filtertech sefforce avec ambition de servir ses clients avec le plus haut niveau de qualit\u00e9 et de service. Filtertech est fi\u00e8re drsquo;annoncer ses projets de recherche et d\u00e9veloppement en cours, dans lesquels nous mettons tout en \u0153uvre pour am\u00e9liorer nos capacit\u00e9s de production gr\u00e2ce \u00e0 lrsquo;innovation et \u00e0 lrsquo;automatisation. Filtertech est lun des plus grands fabricants de cartouches filtrantes au Canada\n<h5>Application<\/h5>\n<ul>\n \t<li><img decoding=\"async\" src=\"https:\/\/dev.webethics.online\/filtertech\/wp-content\/uploads\/2020\/12\/flask.svg\" alt=\"\">Plantation, traitement chimique<\/li>\n \t<li><img decoding=\"async\" src=\"https:\/\/dev.webethics.online\/filtertech\/wp-content\/uploads\/2020\/12\/water-drop.svg\" alt=\"\">Champs p\u00e9trolif\u00e8res<\/li>\n \t<li><img decoding=\"async\" src=\"https:\/\/dev.webethics.online\/filtertech\/wp-content\/uploads\/2020\/12\/urn_aaid_sc_US_2feeccc4-d06f-4783-a2d2-db04f806d3b4-23.png\" alt=\"\">Centrales \u00e9lectriques<\/li>\n \t<li><img decoding=\"async\" src=\"https:\/\/dev.webethics.online\/filtertech\/wp-content\/uploads\/2020\/12\/wisdom-of-emptiness.svg\" alt=\"\">Eaux us\u00e9es et de puits<\/li>\n \t<li><img decoding=\"async\" src=\"https:\/\/dev.webethics.online\/filtertech\/wp-content\/uploads\/2020\/12\/test.svg\" alt=\"\">P\u00e9trochimie<\/li>\n \t<li><img decoding=\"async\" src=\"https:\/\/dev.webethics.online\/filtertech\/wp-content\/uploads\/2020\/12\/technology.svg\" alt=\"\">Cartes \u00e9lectroniques<\/li>\n \t<li><img decoding=\"async\" src=\"https:\/\/dev.webethics.online\/filtertech\/wp-content\/uploads\/2020\/12\/coffee-cup.svg\" alt=\"\">Transformation alimentaire<\/li>\n \t<li><img decoding=\"async\" src=\"https:\/\/dev.webethics.online\/filtertech\/wp-content\/uploads\/2020\/12\/cocktail.svg\" alt=\"\">Boissons<\/li>\n<\/ul>\t\t\t\t\t\t\t\t<\/div>\n\t\t\t\t<\/div>\n\t\t\t\t<div class=\"elementor-element elementor-element-fe6d925 elementor-widget elementor-widget-image\" data-id=\"fe6d925\" data-element_type=\"widget\" data-e-type=\"widget\" data-widget_type=\"image.default\">\n\t\t\t\t<div class=\"elementor-widget-container\">\n\t\t\t\t\t\t\t\t\t\t\t\t\t\t\t<img fetchpriority=\"high\" decoding=\"async\" width=\"446\" height=\"332\" src=\"https:\/\/filtertech.ca\/wp-content\/uploads\/2020\/12\/process-1.png\" class=\"attachment-large size-large wp-image-46538\" alt=\"\" srcset=\"https:\/\/filtertech.ca\/wp-content\/uploads\/2020\/12\/process-1.png 446w, https:\/\/filtertech.ca\/wp-content\/uploads\/2020\/12\/process-1-300x223.png 300w\" sizes=\"(max-width: 446px) 100vw, 446px\" \/>\t\t\t\t\t\t\t\t\t\t\t\t\t\t\t<\/div>\n\t\t\t\t<\/div>\n\t\t\t\t\t<\/div>\n\t\t<\/div>\n\t\t\t\t<div class=\"elementor-column elementor-col-50 elementor-top-column elementor-element elementor-element-c2284a3 col2\" data-id=\"c2284a3\" data-element_type=\"column\" data-e-type=\"column\">\n\t\t\t<div class=\"elementor-widget-wrap elementor-element-populated\">\n\t\t\t\t\t\t<div class=\"elementor-element elementor-element-ff50cee elementor-widget elementor-widget-image\" data-id=\"ff50cee\" data-element_type=\"widget\" data-e-type=\"widget\" data-widget_type=\"image.default\">\n\t\t\t\t<div class=\"elementor-widget-container\">\n\t\t\t\t\t\t\t\t\t\t\t\t\t\t\t<img decoding=\"async\" src=\"https:\/\/dev.webethics.online\/filtertech\/wp-content\/uploads\/2020\/10\/3D-filter-2-Copy.jpg\" title=\"\" alt=\"\" loading=\"lazy\" \/>\t\t\t\t\t\t\t\t\t\t\t\t\t\t\t<\/div>\n\t\t\t\t<\/div>\n\t\t\t\t<div class=\"elementor-element elementor-element-041affd elementor-widget elementor-widget-text-editor\" data-id=\"041affd\" data-element_type=\"widget\" data-e-type=\"widget\" data-widget_type=\"text-editor.default\">\n\t\t\t\t<div class=\"elementor-widget-container\">\n\t\t\t\t\t\t\t\t\t<h4>Adsorption chimique<\/h4>\nFiltre bobin\u00e9 en coton blanchi FDA de 0,5 micron, diam\u00e8tre de 2 1\/2&Prime; (2,5&Prime;), longueur de 20&Prime;, sur noyau en polypropyl\u00e8ne. Un filtre \u00e0 cartouche bobin\u00e9 en coton blanchi de haute qualit\u00e9 \u00e0 100 % utilisant un m\u00e9dia conforme \u00e0 la norme pharmaceutique am\u00e9ricaine 21.\n\n<strong class=\"spectitle\">Sp\u00e9cifications<\/strong>\n<ul>\n \t<li><strong>R\u00e9f\u00e9rence :<\/strong> CF.5R20P<\/li>\n \t<li><strong>Quantit\u00e9 par bo\u00eete :<\/strong> 15<\/li>\n \t<li><strong>M\u00e9dia :<\/strong> Coton blanchi FDA<\/li>\n \t<li><strong>Micron :<\/strong> 0,5 micron<\/li>\n \t<li><strong>Mat\u00e9riau du noyau :<\/strong> Polypropyl\u00e8ne<\/li>\n \t<li><strong>Diam\u00e8tre de l\u2019\u00e9l\u00e9ment :<\/strong> 2 1\/2&Prime; (2,5&Prime;)<\/li>\n \t<li><strong>Longueur de l\u2019\u00e9l\u00e9ment :<\/strong> 20&Prime;<\/li>\n \t<li><strong>Cat\u00e9gorie :<\/strong> Cartouches filtrantes bobin\u00e9es<\/li>\n \t<li><strong>Sous-cat\u00e9gorie :<\/strong> Filtres bobin\u00e9s en coton blanchi FDA<\/li>\n<\/ul>\t\t\t\t\t\t\t\t<\/div>\n\t\t\t\t<\/div>\n\t\t\t\t<section class=\"elementor-section elementor-inner-section elementor-element elementor-element-bf268d0 view-btns elementor-section-boxed elementor-section-height-default elementor-section-height-default\" data-id=\"bf268d0\" data-element_type=\"section\" data-e-type=\"section\">\n\t\t\t\t\t\t<div class=\"elementor-container elementor-column-gap-default\">\n\t\t\t\t\t<div class=\"elementor-column elementor-col-100 elementor-inner-column elementor-element elementor-element-99adcb3\" data-id=\"99adcb3\" data-element_type=\"column\" data-e-type=\"column\">\n\t\t\t<div class=\"elementor-widget-wrap elementor-element-populated\">\n\t\t\t\t\t\t<div class=\"elementor-element elementor-element-b530c13 elementor-widget elementor-widget-button\" data-id=\"b530c13\" data-element_type=\"widget\" data-e-type=\"widget\" data-widget_type=\"button.default\">\n\t\t\t\t<div class=\"elementor-widget-container\">\n\t\t\t\t\t\t\t\t\t<div class=\"elementor-button-wrapper\">\n\t\t\t\t\t<a class=\"elementor-button elementor-button-link elementor-size-sm\" href=\"#\">\n\t\t\t\t\t\t<span class=\"elementor-button-content-wrapper\">\n\t\t\t\t\t\t\t\t\t<span class=\"elementor-button-text\">VOIR PLUS<\/span>\n\t\t\t\t\t<\/span>\n\t\t\t\t\t<\/a>\n\t\t\t\t<\/div>\n\t\t\t\t\t\t\t\t<\/div>\n\t\t\t\t<\/div>\n\t\t\t\t<div class=\"elementor-element elementor-element-13ddc28 elementor-widget elementor-widget-button\" data-id=\"13ddc28\" data-element_type=\"widget\" data-e-type=\"widget\" data-widget_type=\"button.default\">\n\t\t\t\t<div class=\"elementor-widget-container\">\n\t\t\t\t\t\t\t\t\t<div class=\"elementor-button-wrapper\">\n\t\t\t\t\t<a class=\"elementor-button elementor-button-link elementor-size-sm\" href=\"#\">\n\t\t\t\t\t\t<span class=\"elementor-button-content-wrapper\">\n\t\t\t\t\t\t\t\t\t<span class=\"elementor-button-text\">DEMANDER UN DEVIS<\/span>\n\t\t\t\t\t<\/span>\n\t\t\t\t\t<\/a>\n\t\t\t\t<\/div>\n\t\t\t\t\t\t\t\t<\/div>\n\t\t\t\t<\/div>\n\t\t\t\t\t<\/div>\n\t\t<\/div>\n\t\t\t\t\t<\/div>\n\t\t<\/section>\n\t\t\t\t\t<\/div>\n\t\t<\/div>\n\t\t\t\t\t<\/div>\n\t\t<\/section>\n\t\t\t\t<\/div>\n\t\t","protected":false},"excerpt":{"rendered":"<p>[smartslider3 slider=\u00a0\u00bb2&Prime;] Recherche de filtre Filtertech est un fabricant reconnu dune vaste gamme de cartouches filtrantes de haute qualit\u00e9 pour les liquides, lair et le gaz depuis 1987. Filtertech sefforce avec ambition de servir ses clients avec le plus haut niveau de qualit\u00e9 et de service. Filtertech est fi\u00e8re drsquo;annoncer ses projets de recherche et [&hellip;]<\/p>\n","protected":false},"author":1,"featured_media":0,"parent":0,"menu_order":0,"comment_status":"closed","ping_status":"closed","template":"","meta":{"_acf_changed":false,"footnotes":""},"class_list":["post-46544","page","type-page","status-publish","hentry","entry"],"acf":[],"_links":{"self":[{"href":"https:\/\/filtertech.ca\/fr\/wp-json\/wp\/v2\/pages\/46544","targetHints":{"allow":["GET"]}}],"collection":[{"href":"https:\/\/filtertech.ca\/fr\/wp-json\/wp\/v2\/pages"}],"about":[{"href":"https:\/\/filtertech.ca\/fr\/wp-json\/wp\/v2\/types\/page"}],"author":[{"embeddable":true,"href":"https:\/\/filtertech.ca\/fr\/wp-json\/wp\/v2\/users\/1"}],"replies":[{"embeddable":true,"href":"https:\/\/filtertech.ca\/fr\/wp-json\/wp\/v2\/comments?post=46544"}],"version-history":[{"count":1,"href":"https:\/\/filtertech.ca\/fr\/wp-json\/wp\/v2\/pages\/46544\/revisions"}],"predecessor-version":[{"id":46545,"href":"https:\/\/filtertech.ca\/fr\/wp-json\/wp\/v2\/pages\/46544\/revisions\/46545"}],"wp:attachment":[{"href":"https:\/\/filtertech.ca\/fr\/wp-json\/wp\/v2\/media?parent=46544"}],"curies":[{"name":"wp","href":"https:\/\/api.w.org\/{rel}","templated":true}]}}