{"id":46537,"date":"2020-12-01T12:21:17","date_gmt":"2020-12-01T12:21:17","guid":{"rendered":"https:\/\/filtertech.ca\/accueil\/"},"modified":"2026-03-27T12:13:48","modified_gmt":"2026-03-27T12:13:48","slug":"accueil","status":"publish","type":"page","link":"https:\/\/filtertech.ca\/fr\/","title":{"rendered":"Page d\u2019accueil"},"content":{"rendered":"\t\t<div data-elementor-type=\"wp-page\" data-elementor-id=\"46537\" class=\"elementor elementor-46537 elementor-185\" data-elementor-post-type=\"page\">\n\t\t\t\t\t\t<section class=\"elementor-section elementor-top-section elementor-element elementor-element-fe5927c elementor-section-full_width elementor-section-height-min-height elementor-section-content-middle elementor-section-height-default elementor-section-items-middle\" data-id=\"fe5927c\" data-element_type=\"section\" data-e-type=\"section\" data-settings=\"{&quot;background_background&quot;:&quot;video&quot;,&quot;background_video_link&quot;:&quot;https:\\\/\\\/www.youtube.com\\\/watch?v=Ihq9vdriOUg&quot;,&quot;background_play_on_mobile&quot;:&quot;yes&quot;}\">\n\t\t\t\t\t\t\t\t<div class=\"elementor-background-video-container\">\n\t\t\t\t\t\t\t\t\t\t\t\t\t<div class=\"elementor-background-video-embed\" role=\"presentation\"><\/div>\n\t\t\t\t\t\t\t\t\t\t\t\t<\/div>\n\t\t\t\t\t\t\t\t\t<div class=\"elementor-background-overlay\"><\/div>\n\t\t\t\t\t\t\t<div class=\"elementor-container elementor-column-gap-default\">\n\t\t\t\t\t<div class=\"elementor-column elementor-col-100 elementor-top-column elementor-element elementor-element-42e3cd3\" data-id=\"42e3cd3\" data-element_type=\"column\" data-e-type=\"column\">\n\t\t\t<div class=\"elementor-widget-wrap elementor-element-populated\">\n\t\t\t\t\t\t<div class=\"elementor-element elementor-element-11924ce elementor-widget elementor-widget-heading\" data-id=\"11924ce\" data-element_type=\"widget\" data-e-type=\"widget\" data-widget_type=\"heading.default\">\n\t\t\t\t<div class=\"elementor-widget-container\">\n\t\t\t\t\t<h2 class=\"elementor-heading-title elementor-size-default\">PRODUITS DE FABRICATION DE FILTRATION<\/h2>\t\t\t\t<\/div>\n\t\t\t\t<\/div>\n\t\t\t\t<div class=\"elementor-element elementor-element-71599e3 elementor-widget elementor-widget-text-editor\" data-id=\"71599e3\" data-element_type=\"widget\" data-e-type=\"widget\" data-widget_type=\"text-editor.default\">\n\t\t\t\t<div class=\"elementor-widget-container\">\n\t\t\t\t\t\t\t\t\t<div class=\"n2-ss-slide n2-ow n2-ss-slide-19\" data-slide-duration=\"0\" data-id=\"19\" data-slide-public-id=\"2\" data-title=\"PXL_20210531_225457927\" aria-hidden=\"true\"><div class=\"n2-ss-layers-container n2-ss-slide-limiter n2-ow\"><div class=\"n2-ss-layer n2-ow n-uc-Ip92WXawUsWR\" data-sstype=\"slide\" data-pm=\"default\"><div class=\"n2-ss-layer n2-ow n-uc-PbBCxhyGAbcz\" data-pm=\"default\" data-sstype=\"content\" data-hasbackground=\"0\"><div class=\"n2-ss-section-main-content n2-ss-layer-with-background n2-ss-layer-content n2-ow n-uc-PbBCxhyGAbcz-inner\"><div class=\"n2-ss-layer n2-ow n-uc-FCUNjjeCoqzu\" data-pm=\"normal\" data-sstype=\"layer\"><p id=\"n2-ss-4item3\" class=\"n2-font-cf186ebe747dacfb170f25a377828763-hover n2-ss-item-content n2-ss-text n2-ow\">Nous proposons des filtres personnalis\u00e9s et de rechange<\/p><p class=\"n2-font-ad96ac7a4c411831b7ff488e9130b266-paragraph \">avec des milliers de tailles et de combinaisons disponibles<\/p><p>\u00c9tabli en 1987 | Fabriqu\u00e9 au Canada<\/p><\/div><\/div><\/div><\/div><\/div><\/div>\t\t\t\t\t\t\t\t<\/div>\n\t\t\t\t<\/div>\n\t\t\t\t\t<\/div>\n\t\t<\/div>\n\t\t\t\t\t<\/div>\n\t\t<\/section>\n\t\t\t\t<section class=\"elementor-section elementor-top-section elementor-element elementor-element-516b389 hometltle elementor-section-boxed elementor-section-height-default elementor-section-height-default\" data-id=\"516b389\" data-element_type=\"section\" data-e-type=\"section\">\n\t\t\t\t\t\t<div class=\"elementor-container elementor-column-gap-default\">\n\t\t\t\t\t<div class=\"elementor-column elementor-col-100 elementor-top-column elementor-element elementor-element-20a97f1\" data-id=\"20a97f1\" data-element_type=\"column\" data-e-type=\"column\">\n\t\t\t<div class=\"elementor-widget-wrap elementor-element-populated\">\n\t\t\t\t\t\t<div class=\"elementor-element elementor-element-43f1826 hometitle elementor-widget elementor-widget-heading\" data-id=\"43f1826\" data-element_type=\"widget\" data-e-type=\"widget\" data-widget_type=\"heading.default\">\n\t\t\t\t<div class=\"elementor-widget-container\">\n\t\t\t\t\t<h2 class=\"elementor-heading-title elementor-size-default\">NOS CAT\u00c9GORIES<\/h2>\t\t\t\t<\/div>\n\t\t\t\t<\/div>\n\t\t\t\t\t<\/div>\n\t\t<\/div>\n\t\t\t\t\t<\/div>\n\t\t<\/section>\n\t\t\t\t<section class=\"elementor-section elementor-top-section elementor-element elementor-element-be2a729 elementor-section-boxed elementor-section-height-default elementor-section-height-default\" data-id=\"be2a729\" data-element_type=\"section\" data-e-type=\"section\">\n\t\t\t\t\t\t<div class=\"elementor-container elementor-column-gap-default\">\n\t\t\t\t\t<div class=\"elementor-column elementor-col-100 elementor-top-column elementor-element elementor-element-48db30d\" data-id=\"48db30d\" data-element_type=\"column\" data-e-type=\"column\">\n\t\t\t<div class=\"elementor-widget-wrap elementor-element-populated\">\n\t\t\t\t\t\t<div class=\"elementor-element elementor-element-dcc7e45 home-cat elementor-widget elementor-widget-shortcode\" data-id=\"dcc7e45\" data-element_type=\"widget\" data-e-type=\"widget\" data-widget_type=\"shortcode.default\">\n\t\t\t\t<div class=\"elementor-widget-container\">\n\t\t\t\t\t\t\t<div class=\"elementor-shortcode\"><section class=\"elementor-section elementor-top-section elementor-element elementor-element-8b316a3 cat-section elementor-section-boxed elementor-section-height-default elementor-section-height-default\"><div class=\"elementor-container elementor-column-gap-default\"><div class=\"elementor-row\"><div class=\"elementor-column elementor-col-33 elementor-top-column elementor-element elementor-element-4b9c3c4 categoryblk\" data-id=\"4b9c3c4\" data-element_type=\"column\">\n        <div class=\"elementor-column-wrap elementor-element-populated\">\n            <div class=\"elementor-widget-wrap\">\n            <a href=\"https:\/\/filtertech.ca\/fr\/categorie-produit\/air-filtration\/\" class=\"no-lightbox new-anchor\"><\/a>\n                <div class=\"elementor-element elementor-element-fc5c527 elementor-widget elementor-widget-heading\" data-id=\"fc5c527\" data-element_type=\"widget\" data-widget_type=\"heading.default\">\n            <div class=\"elementor-widget-container\">\n        <h3 class=\"elementor-heading-title elementor-size-default\"><a href=\"https:\/\/filtertech.ca\/fr\/categorie-produit\/air-filtration\/\">\u00c9l\u00e9ments filtrants d&#039;admission d&#039;air et de vide<\/a><\/h3><\/div>\n            <\/div>\n            <div class=\"elementor-element elementor-element-8f7a028 elementor-widget elementor-widget-image\" data-id=\"8f7a028\" data-element_type=\"widget\" data-widget_type=\"image.default\">\n            <div class=\"elementor-widget-container\">\n                <div class=\"elementor-image\">\n                    <img decoding=\"async\" src=\"https:\/\/filtertech.ca\/wp-content\/uploads\/2023\/02\/Filtertech-blower-air-intake-filters-Copy-2.png\" class=\"attachment-large size-large\" alt=\"\" loading=\"lazy\">\n                <\/div>\n            <\/div>\n            <\/div>\n            <div class=\"elementor-element elementor-element-ee08615 elementor-widget elementor-widget-heading\" data-id=\"ee08615\" data-element_type=\"widget\" data-widget_type=\"heading.default\">\n            <div class=\"elementor-widget-container\">\n        <h4 class=\"elementor-heading-title elementor-size-default\">Application<\/h4><\/div>\n            <\/div>\n            <div class=\"elementor-element elementor-element-537e113 elementor-widget elementor-widget-text-editor\" data-id=\"537e113\" data-element_type=\"widget\" data-widget_type=\"text-editor.default\">\n            <div class=\"elementor-widget-container\">\n                <div class=\"elementor-text-editor elementor-clearfix\"><ul><li>\u00c9poussetage<\/li><li>Captation des fum\u00e9es<\/li><li>Moteurs \u00e0 turbine<\/li><li>Compresseurs d&#039;air<\/li><li>Pipelines de gaz (GNC\/GNL)<\/li><li>Souffleurs industriels<\/li><li>Camions aspirateurs<\/li><li>Diverses autres machines industrielles<\/li><\/ul><\/div>\n            <\/div>\n            <\/div>\n                    <\/div>\n                <\/div>\n        <\/div><div class=\"elementor-column elementor-col-33 elementor-top-column elementor-element elementor-element-4b9c3c4 categoryblk\" data-id=\"4b9c3c4\" data-element_type=\"column\">\n        <div class=\"elementor-column-wrap elementor-element-populated\">\n            <div class=\"elementor-widget-wrap\">\n            <a href=\"https:\/\/filtertech.ca\/fr\/categorie-produit\/process-filtration\/\" class=\"no-lightbox new-anchor\"><\/a>\n                <div class=\"elementor-element elementor-element-fc5c527 elementor-widget elementor-widget-heading\" data-id=\"fc5c527\" data-element_type=\"widget\" data-widget_type=\"heading.default\">\n            <div class=\"elementor-widget-container\">\n        <h3 class=\"elementor-heading-title elementor-size-default\"><a href=\"https:\/\/filtertech.ca\/fr\/categorie-produit\/process-filtration\/\">Filtration de proc\u00e9d\u00e9 - Filtres bobin\u00e9s<\/a><\/h3><\/div>\n            <\/div>\n            <div class=\"elementor-element elementor-element-8f7a028 elementor-widget elementor-widget-image\" data-id=\"8f7a028\" data-element_type=\"widget\" data-widget_type=\"image.default\">\n            <div class=\"elementor-widget-container\">\n                <div class=\"elementor-image\">\n                    <img decoding=\"async\" src=\"https:\/\/filtertech.ca\/wp-content\/uploads\/2023\/05\/430x320-wound.png\" class=\"attachment-large size-large\" alt=\"\" loading=\"lazy\">\n                <\/div>\n            <\/div>\n            <\/div>\n            <div class=\"elementor-element elementor-element-ee08615 elementor-widget elementor-widget-heading\" data-id=\"ee08615\" data-element_type=\"widget\" data-widget_type=\"heading.default\">\n            <div class=\"elementor-widget-container\">\n        <h4 class=\"elementor-heading-title elementor-size-default\">Application<\/h4><\/div>\n            <\/div>\n            <div class=\"elementor-element elementor-element-537e113 elementor-widget elementor-widget-text-editor\" data-id=\"537e113\" data-element_type=\"widget\" data-widget_type=\"text-editor.default\">\n            <div class=\"elementor-widget-container\">\n                <div class=\"elementor-text-editor elementor-clearfix\"><ul><li>Plantation, traitement chimique<\/li><li>Champs p\u00e9troliers<\/li><li>Centrales \u00e9lectriques<\/li><li>Eaux us\u00e9es et eau de puits<\/li><li>P\u00e9trochimie<\/li><li>Cartes \u00e9lectroniques<\/li><li>Transformation alimentaire<\/li><li>Boissons<\/li><\/ul><\/div>\n            <\/div>\n            <\/div>\n                    <\/div>\n                <\/div>\n        <\/div><div class=\"elementor-column elementor-col-33 elementor-top-column elementor-element elementor-element-4b9c3c4 categoryblk\" data-id=\"4b9c3c4\" data-element_type=\"column\">\n        <div class=\"elementor-column-wrap elementor-element-populated\">\n            <div class=\"elementor-widget-wrap\">\n            <a href=\"https:\/\/filtertech.ca\/fr\/categorie-produit\/dust-fume-mist-collection-cartridges\/\" class=\"no-lightbox new-anchor\"><\/a>\n                <div class=\"elementor-element elementor-element-fc5c527 elementor-widget elementor-widget-heading\" data-id=\"fc5c527\" data-element_type=\"widget\" data-widget_type=\"heading.default\">\n            <div class=\"elementor-widget-container\">\n        <h3 class=\"elementor-heading-title elementor-size-default\"><a href=\"https:\/\/filtertech.ca\/fr\/categorie-produit\/dust-fume-mist-collection-cartridges\/\">Cartouches de d\u00e9poussi\u00e9rage et de captation de fum\u00e9es<\/a><\/h3><\/div>\n            <\/div>\n            <div class=\"elementor-element elementor-element-8f7a028 elementor-widget elementor-widget-image\" data-id=\"8f7a028\" data-element_type=\"widget\" data-widget_type=\"image.default\">\n            <div class=\"elementor-widget-container\">\n                <div class=\"elementor-image\">\n                    <img decoding=\"async\" src=\"https:\/\/filtertech.ca\/wp-content\/uploads\/2023\/05\/dust-collection-filter-cartridges-canada.png\" class=\"attachment-large size-large\" alt=\"\" loading=\"lazy\">\n                <\/div>\n            <\/div>\n            <\/div>\n            <div class=\"elementor-element elementor-element-ee08615 elementor-widget elementor-widget-heading\" data-id=\"ee08615\" data-element_type=\"widget\" data-widget_type=\"heading.default\">\n            <div class=\"elementor-widget-container\">\n        <h4 class=\"elementor-heading-title elementor-size-default\">Application<\/h4><\/div>\n            <\/div>\n            <div class=\"elementor-element elementor-element-537e113 elementor-widget elementor-widget-text-editor\" data-id=\"537e113\" data-element_type=\"widget\" data-widget_type=\"text-editor.default\">\n            <div class=\"elementor-widget-container\">\n                <div class=\"elementor-text-editor elementor-clearfix\"><ul><li>\u00c9poussetage<\/li><li>Captation des fum\u00e9es<\/li><li>Agriculture<\/li><li>Automobile<\/li><li>Alimentation et boissons<\/li><li>Transformation industrielle<\/li><li>M\u00e9tallurgie et usinage<\/li><li>Exploitation mini\u00e8re et traitement des minerais<\/li><\/ul><\/div>\n            <\/div>\n            <\/div>\n                    <\/div>\n                <\/div>\n        <\/div><\/div><\/div><\/section><\/div>\n\t\t\t\t\t\t<\/div>\n\t\t\t\t<\/div>\n\t\t\t\t\t<\/div>\n\t\t<\/div>\n\t\t\t\t\t<\/div>\n\t\t<\/section>\n\t\t\t\t<section class=\"elementor-section elementor-top-section elementor-element elementor-element-61bf6f8 about homeabout elementor-section-boxed elementor-section-height-default elementor-section-height-default\" data-id=\"61bf6f8\" data-element_type=\"section\" data-e-type=\"section\">\n\t\t\t\t\t\t<div class=\"elementor-container elementor-column-gap-default\">\n\t\t\t\t\t<main class=\"elementor-column elementor-col-100 elementor-top-column elementor-element elementor-element-6d8cb18\" data-id=\"6d8cb18\" data-element_type=\"column\" data-e-type=\"column\">\n\t\t\t<div class=\"elementor-widget-wrap elementor-element-populated\">\n\t\t\t\t\t\t<div class=\"elementor-element elementor-element-8ebedd5 elementor-widget elementor-widget-text-editor\" data-id=\"8ebedd5\" data-element_type=\"widget\" data-e-type=\"widget\" data-widget_type=\"text-editor.default\">\n\t\t\t\t<div class=\"elementor-widget-container\">\n\t\t\t\t\t\t\t\t\t<h1>\u00c0 propos de nous<br>Filtertech Inc. fabrique des filtres industriels d\u2019admission d\u2019air et de d\u00e9poussi\u00e9rage au Canada.<br>Nous fournissons aux OEM, aux revendeurs et aux utilisateurs finaux des solutions de rechange et personnalis\u00e9es fiables.<br data-start=\"331\" data-end=\"334\">Tous les produits sont fabriqu\u00e9s \u00e0 l\u2019interne, garantissant une qualit\u00e9, un ajustement et une performance constants.<br data-start=\"416\" data-end=\"419\">Nos clients comptent sur nous pour une communication claire, une imputabilit\u00e9 et un soutien \u00e0 long terme.<\/h1>\t\t\t\t\t\t\t\t<\/div>\n\t\t\t\t<\/div>\n\t\t\t\t<div class=\"elementor-element elementor-element-0597d42 elementor-widget elementor-widget-text-editor\" data-id=\"0597d42\" data-element_type=\"widget\" data-e-type=\"widget\" data-widget_type=\"text-editor.default\">\n\t\t\t\t<div class=\"elementor-widget-container\">\n\t\t\t\t\t\t\t\t\t<h1 style=\"text-align: center;\"><span data-mce-type=\"bookmark\" style=\"display: inline-block; width: 0px; overflow: hidden; line-height: 0;\" class=\"mce_SELRES_start\"><\/span><span style=\"color: #1d74a7;\"><b>T\u00e9l\u00e9chargez nos brochures<\/b><\/span>\n<span style=\"font-weight: normal; color: #1d74a7;\"><a style=\"color: #1d74a7; text-decoration: underline;\" href=\"https:\/\/filtertech.ca\/wp-content\/uploads\/2025\/11\/STRING-WOUND-How-to-order-guide-1.pdf\" target=\"_blank\" rel=\"noopener\">Filtration de processus<\/a> | <a style=\"color: #1d74a7; text-decoration: underline;\" href=\"https:\/\/filtertech.ca\/wp-content\/uploads\/2025\/11\/ALWAYS-IN-STOCK-Filter-Elements-for-Air-Compressor-and-Blower-Intake-Filters.pdf\" target=\"_blank\" rel=\"noopener\">Filtres d\u2019admission d\u2019air<\/a> | <a style=\"color: #1d74a7; text-decoration: underline;\" href=\"https:\/\/filtertech.ca\/wp-content\/uploads\/2025\/11\/Replacement-Elements-for-Hydrovac-Trucks.pdf\" target=\"_blank\" rel=\"noopener\">Filtres pour camions hydrovac<\/a><\/span><\/h1>\t\t\t\t\t\t\t\t<\/div>\n\t\t\t\t<\/div>\n\t\t\t\t\t<\/div>\n\t\t<\/main>\n\t\t\t\t\t<\/div>\n\t\t<\/section>\n\t\t\t\t<\/div>\n\t\t","protected":false},"excerpt":{"rendered":"<p>PRODUITS DE FABRICATION DE FILTRATION Nous proposons des filtres personnalis\u00e9s et de rechange avec des milliers de tailles et de combinaisons disponibles \u00c9tabli en 1987 | Fabriqu\u00e9 au Canada NOS CAT\u00c9GORIES \u00c0 propos de nousFiltertech Inc. fabrique des filtres industriels d\u2019admission d\u2019air et de d\u00e9poussi\u00e9rage au Canada.Nous fournissons aux OEM, aux revendeurs et aux utilisateurs [&hellip;]<\/p>\n","protected":false},"author":1,"featured_media":0,"parent":0,"menu_order":0,"comment_status":"closed","ping_status":"closed","template":"elementor_header_footer","meta":{"_acf_changed":false,"footnotes":""},"class_list":["post-46537","page","type-page","status-publish","hentry","entry"],"acf":[],"_links":{"self":[{"href":"https:\/\/filtertech.ca\/fr\/wp-json\/wp\/v2\/pages\/46537","targetHints":{"allow":["GET"]}}],"collection":[{"href":"https:\/\/filtertech.ca\/fr\/wp-json\/wp\/v2\/pages"}],"about":[{"href":"https:\/\/filtertech.ca\/fr\/wp-json\/wp\/v2\/types\/page"}],"author":[{"embeddable":true,"href":"https:\/\/filtertech.ca\/fr\/wp-json\/wp\/v2\/users\/1"}],"replies":[{"embeddable":true,"href":"https:\/\/filtertech.ca\/fr\/wp-json\/wp\/v2\/comments?post=46537"}],"version-history":[{"count":10,"href":"https:\/\/filtertech.ca\/fr\/wp-json\/wp\/v2\/pages\/46537\/revisions"}],"predecessor-version":[{"id":52638,"href":"https:\/\/filtertech.ca\/fr\/wp-json\/wp\/v2\/pages\/46537\/revisions\/52638"}],"wp:attachment":[{"href":"https:\/\/filtertech.ca\/fr\/wp-json\/wp\/v2\/media?parent=46537"}],"curies":[{"name":"wp","href":"https:\/\/api.w.org\/{rel}","templated":true}]}}